{"id":148,"date":"2020-04-22T20:02:45","date_gmt":"2020-04-22T18:02:45","guid":{"rendered":"http:\/\/serwer1601727.home.pl\/autoinstalator\/wordpressplugins1\/?page_id=148"},"modified":"2020-04-22T20:09:18","modified_gmt":"2020-04-22T18:09:18","slug":"statut","status":"publish","type":"page","link":"https:\/\/www.stowarzyszeniekanonistow.pl\/index.php\/statut\/","title":{"rendered":"Statut"},"content":{"rendered":"\t\t<div data-elementor-type=\"wp-page\" data-elementor-id=\"148\" class=\"elementor elementor-148\" data-elementor-post-type=\"page\">\n\t\t\t\t\t\t<section class=\"elementor-section elementor-top-section elementor-element elementor-element-1af94a4 elementor-section-boxed elementor-section-height-default elementor-section-height-default\" data-id=\"1af94a4\" data-element_type=\"section\" data-settings=\"{&quot;_ha_eqh_enable&quot;:false}\">\n\t\t\t\t\t\t<div class=\"elementor-container elementor-column-gap-default\">\n\t\t\t\t\t<div class=\"elementor-column elementor-col-100 elementor-top-column elementor-element elementor-element-704a737\" data-id=\"704a737\" data-element_type=\"column\">\n\t\t\t<div class=\"elementor-widget-wrap elementor-element-populated\">\n\t\t\t\t\t\t<div class=\"elementor-element elementor-element-312a735 elementor-widget elementor-widget-text-editor\" data-id=\"312a735\" data-element_type=\"widget\" data-widget_type=\"text-editor.default\">\n\t\t\t\t<div class=\"elementor-widget-container\">\n\t\t\t\t\t\t\t<p style=\"text-align: center;\">Art. 1.<\/p><p>Stowarzyszenie nosi nazw\u0119 Stowarzyszenie Kanonist\u00f3w Polskich.<\/p><p style=\"text-align: center;\">Art. 2.<\/p><p>Stowarzyszenie Kanonist\u00f3w Polskich, nazywane dalej Stowarzyszeniem, prowadzi swoj\u0105 dzia\u0142alno\u015b\u0107 na terenie ca\u0142ego kraju.<\/p><p style=\"text-align: center;\">Art. 3.<\/p><p>Stowarzyszenie posiada swoj\u0105 siedzib\u0119 w Lublinie, al. Rac\u0142awickie 14.<\/p><p style=\"text-align: center;\">Art. 4.<\/p><p>\u00a7 1. Celem Stowarzyszenia jest rozw\u00f3j i upowszechnianie nauki prawa kanonicznego w Polsce. Cel ten jest realizowany w zale\u017cno\u015bci od Konferencji Episkopatu Polski.<\/p><p>\u00a7 2. Cel ten jest osi\u0105gany przez:<\/p><p>a)\u00a0\u00a0\u00a0\u00a0\u00a0 wspieranie kontakt\u00f3w mi\u0119dzy kanonistami i innymi pracownikami instytucji ko\u015bcielnych,<br \/>b)\u00a0\u00a0\u00a0\u00a0\u00a0 organizowanie sympozj\u00f3w i innych form pog\u0142\u0119biania wiedzy przez kanonist\u00f3w i pracownik\u00f3w instytucji ko\u015bcielnych,<br \/>c)\u00a0\u00a0\u00a0\u00a0\u00a0 wydawanie biuletynu i innych publikacji,<br \/>d)\u00a0\u00a0\u00a0\u00a0 wsp\u00f3\u0142prace ze stowarzyszeniami kanonist\u00f3w w innych krajach,<br \/>e)\u00a0\u00a0\u00a0\u00a0\u00a0 wsp\u00f3\u0142prac\u0119 z instytucjami naukowymi i ko\u015bcielnymi.<\/p><p style=\"text-align: center;\">Art. 5.<\/p><p>Stowarzyszenie sk\u0142ada si\u0119 z cz\u0142onk\u00f3w zwyczajnych i honorowych.<\/p><p style=\"text-align: center;\">Art. 6.<\/p><p>\u00a7 1. Cz\u0142onkami zwyczajnymi Stowarzyszenia mog\u0105 by\u0107 osoby, kt\u00f3re uko\u0144czy\u0142y studia prawa kanonicznego lub interesuj\u0105 si\u0119 prawem kanonicznym z racji wykonywanych zada\u0144.<br \/>\u00a7 2 Wniosek o przyj\u0119cie do Stowarzyszenia winien by\u0107 zg\u0142oszony do Zarz\u0105du. Zarz\u0105d decyduje o przyj\u0119ciu cz\u0142onk\u00f3w do Stowarzyszenia.<br \/>\u00a7 3. Cz\u0142onkowie zwyczajni s\u0105 zobowi\u0105zani do p\u0142acenia sk\u0142adek w wysoko\u015bci ustalonej na Walnym Zebraniu.<br \/>\u00a7 4. Cz\u0142onek zwyczajny Stowarzyszenia nie uiszczaj\u0105cy sk\u0142adek przez dwa kolejne lata lub dzia\u0142aj\u0105cy na szkod\u0119 Stowarzyszenia mo\u017ce by\u0107 przez Zarz\u0105d pozbawiony cz\u0142onkostwa.<\/p><p style=\"text-align: center;\">Art. 7.<\/p><p>Cz\u0142onk\u00f3w honorowych powo\u0142uje Walne Zebranie na wniosek Zarz\u0105du.<\/p><p style=\"text-align: center;\">Art. 8.<\/p><p>Organami Stowarzyszenia s\u0105 Walne Zebranie, Zarz\u0105d i Komisja Rewizyjna.<\/p><p style=\"text-align: center;\">Art. 9.<\/p><p>Walne Zebranie, kt\u00f3re stanowi\u0105 cz\u0142onkowie zwyczajni Stowarzyszenia, odbywa si\u0119 raz w roku. W razie potrzeby mo\u017ce by\u0107 zwo\u0142ane cz\u0119\u015bciej.<\/p><p style=\"text-align: center;\">Art. 10.<\/p><p>Czas i miejsce Walnego Zebrania wyznacza Zarz\u0105d po konsultacji z cz\u0142onkami Stowarzyszenia, przeprowadzonej podczas poprzedniego Wlanego Zebrania. Zarz\u0105d przygotowuje te\u017c program zebrania.<\/p><p style=\"text-align: center;\">Art. 11.<\/p><p>Walne Zebranie odbywa si\u0119 podczas dorocznej sesji Stowarzyszenia.<\/p><p style=\"text-align: center;\">Art. 12.<\/p><p>Walne Zebranie powinno by\u0107 zwo\u0142ane przez Zarz\u0105d przynajmniej na miesi\u0105c przed planowanym terminem.<\/p><p style=\"text-align: center;\">Art. 13.<\/p><p>Biskup tej diecezji, na kt\u00f3rej terenie odbywa si\u0119 Walne Zebranie, jest honorowym przewodnicz\u0105cym.<\/p><p style=\"text-align: center;\">Art. 14.<\/p><p>\u00a7 1. Walne Zebranie uchwala bud\u017cet na nast\u0119pny rok, przyjmuj\u0105c sprawozdanie z dzia\u0142alno\u015bci Zarz\u0105du i wykonania bud\u017cetu wi\u0119kszo\u015bci\u0105 g\u0142os\u00f3w, stosowanie do kan. 199 n. 2 Kodeksu Prawa Kanonicznego.<br \/>\u00a7 2. Rok dzia\u0142alno\u015bci Stowarzyszenia ko\u0144czy si\u0119 31 sierpnia ka\u017cdego roku.<\/p><p style=\"text-align: center;\">Art. 15.<\/p><p>Zarz\u0105d Stowarzyszenia wybierany jest na trzy lata przez Walne Zebranie, w g\u0142osowaniu tajnym, zwyk\u0142\u0105 wi\u0119kszo\u015bci\u0105 g\u0142os\u00f3w.<\/p><p style=\"text-align: center;\">Art. 16.<\/p><p>\u00a7 1. Zarz\u0105d Stowarzyszenia sk\u0142ada si\u0119 z: prezesa, wiceprezesa, sekretarza-skarbnika i dw\u00f3ch cz\u0142onk\u00f3w.<br \/>\u00a7 2. Cz\u0142onkami Zarz\u0105du mog\u0105 by\u0107 osoby posiadaj\u0105ce przynajmniej stopie\u0144 doktora prawa kanonicznego.<\/p><p style=\"text-align: center;\">Art. 17.<\/p><p>\u00a7 1. Zarz\u0105d kieruje sprawami Stowarzyszenia zgodnie ze Statutem.<br \/>\u00a7 2. Zarz\u0105d podejmuje decyzje zgodnie z kan. 119 n. 1-2 KPK.<br \/>\u00a7 3. Prezes kieruje obradami Zarz\u0105du Stowarzyszenia, czuwa nad wykonaniem uchwa\u0142 Walnego Zebrania i Zarz\u0105du, reprezentuje Stowarzyszenie na zewn\u0105trz oraz podejmuje w jego imieniu zobowi\u0105zania maj\u0105tkowe.<\/p><p style=\"text-align: center;\">Art. 18.<\/p><p>\u00a7 1. W razie \u015bmierci lub rezygnacji prezesa przed\u0142o\u017conej Zarz\u0105dowi, jego obowi\u0105zki pe\u0142ni wiceprezes, do najbli\u017cszego Walnego Zebrania.<br \/>\u00a7 2. W razie \u015bmierci wiceprezesa lub sekretarza-skarbnika, prezes powierza ich czynno\u015bci innym cz\u0142onkom Zarz\u0105du. Osoba wyznaczona przez prezesa pe\u0142ni swoje obowi\u0105zki do najbli\u017cszego Walnego Zebrania.<\/p><p>Art. 19.<\/p><p>Zadaniem sekretarza-skarbnika jest:<br \/>a)\u00a0\u00a0\u00a0\u00a0\u00a0 troska o to, aby cz\u0142onkowie Stowarzyszenia byli powiadamiani o uchwa\u0142ach Walnego Zebrania i postanowieniach Zarz\u0105du,<br \/>b)\u00a0\u00a0\u00a0\u00a0\u00a0 prowadzenie aktualnej listy nazwisk i adres\u00f3w cz\u0142onk\u00f3w Stowarzyszenia,<br \/>c)\u00a0\u00a0\u00a0\u00a0\u00a0 przyjmowanie rocznych sk\u0142adek od cz\u0142onk\u00f3w Stowarzyszenia oraz innych wp\u0142yw\u00f3w,<br \/>d)\u00a0\u00a0\u00a0\u00a0 prowadzenie dokumentacji dzia\u0142alno\u015bci Stowarzyszenia, a tak\u017ce wydatk\u00f3w i wp\u0142yw\u00f3w.<\/p><p style=\"text-align: center;\">Art. 20.<\/p><p>Stowarzyszenie wydaje biuletyn dla swoich cz\u0142onk\u00f3w, zawieraj\u0105cy informacje dotycz\u0105ce dzia\u0142alno\u015bci Stowarzyszenia oraz nowych akt\u00f3w normatywnych i orzecze\u0144 trybuna\u0142\u00f3w ko\u015bcielnych. Redaktor\u00f3w biuletynu powo\u0142uje Zarz\u0105d.<\/p><p style=\"text-align: center;\">Art. 21.<\/p><p>Zarz\u0105d mo\u017ce powo\u0142a\u0107 komisje, ilekro\u0107 wyda si\u0119 to po\u017cyteczne dla realizacji cel\u00f3w Stowarzyszenia.<\/p><p style=\"text-align: center;\">Art. 22.<\/p><p>Dzia\u0142alno\u015b\u0107 Zarz\u0105du ocenia Komisja Rewizyjna sk\u0142adaj\u0105ca si\u0119 z trzech cz\u0142onk\u00f3w, wybieranych na 3 lata przez Walne Zebranie. Komisja ocenia czy dzia\u0142alno\u015b\u0107 Zarz\u0105du jest zgodna ze statutem.<\/p><p style=\"text-align: center;\">Art. 23.<\/p><p>\u00a7 1. Stowarzyszenie posiada w\u0142asny maj\u0105tek pochodz\u0105cy ze sk\u0142adek cz\u0142onk\u00f3w oraz dotacji, ofiar i zapis\u00f3w ze strony os\u00f3b fizycznych i prawnych.<br \/>\u00a7 2. Decyzj\u0119 o rozwi\u0105zaniu Stowarzyszenia podejmuje Walne Zebranie przy obecno\u015bci przynajmniej po\u0142owy cz\u0142onk\u00f3w, wi\u0119kszo\u015bci\u0105 dw\u00f3ch trzecich g\u0142os\u00f3w.<br \/>\u00a7 3. W razie rozwi\u0105zania Stowarzyszenia jego maj\u0105tek przechodzi na rzecz Konferencji Episkopatu Polski.<\/p><p style=\"text-align: center;\">Art. 24.<\/p><p>Statut Stowarzyszenia mo\u017ce by\u0107 zmieniony w ca\u0142o\u015bci lub w cz\u0119\u015bci przez Walne Zebranie wi\u0119kszo\u015bci\u0105 dw\u00f3ch trzecich g\u0142os\u00f3w.<\/p><p style=\"text-align: center;\">Art. 25.<\/p><p>Ka\u017cdy cz\u0142onek Stowarzyszenia ma prawo zg\u0142asza\u0107 sekretarzowi-skarbnikowi poprawki do statutu, przynajmniej trzy miesi\u0105ce przed Walnym Zebraniem.<\/p><p>Powy\u017cszy statut zosta\u0142 uchwalony na posiedzeniu Komitetu Za\u0142o\u017cycielskiego w Lublinie, dnia 12 listopada 1990 r.<\/p>\t\t\t\t\t\t<\/div>\n\t\t\t\t<\/div>\n\t\t\t\t\t<\/div>\n\t\t<\/div>\n\t\t\t\t\t<\/div>\n\t\t<\/section>\n\t\t\t\t<\/div>\n\t\t","protected":false},"excerpt":{"rendered":"<p>Art. 1. Stowarzyszenie nosi nazw\u0119 Stowarzyszenie Kanonist\u00f3w Polskich. Art. 2. Stowarzyszenie Kanonist\u00f3w Polskich, nazywane dalej Stowarzyszeniem, prowadzi swoj\u0105 dzia\u0142alno\u015b\u0107 na terenie ca\u0142ego kraju. Art. 3. Stowarzyszenie posiada swoj\u0105 siedzib\u0119 w Lublinie, al. Rac\u0142awickie 14. Art. 4. \u00a7 1. Celem Stowarzyszenia jest rozw\u00f3j i upowszechnianie nauki prawa kanonicznego w Polsce. Cel ten jest realizowany w zale\u017cno\u015bci od Konferencji Episkopatu\u2026 <span class=\"read-more\"><a href=\"https:\/\/www.stowarzyszeniekanonistow.pl\/index.php\/statut\/\">Read More &raquo;<\/a><\/span><\/p>\n","protected":false},"author":1,"featured_media":0,"parent":0,"menu_order":0,"comment_status":"closed","ping_status":"closed","template":"","meta":{"footnotes":""},"class_list":["post-148","page","type-page","status-publish","hentry"],"yoast_head":"<!-- This site is optimized with the Yoast SEO plugin v23.4 - https:\/\/yoast.com\/wordpress\/plugins\/seo\/ -->\n<title>Statut - Stowarzyszenie Kanonist\u00f3w Polskich<\/title>\n<meta name=\"robots\" content=\"index, follow, max-snippet:-1, max-image-preview:large, max-video-preview:-1\" \/>\n<link rel=\"canonical\" href=\"https:\/\/www.stowarzyszeniekanonistow.pl\/index.php\/statut\/\" \/>\n<meta property=\"og:locale\" content=\"pl_PL\" \/>\n<meta property=\"og:type\" content=\"article\" \/>\n<meta property=\"og:title\" content=\"Statut - Stowarzyszenie Kanonist\u00f3w Polskich\" \/>\n<meta property=\"og:description\" content=\"Art. 1. Stowarzyszenie nosi nazw\u0119 Stowarzyszenie Kanonist\u00f3w Polskich. Art. 2. Stowarzyszenie Kanonist\u00f3w Polskich, nazywane dalej Stowarzyszeniem, prowadzi swoj\u0105 dzia\u0142alno\u015b\u0107 na terenie ca\u0142ego kraju. Art. 3. Stowarzyszenie posiada swoj\u0105 siedzib\u0119 w Lublinie, al. Rac\u0142awickie 14. Art. 4. \u00a7 1. Celem Stowarzyszenia jest rozw\u00f3j i upowszechnianie nauki prawa kanonicznego w Polsce. Cel ten jest realizowany w zale\u017cno\u015bci od Konferencji Episkopatu\u2026 Read More &raquo;\" \/>\n<meta property=\"og:url\" content=\"https:\/\/www.stowarzyszeniekanonistow.pl\/index.php\/statut\/\" \/>\n<meta property=\"og:site_name\" content=\"Stowarzyszenie Kanonist\u00f3w Polskich\" \/>\n<meta property=\"article:modified_time\" content=\"2020-04-22T18:09:18+00:00\" \/>\n<meta name=\"twitter:card\" content=\"summary_large_image\" \/>\n<meta name=\"twitter:label1\" content=\"Szacowany czas czytania\" \/>\n\t<meta name=\"twitter:data1\" content=\"4 minuty\" \/>\n<script type=\"application\/ld+json\" class=\"yoast-schema-graph\">{\"@context\":\"https:\/\/schema.org\",\"@graph\":[{\"@type\":\"WebPage\",\"@id\":\"https:\/\/www.stowarzyszeniekanonistow.pl\/index.php\/statut\/\",\"url\":\"https:\/\/www.stowarzyszeniekanonistow.pl\/index.php\/statut\/\",\"name\":\"Statut - Stowarzyszenie Kanonist\u00f3w Polskich\",\"isPartOf\":{\"@id\":\"https:\/\/www.stowarzyszeniekanonistow.pl\/#website\"},\"datePublished\":\"2020-04-22T18:02:45+00:00\",\"dateModified\":\"2020-04-22T18:09:18+00:00\",\"breadcrumb\":{\"@id\":\"https:\/\/www.stowarzyszeniekanonistow.pl\/index.php\/statut\/#breadcrumb\"},\"inLanguage\":\"pl-PL\",\"potentialAction\":[{\"@type\":\"ReadAction\",\"target\":[\"https:\/\/www.stowarzyszeniekanonistow.pl\/index.php\/statut\/\"]}]},{\"@type\":\"BreadcrumbList\",\"@id\":\"https:\/\/www.stowarzyszeniekanonistow.pl\/index.php\/statut\/#breadcrumb\",\"itemListElement\":[{\"@type\":\"ListItem\",\"position\":1,\"name\":\"Strona g\u0142\u00f3wna\",\"item\":\"https:\/\/www.stowarzyszeniekanonistow.pl\/\"},{\"@type\":\"ListItem\",\"position\":2,\"name\":\"Statut\"}]},{\"@type\":\"WebSite\",\"@id\":\"https:\/\/www.stowarzyszeniekanonistow.pl\/#website\",\"url\":\"https:\/\/www.stowarzyszeniekanonistow.pl\/\",\"name\":\"Stowarzyszenie Kanonist\u00f3w Polskich\",\"description\":\"\",\"publisher\":{\"@id\":\"https:\/\/www.stowarzyszeniekanonistow.pl\/#organization\"},\"potentialAction\":[{\"@type\":\"SearchAction\",\"target\":{\"@type\":\"EntryPoint\",\"urlTemplate\":\"https:\/\/www.stowarzyszeniekanonistow.pl\/?s={search_term_string}\"},\"query-input\":{\"@type\":\"PropertyValueSpecification\",\"valueRequired\":true,\"valueName\":\"search_term_string\"}}],\"inLanguage\":\"pl-PL\"},{\"@type\":\"Organization\",\"@id\":\"https:\/\/www.stowarzyszeniekanonistow.pl\/#organization\",\"name\":\"Stowarzyszenie Kanonist\u00f3w Polskich\",\"url\":\"https:\/\/www.stowarzyszeniekanonistow.pl\/\",\"logo\":{\"@type\":\"ImageObject\",\"inLanguage\":\"pl-PL\",\"@id\":\"https:\/\/www.stowarzyszeniekanonistow.pl\/#\/schema\/logo\/image\/\",\"url\":\"http:\/\/www.stowarzyszeniekanonistow.pl\/wp-content\/uploads\/2020\/04\/SKP_logo.gif\",\"contentUrl\":\"http:\/\/www.stowarzyszeniekanonistow.pl\/wp-content\/uploads\/2020\/04\/SKP_logo.gif\",\"width\":560,\"height\":548,\"caption\":\"Stowarzyszenie Kanonist\u00f3w Polskich\"},\"image\":{\"@id\":\"https:\/\/www.stowarzyszeniekanonistow.pl\/#\/schema\/logo\/image\/\"}}]}<\/script>\n<!-- \/ Yoast SEO plugin. -->","yoast_head_json":{"title":"Statut - Stowarzyszenie Kanonist\u00f3w Polskich","robots":{"index":"index","follow":"follow","max-snippet":"max-snippet:-1","max-image-preview":"max-image-preview:large","max-video-preview":"max-video-preview:-1"},"canonical":"https:\/\/www.stowarzyszeniekanonistow.pl\/index.php\/statut\/","og_locale":"pl_PL","og_type":"article","og_title":"Statut - Stowarzyszenie Kanonist\u00f3w Polskich","og_description":"Art. 1. Stowarzyszenie nosi nazw\u0119 Stowarzyszenie Kanonist\u00f3w Polskich. Art. 2. Stowarzyszenie Kanonist\u00f3w Polskich, nazywane dalej Stowarzyszeniem, prowadzi swoj\u0105 dzia\u0142alno\u015b\u0107 na terenie ca\u0142ego kraju. Art. 3. Stowarzyszenie posiada swoj\u0105 siedzib\u0119 w Lublinie, al. Rac\u0142awickie 14. Art. 4. \u00a7 1. Celem Stowarzyszenia jest rozw\u00f3j i upowszechnianie nauki prawa kanonicznego w Polsce. Cel ten jest realizowany w zale\u017cno\u015bci od Konferencji Episkopatu\u2026 Read More &raquo;","og_url":"https:\/\/www.stowarzyszeniekanonistow.pl\/index.php\/statut\/","og_site_name":"Stowarzyszenie Kanonist\u00f3w Polskich","article_modified_time":"2020-04-22T18:09:18+00:00","twitter_card":"summary_large_image","twitter_misc":{"Szacowany czas czytania":"4 minuty"},"schema":{"@context":"https:\/\/schema.org","@graph":[{"@type":"WebPage","@id":"https:\/\/www.stowarzyszeniekanonistow.pl\/index.php\/statut\/","url":"https:\/\/www.stowarzyszeniekanonistow.pl\/index.php\/statut\/","name":"Statut - Stowarzyszenie Kanonist\u00f3w Polskich","isPartOf":{"@id":"https:\/\/www.stowarzyszeniekanonistow.pl\/#website"},"datePublished":"2020-04-22T18:02:45+00:00","dateModified":"2020-04-22T18:09:18+00:00","breadcrumb":{"@id":"https:\/\/www.stowarzyszeniekanonistow.pl\/index.php\/statut\/#breadcrumb"},"inLanguage":"pl-PL","potentialAction":[{"@type":"ReadAction","target":["https:\/\/www.stowarzyszeniekanonistow.pl\/index.php\/statut\/"]}]},{"@type":"BreadcrumbList","@id":"https:\/\/www.stowarzyszeniekanonistow.pl\/index.php\/statut\/#breadcrumb","itemListElement":[{"@type":"ListItem","position":1,"name":"Strona g\u0142\u00f3wna","item":"https:\/\/www.stowarzyszeniekanonistow.pl\/"},{"@type":"ListItem","position":2,"name":"Statut"}]},{"@type":"WebSite","@id":"https:\/\/www.stowarzyszeniekanonistow.pl\/#website","url":"https:\/\/www.stowarzyszeniekanonistow.pl\/","name":"Stowarzyszenie Kanonist\u00f3w Polskich","description":"","publisher":{"@id":"https:\/\/www.stowarzyszeniekanonistow.pl\/#organization"},"potentialAction":[{"@type":"SearchAction","target":{"@type":"EntryPoint","urlTemplate":"https:\/\/www.stowarzyszeniekanonistow.pl\/?s={search_term_string}"},"query-input":{"@type":"PropertyValueSpecification","valueRequired":true,"valueName":"search_term_string"}}],"inLanguage":"pl-PL"},{"@type":"Organization","@id":"https:\/\/www.stowarzyszeniekanonistow.pl\/#organization","name":"Stowarzyszenie Kanonist\u00f3w Polskich","url":"https:\/\/www.stowarzyszeniekanonistow.pl\/","logo":{"@type":"ImageObject","inLanguage":"pl-PL","@id":"https:\/\/www.stowarzyszeniekanonistow.pl\/#\/schema\/logo\/image\/","url":"http:\/\/www.stowarzyszeniekanonistow.pl\/wp-content\/uploads\/2020\/04\/SKP_logo.gif","contentUrl":"http:\/\/www.stowarzyszeniekanonistow.pl\/wp-content\/uploads\/2020\/04\/SKP_logo.gif","width":560,"height":548,"caption":"Stowarzyszenie Kanonist\u00f3w Polskich"},"image":{"@id":"https:\/\/www.stowarzyszeniekanonistow.pl\/#\/schema\/logo\/image\/"}}]}},"_links":{"self":[{"href":"https:\/\/www.stowarzyszeniekanonistow.pl\/index.php\/wp-json\/wp\/v2\/pages\/148"}],"collection":[{"href":"https:\/\/www.stowarzyszeniekanonistow.pl\/index.php\/wp-json\/wp\/v2\/pages"}],"about":[{"href":"https:\/\/www.stowarzyszeniekanonistow.pl\/index.php\/wp-json\/wp\/v2\/types\/page"}],"author":[{"embeddable":true,"href":"https:\/\/www.stowarzyszeniekanonistow.pl\/index.php\/wp-json\/wp\/v2\/users\/1"}],"replies":[{"embeddable":true,"href":"https:\/\/www.stowarzyszeniekanonistow.pl\/index.php\/wp-json\/wp\/v2\/comments?post=148"}],"version-history":[{"count":2,"href":"https:\/\/www.stowarzyszeniekanonistow.pl\/index.php\/wp-json\/wp\/v2\/pages\/148\/revisions"}],"predecessor-version":[{"id":150,"href":"https:\/\/www.stowarzyszeniekanonistow.pl\/index.php\/wp-json\/wp\/v2\/pages\/148\/revisions\/150"}],"wp:attachment":[{"href":"https:\/\/www.stowarzyszeniekanonistow.pl\/index.php\/wp-json\/wp\/v2\/media?parent=148"}],"curies":[{"name":"wp","href":"https:\/\/api.w.org\/{rel}","templated":true}]}}