{"id":205,"date":"2020-04-26T20:16:29","date_gmt":"2020-04-26T18:16:29","guid":{"rendered":"http:\/\/serwer1601727.home.pl\/autoinstalator\/wordpressplugins1\/?page_id=205"},"modified":"2025-10-07T08:49:41","modified_gmt":"2025-10-07T06:49:41","slug":"kontakt","status":"publish","type":"page","link":"https:\/\/www.stowarzyszeniekanonistow.pl\/index.php\/kontakt\/","title":{"rendered":"Kontakt"},"content":{"rendered":"\t\t<div data-elementor-type=\"wp-page\" data-elementor-id=\"205\" class=\"elementor elementor-205\" data-elementor-post-type=\"page\">\n\t\t\t\t\t\t<section class=\"elementor-section elementor-top-section elementor-element elementor-element-3ecab4a elementor-section-boxed elementor-section-height-default elementor-section-height-default\" data-id=\"3ecab4a\" data-element_type=\"section\" data-settings=\"{&quot;_ha_eqh_enable&quot;:false}\">\n\t\t\t\t\t\t<div class=\"elementor-container elementor-column-gap-default\">\n\t\t\t\t\t<div class=\"elementor-column elementor-col-100 elementor-top-column elementor-element elementor-element-d811135\" data-id=\"d811135\" data-element_type=\"column\">\n\t\t\t<div class=\"elementor-widget-wrap elementor-element-populated\">\n\t\t\t\t\t\t<div class=\"elementor-element elementor-element-ea646e0 elementor-widget-divider--view-line elementor-widget elementor-widget-divider\" data-id=\"ea646e0\" data-element_type=\"widget\" data-widget_type=\"divider.default\">\n\t\t\t\t<div class=\"elementor-widget-container\">\n\t\t\t\t\t<div class=\"elementor-divider\">\n\t\t\t<span class=\"elementor-divider-separator\">\n\t\t\t\t\t\t<\/span>\n\t\t<\/div>\n\t\t\t\t<\/div>\n\t\t\t\t<\/div>\n\t\t\t\t\t<\/div>\n\t\t<\/div>\n\t\t\t\t\t<\/div>\n\t\t<\/section>\n\t\t\t\t<section class=\"elementor-section elementor-top-section elementor-element elementor-element-b861895 elementor-section-boxed elementor-section-height-default elementor-section-height-default\" data-id=\"b861895\" data-element_type=\"section\" data-settings=\"{&quot;_ha_eqh_enable&quot;:false}\">\n\t\t\t\t\t\t<div class=\"elementor-container elementor-column-gap-default\">\n\t\t\t\t\t<div class=\"elementor-column elementor-col-100 elementor-top-column elementor-element elementor-element-d6868e4\" data-id=\"d6868e4\" data-element_type=\"column\">\n\t\t\t<div class=\"elementor-widget-wrap elementor-element-populated\">\n\t\t\t\t\t\t<div class=\"elementor-element elementor-element-1344885 elementor-widget elementor-widget-text-editor\" data-id=\"1344885\" data-element_type=\"widget\" data-widget_type=\"text-editor.default\">\n\t\t\t\t<div class=\"elementor-widget-container\">\n\t\t\t\t\t\t\t<div><p style=\"text-align: center;\"><span style=\"color: #000000;\"><b>ADRES:<\/b><\/span><\/p><p style=\"text-align: center;\"><span style=\"color: #000080;\"><strong>Stowarzyszenie Kanonist\u00f3w Polskich<\/strong><\/span><\/p><p style=\"text-align: center;\"><span style=\"color: #000080;\"><strong>Al. Rac\u0142awickie 14, C-742, 20-<span style=\"font-size: 14px;\">950 Lublin<\/span><\/strong><\/span><\/p><p style=\"text-align: center;\"><span style=\"color: #000080;\"><strong>tel.\/fax 81\u00a0445-37-42<\/strong><\/span><\/p><p style=\"text-align: center;\"><span style=\"color: #000080;\"><strong>e-mail: kkpp@kul.pl<\/strong><\/span><\/p><p><span style=\"color: #000000;\"><b><i>INFORMACJE<\/i><\/b><\/span><\/p><ol><li><span style=\"color: #000000;\">Osoby, kt\u00f3re chc\u0105 nale\u017ce\u0107 do Stowarzyszenia Kano\u00adnist\u00f3w Polskich, proszone s\u0105 o nades\u0142anie deklara\u00adcji w sprawie przyj\u0119cia do Stowarzyszenia (\u2192 zob.\u00a0<a style=\"background-color: #ffffff; text-align: justify;\" href=\"http:\/\/serwer1601727.home.pl\/autoinstalator\/wordpressplugins1\/wp-content\/uploads\/2020\/04\/DEKLARACJA_CZLONKOWSKA.pdf\" target=\"_blank\" rel=\"noopener\">Deklaracja cz\u0142onkowska<\/a>) na adres:\u00a0<strong>Stowarzyszenie Kanonist\u00f3w Polskich, Al. Rac\u0142awickie 14, C-742, 20-950 Lublin.<\/strong><\/span><\/li><li><span style=\"color: #000000; font-size: 0.875rem;\">Zwracamy si\u0119 z uprzejm\u0105 pro\u015bb\u0105 do Cz\u0142onk\u00f3w Stowarzyszenia o nadsy\u0142anie informacji o zmianach dotycz\u0105cych danych personalnych i adresu zamieszkania.<\/span><\/li><li><span style=\"color: #000000;\">Sk\u0142adka roczna Cz\u0142onk\u00f3w Stowarzyszenia <\/span><span style=\"color: #000000;\">wynosi:<\/span><\/li><\/ol><ul><li><span style=\"color: #000000;\">normalna sk\u0142adka cz\u0142onkowska &#8211; 200 z\u0142.<\/span><\/li><li><span style=\"color: #000000;\">sk\u0142adka ulgowa dla si\u00f3str zakonnych &#8211; 100 z\u0142.<\/span><\/li><\/ul><p style=\"padding-left: 40px;\"><span style=\"color: #000000;\">Sk\u0142adk\u0119 prosimy wp\u0142aca\u0107 na nast\u0119puj\u0105ce konto:<\/span><\/p><p style=\"padding-left: 40px;\"><span style=\"color: #000000;\"><strong>Bank PEKAO S. A. III\/o Lublin,<br \/>02 1240 2382 1111 0000 3894 3364<\/strong><\/span><\/p><p style=\"padding-left: 40px;\"><span style=\"color: #000000;\">4.\u00a0 Zgodnie z uchwa\u0142\u0105 Walnego Zebrania Stowarzyszenia Kanonist\u00f3w Polskich z dnia 4 wrze\u015bnia 2007 r. <b>O<\/b><\/span><strong><span style=\"color: #000000;\">soby, kt\u00f3re nie uregulowa\u0142y sk\u0142adki cz\u0142onkowskiej w ci\u0105gu ostatnich pi\u0119ciu lat, zostan\u0105 skre\u015blone z listy cz\u0142onk\u00f3w Stowarzyszenia<\/span>.<\/strong><\/p><\/div>\t\t\t\t\t\t<\/div>\n\t\t\t\t<\/div>\n\t\t\t\t<div class=\"elementor-element elementor-element-1ba45ed elementor-widget-divider--view-line elementor-widget elementor-widget-divider\" data-id=\"1ba45ed\" data-element_type=\"widget\" data-widget_type=\"divider.default\">\n\t\t\t\t<div class=\"elementor-widget-container\">\n\t\t\t\t\t<div class=\"elementor-divider\">\n\t\t\t<span class=\"elementor-divider-separator\">\n\t\t\t\t\t\t<\/span>\n\t\t<\/div>\n\t\t\t\t<\/div>\n\t\t\t\t<\/div>\n\t\t\t\t\t<\/div>\n\t\t<\/div>\n\t\t\t\t\t<\/div>\n\t\t<\/section>\n\t\t\t\t<\/div>\n\t\t","protected":false},"excerpt":{"rendered":"<p>ADRES: Stowarzyszenie Kanonist\u00f3w Polskich Al. Rac\u0142awickie 14, C-742, 20-950 Lublin tel.\/fax 81\u00a0445-37-42 e-mail: kkpp@kul.pl INFORMACJE Osoby, kt\u00f3re chc\u0105 nale\u017ce\u0107 do Stowarzyszenia Kano\u00adnist\u00f3w Polskich, proszone s\u0105 o nades\u0142anie deklara\u00adcji w sprawie przyj\u0119cia do Stowarzyszenia (\u2192 zob.\u00a0Deklaracja cz\u0142onkowska) na adres:\u00a0Stowarzyszenie Kanonist\u00f3w Polskich, Al. Rac\u0142awickie 14, C-742, 20-950 Lublin. Zwracamy si\u0119 z uprzejm\u0105 pro\u015bb\u0105 do Cz\u0142onk\u00f3w Stowarzyszenia o nadsy\u0142anie informacji o\u2026 <span class=\"read-more\"><a href=\"https:\/\/www.stowarzyszeniekanonistow.pl\/index.php\/kontakt\/\">Read More &raquo;<\/a><\/span><\/p>\n","protected":false},"author":1,"featured_media":0,"parent":0,"menu_order":0,"comment_status":"closed","ping_status":"closed","template":"","meta":{"footnotes":""},"class_list":["post-205","page","type-page","status-publish","hentry"],"yoast_head":"<!-- This site is optimized with the Yoast SEO plugin v23.4 - https:\/\/yoast.com\/wordpress\/plugins\/seo\/ -->\n<title>Kontakt - Stowarzyszenie Kanonist\u00f3w Polskich<\/title>\n<meta name=\"robots\" content=\"index, follow, max-snippet:-1, max-image-preview:large, max-video-preview:-1\" \/>\n<link rel=\"canonical\" href=\"https:\/\/www.stowarzyszeniekanonistow.pl\/index.php\/kontakt\/\" \/>\n<meta property=\"og:locale\" content=\"pl_PL\" \/>\n<meta property=\"og:type\" content=\"article\" \/>\n<meta property=\"og:title\" content=\"Kontakt - Stowarzyszenie Kanonist\u00f3w Polskich\" \/>\n<meta property=\"og:description\" content=\"ADRES: Stowarzyszenie Kanonist\u00f3w Polskich Al. Rac\u0142awickie 14, C-742, 20-950 Lublin tel.\/fax 81\u00a0445-37-42 e-mail: kkpp@kul.pl INFORMACJE Osoby, kt\u00f3re chc\u0105 nale\u017ce\u0107 do Stowarzyszenia Kano\u00adnist\u00f3w Polskich, proszone s\u0105 o nades\u0142anie deklara\u00adcji w sprawie przyj\u0119cia do Stowarzyszenia (\u2192 zob.\u00a0Deklaracja cz\u0142onkowska) na adres:\u00a0Stowarzyszenie Kanonist\u00f3w Polskich, Al. Rac\u0142awickie 14, C-742, 20-950 Lublin. Zwracamy si\u0119 z uprzejm\u0105 pro\u015bb\u0105 do Cz\u0142onk\u00f3w Stowarzyszenia o nadsy\u0142anie informacji o\u2026 Read More &raquo;\" \/>\n<meta property=\"og:url\" content=\"https:\/\/www.stowarzyszeniekanonistow.pl\/index.php\/kontakt\/\" \/>\n<meta property=\"og:site_name\" content=\"Stowarzyszenie Kanonist\u00f3w Polskich\" \/>\n<meta property=\"article:modified_time\" content=\"2025-10-07T06:49:41+00:00\" \/>\n<meta name=\"twitter:card\" content=\"summary_large_image\" \/>\n<meta name=\"twitter:label1\" content=\"Szacowany czas czytania\" \/>\n\t<meta name=\"twitter:data1\" content=\"1 minuta\" \/>\n<script type=\"application\/ld+json\" class=\"yoast-schema-graph\">{\"@context\":\"https:\/\/schema.org\",\"@graph\":[{\"@type\":\"WebPage\",\"@id\":\"https:\/\/www.stowarzyszeniekanonistow.pl\/index.php\/kontakt\/\",\"url\":\"https:\/\/www.stowarzyszeniekanonistow.pl\/index.php\/kontakt\/\",\"name\":\"Kontakt - Stowarzyszenie Kanonist\u00f3w Polskich\",\"isPartOf\":{\"@id\":\"https:\/\/www.stowarzyszeniekanonistow.pl\/#website\"},\"datePublished\":\"2020-04-26T18:16:29+00:00\",\"dateModified\":\"2025-10-07T06:49:41+00:00\",\"breadcrumb\":{\"@id\":\"https:\/\/www.stowarzyszeniekanonistow.pl\/index.php\/kontakt\/#breadcrumb\"},\"inLanguage\":\"pl-PL\",\"potentialAction\":[{\"@type\":\"ReadAction\",\"target\":[\"https:\/\/www.stowarzyszeniekanonistow.pl\/index.php\/kontakt\/\"]}]},{\"@type\":\"BreadcrumbList\",\"@id\":\"https:\/\/www.stowarzyszeniekanonistow.pl\/index.php\/kontakt\/#breadcrumb\",\"itemListElement\":[{\"@type\":\"ListItem\",\"position\":1,\"name\":\"Strona g\u0142\u00f3wna\",\"item\":\"https:\/\/www.stowarzyszeniekanonistow.pl\/\"},{\"@type\":\"ListItem\",\"position\":2,\"name\":\"Kontakt\"}]},{\"@type\":\"WebSite\",\"@id\":\"https:\/\/www.stowarzyszeniekanonistow.pl\/#website\",\"url\":\"https:\/\/www.stowarzyszeniekanonistow.pl\/\",\"name\":\"Stowarzyszenie Kanonist\u00f3w Polskich\",\"description\":\"\",\"publisher\":{\"@id\":\"https:\/\/www.stowarzyszeniekanonistow.pl\/#organization\"},\"potentialAction\":[{\"@type\":\"SearchAction\",\"target\":{\"@type\":\"EntryPoint\",\"urlTemplate\":\"https:\/\/www.stowarzyszeniekanonistow.pl\/?s={search_term_string}\"},\"query-input\":{\"@type\":\"PropertyValueSpecification\",\"valueRequired\":true,\"valueName\":\"search_term_string\"}}],\"inLanguage\":\"pl-PL\"},{\"@type\":\"Organization\",\"@id\":\"https:\/\/www.stowarzyszeniekanonistow.pl\/#organization\",\"name\":\"Stowarzyszenie Kanonist\u00f3w Polskich\",\"url\":\"https:\/\/www.stowarzyszeniekanonistow.pl\/\",\"logo\":{\"@type\":\"ImageObject\",\"inLanguage\":\"pl-PL\",\"@id\":\"https:\/\/www.stowarzyszeniekanonistow.pl\/#\/schema\/logo\/image\/\",\"url\":\"http:\/\/www.stowarzyszeniekanonistow.pl\/wp-content\/uploads\/2020\/04\/SKP_logo.gif\",\"contentUrl\":\"http:\/\/www.stowarzyszeniekanonistow.pl\/wp-content\/uploads\/2020\/04\/SKP_logo.gif\",\"width\":560,\"height\":548,\"caption\":\"Stowarzyszenie Kanonist\u00f3w Polskich\"},\"image\":{\"@id\":\"https:\/\/www.stowarzyszeniekanonistow.pl\/#\/schema\/logo\/image\/\"}}]}<\/script>\n<!-- \/ Yoast SEO plugin. -->","yoast_head_json":{"title":"Kontakt - Stowarzyszenie Kanonist\u00f3w Polskich","robots":{"index":"index","follow":"follow","max-snippet":"max-snippet:-1","max-image-preview":"max-image-preview:large","max-video-preview":"max-video-preview:-1"},"canonical":"https:\/\/www.stowarzyszeniekanonistow.pl\/index.php\/kontakt\/","og_locale":"pl_PL","og_type":"article","og_title":"Kontakt - Stowarzyszenie Kanonist\u00f3w Polskich","og_description":"ADRES: Stowarzyszenie Kanonist\u00f3w Polskich Al. Rac\u0142awickie 14, C-742, 20-950 Lublin tel.\/fax 81\u00a0445-37-42 e-mail: kkpp@kul.pl INFORMACJE Osoby, kt\u00f3re chc\u0105 nale\u017ce\u0107 do Stowarzyszenia Kano\u00adnist\u00f3w Polskich, proszone s\u0105 o nades\u0142anie deklara\u00adcji w sprawie przyj\u0119cia do Stowarzyszenia (\u2192 zob.\u00a0Deklaracja cz\u0142onkowska) na adres:\u00a0Stowarzyszenie Kanonist\u00f3w Polskich, Al. Rac\u0142awickie 14, C-742, 20-950 Lublin. Zwracamy si\u0119 z uprzejm\u0105 pro\u015bb\u0105 do Cz\u0142onk\u00f3w Stowarzyszenia o nadsy\u0142anie informacji o\u2026 Read More &raquo;","og_url":"https:\/\/www.stowarzyszeniekanonistow.pl\/index.php\/kontakt\/","og_site_name":"Stowarzyszenie Kanonist\u00f3w Polskich","article_modified_time":"2025-10-07T06:49:41+00:00","twitter_card":"summary_large_image","twitter_misc":{"Szacowany czas czytania":"1 minuta"},"schema":{"@context":"https:\/\/schema.org","@graph":[{"@type":"WebPage","@id":"https:\/\/www.stowarzyszeniekanonistow.pl\/index.php\/kontakt\/","url":"https:\/\/www.stowarzyszeniekanonistow.pl\/index.php\/kontakt\/","name":"Kontakt - Stowarzyszenie Kanonist\u00f3w Polskich","isPartOf":{"@id":"https:\/\/www.stowarzyszeniekanonistow.pl\/#website"},"datePublished":"2020-04-26T18:16:29+00:00","dateModified":"2025-10-07T06:49:41+00:00","breadcrumb":{"@id":"https:\/\/www.stowarzyszeniekanonistow.pl\/index.php\/kontakt\/#breadcrumb"},"inLanguage":"pl-PL","potentialAction":[{"@type":"ReadAction","target":["https:\/\/www.stowarzyszeniekanonistow.pl\/index.php\/kontakt\/"]}]},{"@type":"BreadcrumbList","@id":"https:\/\/www.stowarzyszeniekanonistow.pl\/index.php\/kontakt\/#breadcrumb","itemListElement":[{"@type":"ListItem","position":1,"name":"Strona g\u0142\u00f3wna","item":"https:\/\/www.stowarzyszeniekanonistow.pl\/"},{"@type":"ListItem","position":2,"name":"Kontakt"}]},{"@type":"WebSite","@id":"https:\/\/www.stowarzyszeniekanonistow.pl\/#website","url":"https:\/\/www.stowarzyszeniekanonistow.pl\/","name":"Stowarzyszenie Kanonist\u00f3w Polskich","description":"","publisher":{"@id":"https:\/\/www.stowarzyszeniekanonistow.pl\/#organization"},"potentialAction":[{"@type":"SearchAction","target":{"@type":"EntryPoint","urlTemplate":"https:\/\/www.stowarzyszeniekanonistow.pl\/?s={search_term_string}"},"query-input":{"@type":"PropertyValueSpecification","valueRequired":true,"valueName":"search_term_string"}}],"inLanguage":"pl-PL"},{"@type":"Organization","@id":"https:\/\/www.stowarzyszeniekanonistow.pl\/#organization","name":"Stowarzyszenie Kanonist\u00f3w Polskich","url":"https:\/\/www.stowarzyszeniekanonistow.pl\/","logo":{"@type":"ImageObject","inLanguage":"pl-PL","@id":"https:\/\/www.stowarzyszeniekanonistow.pl\/#\/schema\/logo\/image\/","url":"http:\/\/www.stowarzyszeniekanonistow.pl\/wp-content\/uploads\/2020\/04\/SKP_logo.gif","contentUrl":"http:\/\/www.stowarzyszeniekanonistow.pl\/wp-content\/uploads\/2020\/04\/SKP_logo.gif","width":560,"height":548,"caption":"Stowarzyszenie Kanonist\u00f3w Polskich"},"image":{"@id":"https:\/\/www.stowarzyszeniekanonistow.pl\/#\/schema\/logo\/image\/"}}]}},"_links":{"self":[{"href":"https:\/\/www.stowarzyszeniekanonistow.pl\/index.php\/wp-json\/wp\/v2\/pages\/205"}],"collection":[{"href":"https:\/\/www.stowarzyszeniekanonistow.pl\/index.php\/wp-json\/wp\/v2\/pages"}],"about":[{"href":"https:\/\/www.stowarzyszeniekanonistow.pl\/index.php\/wp-json\/wp\/v2\/types\/page"}],"author":[{"embeddable":true,"href":"https:\/\/www.stowarzyszeniekanonistow.pl\/index.php\/wp-json\/wp\/v2\/users\/1"}],"replies":[{"embeddable":true,"href":"https:\/\/www.stowarzyszeniekanonistow.pl\/index.php\/wp-json\/wp\/v2\/comments?post=205"}],"version-history":[{"count":18,"href":"https:\/\/www.stowarzyszeniekanonistow.pl\/index.php\/wp-json\/wp\/v2\/pages\/205\/revisions"}],"predecessor-version":[{"id":1134,"href":"https:\/\/www.stowarzyszeniekanonistow.pl\/index.php\/wp-json\/wp\/v2\/pages\/205\/revisions\/1134"}],"wp:attachment":[{"href":"https:\/\/www.stowarzyszeniekanonistow.pl\/index.php\/wp-json\/wp\/v2\/media?parent=205"}],"curies":[{"name":"wp","href":"https:\/\/api.w.org\/{rel}","templated":true}]}}