{"id":45,"date":"2020-04-21T21:30:21","date_gmt":"2020-04-21T19:30:21","guid":{"rendered":"http:\/\/serwer1601727.home.pl\/autoinstalator\/wordpressplugins1\/?page_id=45"},"modified":"2022-01-11T11:58:37","modified_gmt":"2022-01-11T10:58:37","slug":"informacje-o-nas","status":"publish","type":"page","link":"https:\/\/www.stowarzyszeniekanonistow.pl\/index.php\/informacje-o-nas\/","title":{"rendered":"Informacje o czasopi\u015bmie"},"content":{"rendered":"\t\t<div data-elementor-type=\"wp-page\" data-elementor-id=\"45\" class=\"elementor elementor-45\" data-elementor-post-type=\"page\">\n\t\t\t\t\t\t<section class=\"elementor-section elementor-top-section elementor-element elementor-element-732eaae elementor-section-boxed elementor-section-height-default elementor-section-height-default\" data-id=\"732eaae\" data-element_type=\"section\" data-settings=\"{&quot;_ha_eqh_enable&quot;:false}\">\n\t\t\t\t\t\t<div class=\"elementor-container elementor-column-gap-default\">\n\t\t\t\t\t<div class=\"elementor-column elementor-col-100 elementor-top-column elementor-element elementor-element-60dbeba\" data-id=\"60dbeba\" data-element_type=\"column\">\n\t\t\t<div class=\"elementor-widget-wrap elementor-element-populated\">\n\t\t\t\t\t\t<div class=\"elementor-element elementor-element-6ea617f elementor-widget elementor-widget-text-editor\" data-id=\"6ea617f\" data-element_type=\"widget\" data-widget_type=\"text-editor.default\">\n\t\t\t\t<div class=\"elementor-widget-container\">\n\t\t\t\t\t\t\t<p><span style=\"color: #020080;\"><strong>\u201eBiuletyn Stowarzyszenia Kanonist\u00f3w Polskich\u201d<\/strong><\/span><\/p><p><span style=\"color: #020080;\"><strong>(\u201eBulletin of the Association of Polish Canonists\u201d)<\/strong><\/span><\/p><p><span style=\"color: #3366ff;\"><strong>ISSN 1731-1438<br \/><b>e-ISSN 2719-7255<\/b><br \/><\/strong><\/span><\/p><p><span style=\"color: #3366ff;\"><strong>DOI PREFIX: 10.32077<\/strong><\/span><\/p><p><strong>\u00a0<\/strong><\/p><p style=\"text-align: left;\"><span style=\"color: #000080;\"><strong>Cel i zakres tematyczny:<\/strong><\/span><\/p><p style=\"text-align: left;\">\u201eBiuletyn Stowarzyszenia Kanonist\u00f3w Polskich\u201d to rocznik wydawany przez Stowarzyszenie Kanonist\u00f3w Polskich.<\/p><p style=\"text-align: left;\">Na \u0142amach tego periodyku publikowane s\u0105 opracowania naukowe dotycz\u0105ce prawa, prawa kanonicznego, a zw\u0142aszcza relacji mi\u0119dzy pa\u0144stwem a Ko\u015bcio\u0142em. Szczeg\u00f3lny nacisk po\u0142o\u017cony jest na polskie prawo partykularne. Obok artyku\u0142\u00f3w naukowych w periodyku publikowane s\u0105 r\u00f3wnie\u017c sprawozdania z wydarze\u0144 naukowych oraz uroczysto\u015bci uniwersyteckich i Stowarzyszenia Kanonist\u00f3w Polskich oraz biogramy zmar\u0142ych Kanonist\u00f3w (<em>pro memoria<\/em>).<\/p><p style=\"text-align: left;\">W czasopi\u015bmie publikowane s\u0105 artyku\u0142y zar\u00f3wno w j. polskim, jak te\u017c w innych j\u0119zykach kongresowych polskich i zagranicznych Autor\u00f3w. Artyku\u0142y mog\u0105 publikowa\u0107 osoby posiadaj\u0105ce co najmniej tytu\u0142 zawodowy magistra.<\/p><p style=\"text-align: left;\">Wszystkie artyku\u0142y s\u0105 recenzowane \u2013 przed publikacj\u0105 teksty poddane s\u0105 procedurze recenzyjnej (dwie recenzje \u201eblind review\u201d). Artyku\u0142y s\u0105 publikowane wraz ze streszczeniem i s\u0142owami kluczowymi w j\u0119zyku angielskim i polskim w wersji drukowanej, a tak\u017ce dost\u0119pne nieodp\u0142atnie w ca\u0142o\u015bci (Open access) na stronie internetowej czasopisma.<\/p><p style=\"text-align: left;\"><span style=\"color: #993300;\"><strong>Termin publikacji: 31 lipca<\/strong><\/span><\/p><p style=\"text-align: left;\"><span style=\"color: #000080;\"><strong>Przypisane dyscypliny naukowe:<\/strong> <\/span>nauki prawne; prawo kanoniczne<\/p><ul><li style=\"text-align: left;\"><span style=\"color: #0000ff;\">Wersj\u0105 pierwotn\u0105 czasopisma jest wersja papierowa<\/span><\/li><\/ul><p style=\"text-align: left;\"><span style=\"color: #000080;\"><strong>Czasopismo w wykazie Ministerstwa Edukacji i Nauki:<\/strong><\/span><\/p><ul><li style=\"text-align: left;\">zgodnie z <strong>\u2192\u00a0<a href=\"https:\/\/www.gov.pl\/web\/edukacja-i-nauka\/nowy-rozszerzony-wykaz-czasopism-naukowych-i-recenzowanych-materialow-z-konferencji-miedzynarodowych\">komunikatem Ministra Edukacji i Nauki z dnia 9 lutego 2021 r. w sprawie wykazu czasopism naukowych i recenzowanych materia\u0142\u00f3w z konferencji mi\u0119dzynarodowych<\/a> czasopismo otrzyma\u0142o 40 pkt.<\/strong>\u00a0<\/li><\/ul><p style=\"text-align: left;\"><span style=\"color: #000080;\"><strong>Czasopismo jest indeksowane w nast\u0119puj\u0105cych bazach:<\/strong><\/span><\/p><ul><li style=\"text-align: left;\"><strong>ICI Journals Master List<\/strong>. Czasopismo \u201eBiuletyn Stowarzyszenia Kanonist\u00f3w Polskich\u201d pozytywnie przesz\u0142o proces ewaluacji <a href=\"https:\/\/journals.indexcopernicus.com\/search\/details?id=28175\">ICI Journals Master List 2020<\/a>, kt\u00f3rej wynikiem jest przyznanie wska\u017anika ICV (Index Copernicus Value): 82.49.<\/li><li style=\"text-align: left;\"><a href=\"https:\/\/dbh.nsd.uib.no\/publiseringskanaler\/erihplus\/periodical\/info.action?id=485057\">ERIH PLUS<\/a>. Czasopismo zosta\u0142o wpisane na list\u0119 ERIH PLUS (The European Reference Index for the Humanities and the Social Sciences).<\/li><li style=\"text-align: left;\"><a href=\"https:\/\/pbn.nauka.gov.pl\/sedno-webapp\/journals\/43605\"><strong>Polska Bibliografia Naukowa<\/strong><\/a>.<\/li><li style=\"text-align: left;\"><a href=\"https:\/\/pbn.nauka.gov.pl\/polindex-webapp\/browse\/journal\/journal-e576b97d-585a-48eb-bdd9-959919f3349d\"><strong>POL-index<\/strong><\/a>.<\/li><\/ul><p style=\"text-align: left;\"><span style=\"color: #000080;\"><strong>Czasopismo w rejestrze dziennik\u00f3w i czasopism:<\/strong><\/span><\/p><p style=\"text-align: left;\">\u201eBiuletyn Stowarzyszenia Kanonist\u00f3w Polskich\u201d na mocy postanowienia S\u0105du Okr\u0119gowego w Lublinie I Wydzia\u0142 Cywilny z dnia 7 sierpnia 2015 r. (sygn. akt I Ns Rej. Pr. 72\/15) zosta\u0142 wpisany do prowadzonego przez S\u0105d Okr\u0119gowy w Lublinie rejestru dziennik\u00f3w i czasopism pod poz. Rej. Pr. 1434.<\/p><p style=\"text-align: left;\">W ramach programu Ministerstwa Nauki i Szkolnictwa Wy\u017cszego <span style=\"color: #0000ff;\"><strong>\u201eWsparcie dla czasopism naukowych\u201d <\/strong><\/span>\u201eBiuletyn Stowarzyszenia Kanonist\u00f3w Polskich\u201d finansowany w latach 2019-2020 na podstawie umowy nr 213\/WCN\/2019\/1 z dnia 7 czerwca 2019 r.<\/p><p><span style=\"color: #000000;\"><strong>***<\/strong><\/span><\/p><p><span style=\"color: #000080;\"><strong>\u00a9 Copyright by:<\/strong><\/span><\/p><p><span style=\"color: #000080;\"><strong>Stowarzyszenie Kanonist\u00f3w Polskich<\/strong><\/span><\/p><p><span style=\"color: #000000;\"><strong>***\u00a0<\/strong><\/span><\/p><p><span style=\"color: #000080;\"><strong>Adres Redakcji i Wydawcy:<\/strong><\/span><\/p><p><span style=\"color: #000000;\">Stowarzyszenie Kanonist\u00f3w Polskich<\/span><\/p><p><span style=\"color: #000000;\">Al. Rac\u0142awickie 14, c-742, 20-950 Lublin<\/span><\/p><p><span style=\"color: #000000;\">tel.\/fax. 81 445 37 42<\/span><\/p><p><span style=\"color: #000000;\">e-mail:kkpp@kul.pl<\/span><\/p>\t\t\t\t\t\t<\/div>\n\t\t\t\t<\/div>\n\t\t\t\t\t<\/div>\n\t\t<\/div>\n\t\t\t\t\t<\/div>\n\t\t<\/section>\n\t\t\t\t<\/div>\n\t\t","protected":false},"excerpt":{"rendered":"<p>\u201eBiuletyn Stowarzyszenia Kanonist\u00f3w Polskich\u201d (\u201eBulletin of the Association of Polish Canonists\u201d) ISSN 1731-1438e-ISSN 2719-7255 DOI PREFIX: 10.32077 \u00a0 Cel i zakres tematyczny: \u201eBiuletyn Stowarzyszenia Kanonist\u00f3w Polskich\u201d to rocznik wydawany przez Stowarzyszenie Kanonist\u00f3w Polskich. Na \u0142amach tego periodyku publikowane s\u0105 opracowania naukowe dotycz\u0105ce prawa, prawa kanonicznego, a zw\u0142aszcza relacji mi\u0119dzy pa\u0144stwem a Ko\u015bcio\u0142em. Szczeg\u00f3lny nacisk po\u0142o\u017cony jest na polskie\u2026 <span class=\"read-more\"><a href=\"https:\/\/www.stowarzyszeniekanonistow.pl\/index.php\/informacje-o-nas\/\">Read More &raquo;<\/a><\/span><\/p>\n","protected":false},"author":1,"featured_media":0,"parent":0,"menu_order":0,"comment_status":"closed","ping_status":"closed","template":"","meta":{"footnotes":""},"class_list":["post-45","page","type-page","status-publish","hentry"],"yoast_head":"<!-- This site is optimized with the Yoast SEO plugin v23.4 - https:\/\/yoast.com\/wordpress\/plugins\/seo\/ -->\n<title>Informacje o czasopi\u015bmie - Stowarzyszenie Kanonist\u00f3w Polskich<\/title>\n<meta name=\"robots\" content=\"index, follow, max-snippet:-1, max-image-preview:large, max-video-preview:-1\" \/>\n<link rel=\"canonical\" href=\"https:\/\/www.stowarzyszeniekanonistow.pl\/index.php\/informacje-o-nas\/\" \/>\n<meta property=\"og:locale\" content=\"pl_PL\" \/>\n<meta property=\"og:type\" content=\"article\" \/>\n<meta property=\"og:title\" content=\"Informacje o czasopi\u015bmie - Stowarzyszenie Kanonist\u00f3w Polskich\" \/>\n<meta property=\"og:description\" content=\"\u201eBiuletyn Stowarzyszenia Kanonist\u00f3w Polskich\u201d (\u201eBulletin of the Association of Polish Canonists\u201d) ISSN 1731-1438e-ISSN 2719-7255 DOI PREFIX: 10.32077 \u00a0 Cel i zakres tematyczny: \u201eBiuletyn Stowarzyszenia Kanonist\u00f3w Polskich\u201d to rocznik wydawany przez Stowarzyszenie Kanonist\u00f3w Polskich. Na \u0142amach tego periodyku publikowane s\u0105 opracowania naukowe dotycz\u0105ce prawa, prawa kanonicznego, a zw\u0142aszcza relacji mi\u0119dzy pa\u0144stwem a Ko\u015bcio\u0142em. Szczeg\u00f3lny nacisk po\u0142o\u017cony jest na polskie\u2026 Read More &raquo;\" \/>\n<meta property=\"og:url\" content=\"https:\/\/www.stowarzyszeniekanonistow.pl\/index.php\/informacje-o-nas\/\" \/>\n<meta property=\"og:site_name\" content=\"Stowarzyszenie Kanonist\u00f3w Polskich\" \/>\n<meta property=\"article:modified_time\" content=\"2022-01-11T10:58:37+00:00\" \/>\n<meta name=\"twitter:card\" content=\"summary_large_image\" \/>\n<meta name=\"twitter:label1\" content=\"Szacowany czas czytania\" \/>\n\t<meta name=\"twitter:data1\" content=\"2 minuty\" \/>\n<script type=\"application\/ld+json\" class=\"yoast-schema-graph\">{\"@context\":\"https:\/\/schema.org\",\"@graph\":[{\"@type\":\"WebPage\",\"@id\":\"https:\/\/www.stowarzyszeniekanonistow.pl\/index.php\/informacje-o-nas\/\",\"url\":\"https:\/\/www.stowarzyszeniekanonistow.pl\/index.php\/informacje-o-nas\/\",\"name\":\"Informacje o czasopi\u015bmie - Stowarzyszenie Kanonist\u00f3w Polskich\",\"isPartOf\":{\"@id\":\"https:\/\/www.stowarzyszeniekanonistow.pl\/#website\"},\"datePublished\":\"2020-04-21T19:30:21+00:00\",\"dateModified\":\"2022-01-11T10:58:37+00:00\",\"breadcrumb\":{\"@id\":\"https:\/\/www.stowarzyszeniekanonistow.pl\/index.php\/informacje-o-nas\/#breadcrumb\"},\"inLanguage\":\"pl-PL\",\"potentialAction\":[{\"@type\":\"ReadAction\",\"target\":[\"https:\/\/www.stowarzyszeniekanonistow.pl\/index.php\/informacje-o-nas\/\"]}]},{\"@type\":\"BreadcrumbList\",\"@id\":\"https:\/\/www.stowarzyszeniekanonistow.pl\/index.php\/informacje-o-nas\/#breadcrumb\",\"itemListElement\":[{\"@type\":\"ListItem\",\"position\":1,\"name\":\"Strona g\u0142\u00f3wna\",\"item\":\"https:\/\/www.stowarzyszeniekanonistow.pl\/\"},{\"@type\":\"ListItem\",\"position\":2,\"name\":\"Informacje o czasopi\u015bmie\"}]},{\"@type\":\"WebSite\",\"@id\":\"https:\/\/www.stowarzyszeniekanonistow.pl\/#website\",\"url\":\"https:\/\/www.stowarzyszeniekanonistow.pl\/\",\"name\":\"Stowarzyszenie Kanonist\u00f3w Polskich\",\"description\":\"\",\"publisher\":{\"@id\":\"https:\/\/www.stowarzyszeniekanonistow.pl\/#organization\"},\"potentialAction\":[{\"@type\":\"SearchAction\",\"target\":{\"@type\":\"EntryPoint\",\"urlTemplate\":\"https:\/\/www.stowarzyszeniekanonistow.pl\/?s={search_term_string}\"},\"query-input\":{\"@type\":\"PropertyValueSpecification\",\"valueRequired\":true,\"valueName\":\"search_term_string\"}}],\"inLanguage\":\"pl-PL\"},{\"@type\":\"Organization\",\"@id\":\"https:\/\/www.stowarzyszeniekanonistow.pl\/#organization\",\"name\":\"Stowarzyszenie Kanonist\u00f3w Polskich\",\"url\":\"https:\/\/www.stowarzyszeniekanonistow.pl\/\",\"logo\":{\"@type\":\"ImageObject\",\"inLanguage\":\"pl-PL\",\"@id\":\"https:\/\/www.stowarzyszeniekanonistow.pl\/#\/schema\/logo\/image\/\",\"url\":\"http:\/\/www.stowarzyszeniekanonistow.pl\/wp-content\/uploads\/2020\/04\/SKP_logo.gif\",\"contentUrl\":\"http:\/\/www.stowarzyszeniekanonistow.pl\/wp-content\/uploads\/2020\/04\/SKP_logo.gif\",\"width\":560,\"height\":548,\"caption\":\"Stowarzyszenie Kanonist\u00f3w Polskich\"},\"image\":{\"@id\":\"https:\/\/www.stowarzyszeniekanonistow.pl\/#\/schema\/logo\/image\/\"}}]}<\/script>\n<!-- \/ Yoast SEO plugin. -->","yoast_head_json":{"title":"Informacje o czasopi\u015bmie - Stowarzyszenie Kanonist\u00f3w Polskich","robots":{"index":"index","follow":"follow","max-snippet":"max-snippet:-1","max-image-preview":"max-image-preview:large","max-video-preview":"max-video-preview:-1"},"canonical":"https:\/\/www.stowarzyszeniekanonistow.pl\/index.php\/informacje-o-nas\/","og_locale":"pl_PL","og_type":"article","og_title":"Informacje o czasopi\u015bmie - Stowarzyszenie Kanonist\u00f3w Polskich","og_description":"\u201eBiuletyn Stowarzyszenia Kanonist\u00f3w Polskich\u201d (\u201eBulletin of the Association of Polish Canonists\u201d) ISSN 1731-1438e-ISSN 2719-7255 DOI PREFIX: 10.32077 \u00a0 Cel i zakres tematyczny: \u201eBiuletyn Stowarzyszenia Kanonist\u00f3w Polskich\u201d to rocznik wydawany przez Stowarzyszenie Kanonist\u00f3w Polskich. Na \u0142amach tego periodyku publikowane s\u0105 opracowania naukowe dotycz\u0105ce prawa, prawa kanonicznego, a zw\u0142aszcza relacji mi\u0119dzy pa\u0144stwem a Ko\u015bcio\u0142em. Szczeg\u00f3lny nacisk po\u0142o\u017cony jest na polskie\u2026 Read More &raquo;","og_url":"https:\/\/www.stowarzyszeniekanonistow.pl\/index.php\/informacje-o-nas\/","og_site_name":"Stowarzyszenie Kanonist\u00f3w Polskich","article_modified_time":"2022-01-11T10:58:37+00:00","twitter_card":"summary_large_image","twitter_misc":{"Szacowany czas czytania":"2 minuty"},"schema":{"@context":"https:\/\/schema.org","@graph":[{"@type":"WebPage","@id":"https:\/\/www.stowarzyszeniekanonistow.pl\/index.php\/informacje-o-nas\/","url":"https:\/\/www.stowarzyszeniekanonistow.pl\/index.php\/informacje-o-nas\/","name":"Informacje o czasopi\u015bmie - Stowarzyszenie Kanonist\u00f3w Polskich","isPartOf":{"@id":"https:\/\/www.stowarzyszeniekanonistow.pl\/#website"},"datePublished":"2020-04-21T19:30:21+00:00","dateModified":"2022-01-11T10:58:37+00:00","breadcrumb":{"@id":"https:\/\/www.stowarzyszeniekanonistow.pl\/index.php\/informacje-o-nas\/#breadcrumb"},"inLanguage":"pl-PL","potentialAction":[{"@type":"ReadAction","target":["https:\/\/www.stowarzyszeniekanonistow.pl\/index.php\/informacje-o-nas\/"]}]},{"@type":"BreadcrumbList","@id":"https:\/\/www.stowarzyszeniekanonistow.pl\/index.php\/informacje-o-nas\/#breadcrumb","itemListElement":[{"@type":"ListItem","position":1,"name":"Strona g\u0142\u00f3wna","item":"https:\/\/www.stowarzyszeniekanonistow.pl\/"},{"@type":"ListItem","position":2,"name":"Informacje o czasopi\u015bmie"}]},{"@type":"WebSite","@id":"https:\/\/www.stowarzyszeniekanonistow.pl\/#website","url":"https:\/\/www.stowarzyszeniekanonistow.pl\/","name":"Stowarzyszenie Kanonist\u00f3w Polskich","description":"","publisher":{"@id":"https:\/\/www.stowarzyszeniekanonistow.pl\/#organization"},"potentialAction":[{"@type":"SearchAction","target":{"@type":"EntryPoint","urlTemplate":"https:\/\/www.stowarzyszeniekanonistow.pl\/?s={search_term_string}"},"query-input":{"@type":"PropertyValueSpecification","valueRequired":true,"valueName":"search_term_string"}}],"inLanguage":"pl-PL"},{"@type":"Organization","@id":"https:\/\/www.stowarzyszeniekanonistow.pl\/#organization","name":"Stowarzyszenie Kanonist\u00f3w Polskich","url":"https:\/\/www.stowarzyszeniekanonistow.pl\/","logo":{"@type":"ImageObject","inLanguage":"pl-PL","@id":"https:\/\/www.stowarzyszeniekanonistow.pl\/#\/schema\/logo\/image\/","url":"http:\/\/www.stowarzyszeniekanonistow.pl\/wp-content\/uploads\/2020\/04\/SKP_logo.gif","contentUrl":"http:\/\/www.stowarzyszeniekanonistow.pl\/wp-content\/uploads\/2020\/04\/SKP_logo.gif","width":560,"height":548,"caption":"Stowarzyszenie Kanonist\u00f3w Polskich"},"image":{"@id":"https:\/\/www.stowarzyszeniekanonistow.pl\/#\/schema\/logo\/image\/"}}]}},"_links":{"self":[{"href":"https:\/\/www.stowarzyszeniekanonistow.pl\/index.php\/wp-json\/wp\/v2\/pages\/45"}],"collection":[{"href":"https:\/\/www.stowarzyszeniekanonistow.pl\/index.php\/wp-json\/wp\/v2\/pages"}],"about":[{"href":"https:\/\/www.stowarzyszeniekanonistow.pl\/index.php\/wp-json\/wp\/v2\/types\/page"}],"author":[{"embeddable":true,"href":"https:\/\/www.stowarzyszeniekanonistow.pl\/index.php\/wp-json\/wp\/v2\/users\/1"}],"replies":[{"embeddable":true,"href":"https:\/\/www.stowarzyszeniekanonistow.pl\/index.php\/wp-json\/wp\/v2\/comments?post=45"}],"version-history":[{"count":19,"href":"https:\/\/www.stowarzyszeniekanonistow.pl\/index.php\/wp-json\/wp\/v2\/pages\/45\/revisions"}],"predecessor-version":[{"id":1039,"href":"https:\/\/www.stowarzyszeniekanonistow.pl\/index.php\/wp-json\/wp\/v2\/pages\/45\/revisions\/1039"}],"wp:attachment":[{"href":"https:\/\/www.stowarzyszeniekanonistow.pl\/index.php\/wp-json\/wp\/v2\/media?parent=45"}],"curies":[{"name":"wp","href":"https:\/\/api.w.org\/{rel}","templated":true}]}}