{"id":48,"date":"2020-04-21T21:37:09","date_gmt":"2020-04-21T19:37:09","guid":{"rendered":"http:\/\/serwer1601727.home.pl\/autoinstalator\/wordpressplugins1\/?page_id=48"},"modified":"2021-10-18T17:36:45","modified_gmt":"2021-10-18T15:36:45","slug":"informacje-dla-autorow","status":"publish","type":"page","link":"https:\/\/www.stowarzyszeniekanonistow.pl\/index.php\/informacje-dla-autorow\/","title":{"rendered":"Informacje dla Autor\u00f3w"},"content":{"rendered":"\t\t<div data-elementor-type=\"wp-page\" data-elementor-id=\"48\" class=\"elementor elementor-48\" data-elementor-post-type=\"page\">\n\t\t\t\t\t\t<section class=\"elementor-section elementor-top-section elementor-element elementor-element-5ab8456 elementor-section-boxed elementor-section-height-default elementor-section-height-default\" data-id=\"5ab8456\" data-element_type=\"section\" data-settings=\"{&quot;_ha_eqh_enable&quot;:false}\">\n\t\t\t\t\t\t<div class=\"elementor-container elementor-column-gap-default\">\n\t\t\t\t\t<div class=\"elementor-column elementor-col-100 elementor-top-column elementor-element elementor-element-690a013\" data-id=\"690a013\" data-element_type=\"column\">\n\t\t\t<div class=\"elementor-widget-wrap elementor-element-populated\">\n\t\t\t\t\t\t<div class=\"elementor-element elementor-element-4654f3b elementor-widget elementor-widget-text-editor\" data-id=\"4654f3b\" data-element_type=\"widget\" data-widget_type=\"text-editor.default\">\n\t\t\t\t<div class=\"elementor-widget-container\">\n\t\t\t\t\t\t\t<p><span style=\"color: #000000;\">Autorzy, kt\u00f3rzy zajmuj\u0105 si\u0119 w <strong><span style=\"color: #003366;\">zagadnieniami dotycz\u0105cymi prawa, prawa kanonicznego, a tak\u017ce relacji mi\u0119dzy pa\u0144stwem i Ko\u015bcio\u0142em<\/span><\/strong>, zgodnie z \u2192 <strong><span style=\"color: #666699;\"><a style=\"color: #666699;\" href=\"http:\/\/forum.stowarzyszeniekanonistow.pl\/index.php\/biuletyn-stowarzyszenia-kanonistow-polskich\/118-informacje-o-czasopismie\">celem i zakresem tematycznym<\/a><\/span><\/strong> czasopisma, zaproszeni s\u0105 do nadsy\u0142ania swoich tekst\u00f3w do \u201eBiuletynu Stowarzyszenia Kanonist\u00f3w Polskich\u201d.\u00a0<\/span><\/p><p><span style=\"color: #000000;\"><strong><span style=\"color: #003366;\">Tekst powinien by\u0107 oryginalny<\/span><\/strong>, tzn. niepublikowany w j\u0119zyku polskim w ca\u0142o\u015bci b\u0105d\u017a w cz\u0119\u015bci. Tekst nie mo\u017ce by\u0107 w tym samym czasie z\u0142o\u017cony do publikacji w Redakcji innego czasopisma.<\/span><\/p><p><span style=\"color: #000000;\"><strong><span style=\"color: #003366;\">Autor przesy\u0142a tekst do publikacji drog\u0105 elektroniczn\u0105 na adres Redakcji:\u00a0<a style=\"color: #003366;\" href=\"mailto:kkpp@kul.pl\">kkpp@kul.pl<\/a>\u00a0<\/span><\/strong>Tekst powinien by\u0107 zapisany w formacie jednego z typowych edytor\u00f3w: MS Word (wszystkie wersje), Open Office (wszystkie wersje), WordPerfect (wszystkie wersje). Formatowanie tekstu nale\u017cy ograniczy\u0107 do minimum: wci\u0119cia akapitowe, \u015brodkowanie, kursywa. Kopi\u0119 przekazanych materia\u0142\u00f3w nale\u017cy przechowywa\u0107 na no\u015bniku elektronicznym do czasu ukazania si\u0119 publikacji.<\/span><\/p><p><span style=\"color: #000000;\">Prawa autorskie: Creative Commons CC-BY.<\/span><\/p><p><span style=\"color: #800080;\"><strong>Termin nadsy\u0142ania artyku\u0142\u00f3w: 30 kwietnia\u00a0<\/strong><\/span><br \/><span style=\"color: #800080;\"><strong>Termin publikacji: 31 lipca\u00a0<\/strong><\/span><\/p><p><span style=\"color: #000000;\">Redakcja zastrzega sobie prawo niezakwalifikowania nades\u0142anego tekstu do \u2192\u00a0<a href=\"https:\/\/www.stowarzyszeniekanonistow.pl\/index.php\/zasady-recenzowania\/\"><strong><span style=\"color: #666699;\">procedury recenzyjnej<\/span><\/strong><\/a>\u00a0lub druku z racji na niezachowanie przez Autora wymog\u00f3w merytorycznych i formalnych.\u00a0<\/span><\/p><p><span style=\"color: #000000;\"><strong><span style=\"color: #003366;\">Wraz z tekstem Autor zobowi\u0105zany jest przed\u0142o\u017cy\u0107 <span style=\"text-decoration: underline;\">o\u015bwiadczenie o oryginalno\u015bci pracy<\/span><\/span><\/strong> (<span style=\"color: #333399;\"><strong>\u2192 <span style=\"color: #666699;\"><a style=\"color: #666699;\" href=\"https:\/\/www.stowarzyszeniekanonistow.pl\/wp-content\/uploads\/2020\/04\/Oswiadczenie_Autora_SKP.pdf\">o\u015bwiadczenie Autora<\/a><\/span><\/strong><\/span>\/ <span style=\"color: #333399;\"><strong>\u2192 <span style=\"color: #666699;\"><a style=\"color: #666699;\" href=\"https:\/\/www.stowarzyszeniekanonistow.pl\/wp-content\/uploads\/2020\/04\/Authors-statement_SKP.pdf\">Author&#8217;s statement<\/a><\/span><\/strong><\/span>) w wersji papierowej w siedzibie Redakcji lub przes\u0142a\u0107 drog\u0105 elektroniczn\u0105 skan o\u015bwiadczenia. O\u015bwiadczenie zawiera informacje m.in. na temat samodzielno\u015bci pracy, wk\u0142adu innych Autor\u00f3w, \u017ar\u00f3de\u0142 finansowania pracy. Redakcja dba w ten spos\u00f3b o najwy\u017cszy stopie\u0144 rzetelno\u015bci naukowej czasopisma (\u2192 <\/span><a href=\"https:\/\/www.stowarzyszeniekanonistow.pl\/index.php\/zapora\/\"><strong><span style=\"color: #666699;\">zapora ghostwriting<\/span><\/strong><\/a><span style=\"color: #666699;\"><span style=\"color: #000000;\">) <\/span><\/span><span style=\"color: #000000;\">zgodnie z zaleceniami Komisji ds. Etyki Publikacji (\u2192\u00a0<\/span><strong><span style=\"color: #666699;\"><a style=\"color: #666699;\" href=\"https:\/\/publicationethics.org\/about\">COPE<\/a><\/span><\/strong><span style=\"color: #000000;\">).<\/span><\/p><p><span style=\"color: #000000;\">Autor zobowi\u0105zany jest do podpisania umowy (we wskazanym przez Redakcj\u0119 terminie) i przes\u0142ania oryginalnej wersji papierowej umowy na adres Redakcji (\u2192\u00a0<a href=\"https:\/\/www.stowarzyszeniekanonistow.pl\/wp-content\/uploads\/2021\/10\/umowa_Biuletyn_pl.pdf\"><strong><span style=\"color: #666699;\">umowa<\/span><\/strong><\/a>).<\/span><\/p><p><span style=\"color: #000000;\">Publikacja w czasopi\u015bmie jest bezp\u0142atna.<\/span><\/p><p><span style=\"color: #000000;\">Autor ponosi odpowiedzialno\u015b\u0107 za dane merytoryczne zawarte w przes\u0142anym tek\u015bcie.<\/span><\/p><p><span style=\"color: #000000;\">Tekst nie powinien przekracza\u0107 1 arkusza wydawniczego (tj. 40 000 znak\u00f3w, czyli maksymalnie 15 stron znormalizowanego tekstu; czcionka Times New Roman tekst g\u0142\u00f3wny: 12, interlinia: 1,5 wiersza; przypisy: 10, interlinia: 1 wiersz).<\/span><\/p><p><span style=\"color: #000000;\"><strong><span style=\"color: #003366;\">Do tekstu<\/span><\/strong> (z wyodr\u0119bnionym wst\u0119pem, poszczeg\u00f3lnymi w\u0105tkami tematycznymi i zako\u0144czeniem) <strong><span style=\"color: #003366;\">nale\u017cy do\u0142\u0105czy\u0107 streszczenie<\/span><\/strong> (do 2000 znak\u00f3w ze spacjami) <span style=\"color: #003366;\"><strong>w j\u0119zyku polskim i j\u0119zyku angielskim oraz 4-5 s\u0142\u00f3w kluczowych w j\u0119zyku polskim i j\u0119zyku angielskim <\/strong><\/span>(nieb\u0119d\u0105cych powt\u00f3rzeniem tytu\u0142u artyku\u0142u), a tak\u017ce<strong><span style=\"color: #003366;\"> tytu\u0142 w j\u0119zyku angielskim<\/span><\/strong>. Je\u017celi tekst jest napisany w j\u0119zyku innym ni\u017c polski lub angielski, nale\u017cy do\u0142\u0105czy\u0107 streszczenie, s\u0142owa kluczowe i tytu\u0142 r\u00f3wnie\u017c w j\u0119zyku oryginalnym.<\/span><\/p><p><span style=\"color: #000000;\">Artyku\u0142y przesy\u0142ane do Redakcji w j\u0119zyku obcym, a tak\u017ce streszczenia wymagaj\u0105 autoryzacji native speakera lub t\u0142umacza.<\/span><\/p><p><span style=\"color: #000000;\">Autor wraz z artyku\u0142em \u2013 w osobnym dokumencie \u2013 przesy\u0142a r\u00f3wnie\u017c na adres e-mail Redakcji nast\u0119puj\u0105ce informacje:<strong><span style=\"color: #003366;\"> imi\u0119 i nazwisko; numer ORCID; stopie\u0144 i tytu\u0142 naukowy; afiliacj\u0119; miejsce pracy wraz z adresem; e-mail; adres pocztowy i telefon<\/span> <\/strong>(do wy\u0142\u0105cznej wiadomo\u015bci Redakcji).<\/span><\/p><p><span style=\"color: #000000;\">Literatur\u0119 sporz\u0105dzon\u0105 wed\u0142ug\u00a0<a style=\"color: #000000;\" href=\"https:\/\/www.chicagomanualofstyle.org\/tools_citationguide\/citation-guide-2.html\" target=\"_blank\" rel=\"noopener noreferrer\">stylu Chicago<\/a>\u00a0\u2013 w\u00a0uk\u0142adzie alfabetycznym nale\u017cy umie\u015bci\u0107 na ko\u0144cu tekstu. Autor zobowi\u0105zany jest poda\u0107 pe\u0142ny opis, natomiast opis skr\u00f3cony w tek\u015bcie artyku\u0142u w nawiasie kwadratowym. \u0179r\u00f3d\u0142a prawa i orzecznictwo nale\u017cy cytowa\u0107 w przypisach dolnych.<\/span><\/p><p><span style=\"color: #0000ff;\"><a style=\"color: #0000ff;\" href=\"https:\/\/www.stowarzyszeniekanonistow.pl\/wp-content\/uploads\/2021\/10\/Biuletyn_skp_pol.pdf\"><strong>\u2192\u00a0zob. Szczeg\u00f3\u0142owy spos\u00f3b cytowania<\/strong><\/a><\/span><\/p><p><span style=\"color: #000000;\">Nieodes\u0142anie przez Autora w terminie (7 dni) korekty autorskiej oznacza zgod\u0119 na publikacj\u0119 tekstu w dotychczasowej postaci.<\/span><\/p>\t\t\t\t\t\t<\/div>\n\t\t\t\t<\/div>\n\t\t\t\t\t<\/div>\n\t\t<\/div>\n\t\t\t\t\t<\/div>\n\t\t<\/section>\n\t\t\t\t<\/div>\n\t\t","protected":false},"excerpt":{"rendered":"<p>Autorzy, kt\u00f3rzy zajmuj\u0105 si\u0119 w zagadnieniami dotycz\u0105cymi prawa, prawa kanonicznego, a tak\u017ce relacji mi\u0119dzy pa\u0144stwem i Ko\u015bcio\u0142em, zgodnie z \u2192 celem i zakresem tematycznym czasopisma, zaproszeni s\u0105 do nadsy\u0142ania swoich tekst\u00f3w do \u201eBiuletynu Stowarzyszenia Kanonist\u00f3w Polskich\u201d.\u00a0 Tekst powinien by\u0107 oryginalny, tzn. niepublikowany w j\u0119zyku polskim w ca\u0142o\u015bci b\u0105d\u017a w cz\u0119\u015bci. Tekst nie mo\u017ce by\u0107 w tym samym czasie\u2026 <span class=\"read-more\"><a href=\"https:\/\/www.stowarzyszeniekanonistow.pl\/index.php\/informacje-dla-autorow\/\">Read More &raquo;<\/a><\/span><\/p>\n","protected":false},"author":1,"featured_media":0,"parent":0,"menu_order":0,"comment_status":"closed","ping_status":"closed","template":"","meta":{"footnotes":""},"class_list":["post-48","page","type-page","status-publish","hentry"],"yoast_head":"<!-- This site is optimized with the Yoast SEO plugin v23.4 - https:\/\/yoast.com\/wordpress\/plugins\/seo\/ -->\n<title>Informacje dla Autor\u00f3w - Stowarzyszenie Kanonist\u00f3w Polskich<\/title>\n<meta name=\"robots\" content=\"index, follow, max-snippet:-1, max-image-preview:large, max-video-preview:-1\" \/>\n<link rel=\"canonical\" href=\"https:\/\/www.stowarzyszeniekanonistow.pl\/index.php\/informacje-dla-autorow\/\" \/>\n<meta property=\"og:locale\" content=\"pl_PL\" \/>\n<meta property=\"og:type\" content=\"article\" \/>\n<meta property=\"og:title\" content=\"Informacje dla Autor\u00f3w - Stowarzyszenie Kanonist\u00f3w Polskich\" \/>\n<meta property=\"og:description\" content=\"Autorzy, kt\u00f3rzy zajmuj\u0105 si\u0119 w zagadnieniami dotycz\u0105cymi prawa, prawa kanonicznego, a tak\u017ce relacji mi\u0119dzy pa\u0144stwem i Ko\u015bcio\u0142em, zgodnie z \u2192 celem i zakresem tematycznym czasopisma, zaproszeni s\u0105 do nadsy\u0142ania swoich tekst\u00f3w do \u201eBiuletynu Stowarzyszenia Kanonist\u00f3w Polskich\u201d.\u00a0 Tekst powinien by\u0107 oryginalny, tzn. niepublikowany w j\u0119zyku polskim w ca\u0142o\u015bci b\u0105d\u017a w cz\u0119\u015bci. Tekst nie mo\u017ce by\u0107 w tym samym czasie\u2026 Read More &raquo;\" \/>\n<meta property=\"og:url\" content=\"https:\/\/www.stowarzyszeniekanonistow.pl\/index.php\/informacje-dla-autorow\/\" \/>\n<meta property=\"og:site_name\" content=\"Stowarzyszenie Kanonist\u00f3w Polskich\" \/>\n<meta property=\"article:modified_time\" content=\"2021-10-18T15:36:45+00:00\" \/>\n<meta name=\"twitter:card\" content=\"summary_large_image\" \/>\n<meta name=\"twitter:label1\" content=\"Szacowany czas czytania\" \/>\n\t<meta name=\"twitter:data1\" content=\"3 minuty\" \/>\n<script type=\"application\/ld+json\" class=\"yoast-schema-graph\">{\"@context\":\"https:\/\/schema.org\",\"@graph\":[{\"@type\":\"WebPage\",\"@id\":\"https:\/\/www.stowarzyszeniekanonistow.pl\/index.php\/informacje-dla-autorow\/\",\"url\":\"https:\/\/www.stowarzyszeniekanonistow.pl\/index.php\/informacje-dla-autorow\/\",\"name\":\"Informacje dla Autor\u00f3w - Stowarzyszenie Kanonist\u00f3w Polskich\",\"isPartOf\":{\"@id\":\"https:\/\/www.stowarzyszeniekanonistow.pl\/#website\"},\"datePublished\":\"2020-04-21T19:37:09+00:00\",\"dateModified\":\"2021-10-18T15:36:45+00:00\",\"breadcrumb\":{\"@id\":\"https:\/\/www.stowarzyszeniekanonistow.pl\/index.php\/informacje-dla-autorow\/#breadcrumb\"},\"inLanguage\":\"pl-PL\",\"potentialAction\":[{\"@type\":\"ReadAction\",\"target\":[\"https:\/\/www.stowarzyszeniekanonistow.pl\/index.php\/informacje-dla-autorow\/\"]}]},{\"@type\":\"BreadcrumbList\",\"@id\":\"https:\/\/www.stowarzyszeniekanonistow.pl\/index.php\/informacje-dla-autorow\/#breadcrumb\",\"itemListElement\":[{\"@type\":\"ListItem\",\"position\":1,\"name\":\"Strona g\u0142\u00f3wna\",\"item\":\"https:\/\/www.stowarzyszeniekanonistow.pl\/\"},{\"@type\":\"ListItem\",\"position\":2,\"name\":\"Informacje dla Autor\u00f3w\"}]},{\"@type\":\"WebSite\",\"@id\":\"https:\/\/www.stowarzyszeniekanonistow.pl\/#website\",\"url\":\"https:\/\/www.stowarzyszeniekanonistow.pl\/\",\"name\":\"Stowarzyszenie Kanonist\u00f3w Polskich\",\"description\":\"\",\"publisher\":{\"@id\":\"https:\/\/www.stowarzyszeniekanonistow.pl\/#organization\"},\"potentialAction\":[{\"@type\":\"SearchAction\",\"target\":{\"@type\":\"EntryPoint\",\"urlTemplate\":\"https:\/\/www.stowarzyszeniekanonistow.pl\/?s={search_term_string}\"},\"query-input\":{\"@type\":\"PropertyValueSpecification\",\"valueRequired\":true,\"valueName\":\"search_term_string\"}}],\"inLanguage\":\"pl-PL\"},{\"@type\":\"Organization\",\"@id\":\"https:\/\/www.stowarzyszeniekanonistow.pl\/#organization\",\"name\":\"Stowarzyszenie Kanonist\u00f3w Polskich\",\"url\":\"https:\/\/www.stowarzyszeniekanonistow.pl\/\",\"logo\":{\"@type\":\"ImageObject\",\"inLanguage\":\"pl-PL\",\"@id\":\"https:\/\/www.stowarzyszeniekanonistow.pl\/#\/schema\/logo\/image\/\",\"url\":\"http:\/\/www.stowarzyszeniekanonistow.pl\/wp-content\/uploads\/2020\/04\/SKP_logo.gif\",\"contentUrl\":\"http:\/\/www.stowarzyszeniekanonistow.pl\/wp-content\/uploads\/2020\/04\/SKP_logo.gif\",\"width\":560,\"height\":548,\"caption\":\"Stowarzyszenie Kanonist\u00f3w Polskich\"},\"image\":{\"@id\":\"https:\/\/www.stowarzyszeniekanonistow.pl\/#\/schema\/logo\/image\/\"}}]}<\/script>\n<!-- \/ Yoast SEO plugin. -->","yoast_head_json":{"title":"Informacje dla Autor\u00f3w - Stowarzyszenie Kanonist\u00f3w Polskich","robots":{"index":"index","follow":"follow","max-snippet":"max-snippet:-1","max-image-preview":"max-image-preview:large","max-video-preview":"max-video-preview:-1"},"canonical":"https:\/\/www.stowarzyszeniekanonistow.pl\/index.php\/informacje-dla-autorow\/","og_locale":"pl_PL","og_type":"article","og_title":"Informacje dla Autor\u00f3w - Stowarzyszenie Kanonist\u00f3w Polskich","og_description":"Autorzy, kt\u00f3rzy zajmuj\u0105 si\u0119 w zagadnieniami dotycz\u0105cymi prawa, prawa kanonicznego, a tak\u017ce relacji mi\u0119dzy pa\u0144stwem i Ko\u015bcio\u0142em, zgodnie z \u2192 celem i zakresem tematycznym czasopisma, zaproszeni s\u0105 do nadsy\u0142ania swoich tekst\u00f3w do \u201eBiuletynu Stowarzyszenia Kanonist\u00f3w Polskich\u201d.\u00a0 Tekst powinien by\u0107 oryginalny, tzn. niepublikowany w j\u0119zyku polskim w ca\u0142o\u015bci b\u0105d\u017a w cz\u0119\u015bci. Tekst nie mo\u017ce by\u0107 w tym samym czasie\u2026 Read More &raquo;","og_url":"https:\/\/www.stowarzyszeniekanonistow.pl\/index.php\/informacje-dla-autorow\/","og_site_name":"Stowarzyszenie Kanonist\u00f3w Polskich","article_modified_time":"2021-10-18T15:36:45+00:00","twitter_card":"summary_large_image","twitter_misc":{"Szacowany czas czytania":"3 minuty"},"schema":{"@context":"https:\/\/schema.org","@graph":[{"@type":"WebPage","@id":"https:\/\/www.stowarzyszeniekanonistow.pl\/index.php\/informacje-dla-autorow\/","url":"https:\/\/www.stowarzyszeniekanonistow.pl\/index.php\/informacje-dla-autorow\/","name":"Informacje dla Autor\u00f3w - Stowarzyszenie Kanonist\u00f3w Polskich","isPartOf":{"@id":"https:\/\/www.stowarzyszeniekanonistow.pl\/#website"},"datePublished":"2020-04-21T19:37:09+00:00","dateModified":"2021-10-18T15:36:45+00:00","breadcrumb":{"@id":"https:\/\/www.stowarzyszeniekanonistow.pl\/index.php\/informacje-dla-autorow\/#breadcrumb"},"inLanguage":"pl-PL","potentialAction":[{"@type":"ReadAction","target":["https:\/\/www.stowarzyszeniekanonistow.pl\/index.php\/informacje-dla-autorow\/"]}]},{"@type":"BreadcrumbList","@id":"https:\/\/www.stowarzyszeniekanonistow.pl\/index.php\/informacje-dla-autorow\/#breadcrumb","itemListElement":[{"@type":"ListItem","position":1,"name":"Strona g\u0142\u00f3wna","item":"https:\/\/www.stowarzyszeniekanonistow.pl\/"},{"@type":"ListItem","position":2,"name":"Informacje dla Autor\u00f3w"}]},{"@type":"WebSite","@id":"https:\/\/www.stowarzyszeniekanonistow.pl\/#website","url":"https:\/\/www.stowarzyszeniekanonistow.pl\/","name":"Stowarzyszenie Kanonist\u00f3w Polskich","description":"","publisher":{"@id":"https:\/\/www.stowarzyszeniekanonistow.pl\/#organization"},"potentialAction":[{"@type":"SearchAction","target":{"@type":"EntryPoint","urlTemplate":"https:\/\/www.stowarzyszeniekanonistow.pl\/?s={search_term_string}"},"query-input":{"@type":"PropertyValueSpecification","valueRequired":true,"valueName":"search_term_string"}}],"inLanguage":"pl-PL"},{"@type":"Organization","@id":"https:\/\/www.stowarzyszeniekanonistow.pl\/#organization","name":"Stowarzyszenie Kanonist\u00f3w Polskich","url":"https:\/\/www.stowarzyszeniekanonistow.pl\/","logo":{"@type":"ImageObject","inLanguage":"pl-PL","@id":"https:\/\/www.stowarzyszeniekanonistow.pl\/#\/schema\/logo\/image\/","url":"http:\/\/www.stowarzyszeniekanonistow.pl\/wp-content\/uploads\/2020\/04\/SKP_logo.gif","contentUrl":"http:\/\/www.stowarzyszeniekanonistow.pl\/wp-content\/uploads\/2020\/04\/SKP_logo.gif","width":560,"height":548,"caption":"Stowarzyszenie Kanonist\u00f3w Polskich"},"image":{"@id":"https:\/\/www.stowarzyszeniekanonistow.pl\/#\/schema\/logo\/image\/"}}]}},"_links":{"self":[{"href":"https:\/\/www.stowarzyszeniekanonistow.pl\/index.php\/wp-json\/wp\/v2\/pages\/48"}],"collection":[{"href":"https:\/\/www.stowarzyszeniekanonistow.pl\/index.php\/wp-json\/wp\/v2\/pages"}],"about":[{"href":"https:\/\/www.stowarzyszeniekanonistow.pl\/index.php\/wp-json\/wp\/v2\/types\/page"}],"author":[{"embeddable":true,"href":"https:\/\/www.stowarzyszeniekanonistow.pl\/index.php\/wp-json\/wp\/v2\/users\/1"}],"replies":[{"embeddable":true,"href":"https:\/\/www.stowarzyszeniekanonistow.pl\/index.php\/wp-json\/wp\/v2\/comments?post=48"}],"version-history":[{"count":32,"href":"https:\/\/www.stowarzyszeniekanonistow.pl\/index.php\/wp-json\/wp\/v2\/pages\/48\/revisions"}],"predecessor-version":[{"id":930,"href":"https:\/\/www.stowarzyszeniekanonistow.pl\/index.php\/wp-json\/wp\/v2\/pages\/48\/revisions\/930"}],"wp:attachment":[{"href":"https:\/\/www.stowarzyszeniekanonistow.pl\/index.php\/wp-json\/wp\/v2\/media?parent=48"}],"curies":[{"name":"wp","href":"https:\/\/api.w.org\/{rel}","templated":true}]}}