{"id":57,"date":"2020-04-22T00:10:01","date_gmt":"2020-04-21T22:10:01","guid":{"rendered":"http:\/\/serwer1601727.home.pl\/autoinstalator\/wordpressplugins1\/?page_id=57"},"modified":"2021-10-18T18:39:39","modified_gmt":"2021-10-18T16:39:39","slug":"zasady-recenzowania","status":"publish","type":"page","link":"https:\/\/www.stowarzyszeniekanonistow.pl\/index.php\/zasady-recenzowania\/","title":{"rendered":"Zasady recenzowania"},"content":{"rendered":"\t\t<div data-elementor-type=\"wp-page\" data-elementor-id=\"57\" class=\"elementor elementor-57\" data-elementor-post-type=\"page\">\n\t\t\t\t\t\t<section class=\"elementor-section elementor-top-section elementor-element elementor-element-1a320a2 elementor-section-boxed elementor-section-height-default elementor-section-height-default\" data-id=\"1a320a2\" data-element_type=\"section\" data-settings=\"{&quot;_ha_eqh_enable&quot;:false}\">\n\t\t\t\t\t\t<div class=\"elementor-container elementor-column-gap-default\">\n\t\t\t\t\t<div class=\"elementor-column elementor-col-100 elementor-top-column elementor-element elementor-element-3cd28c0\" data-id=\"3cd28c0\" data-element_type=\"column\">\n\t\t\t<div class=\"elementor-widget-wrap elementor-element-populated\">\n\t\t\t\t\t\t<div class=\"elementor-element elementor-element-07d8630 elementor-widget elementor-widget-text-editor\" data-id=\"07d8630\" data-element_type=\"widget\" data-widget_type=\"text-editor.default\">\n\t\t\t\t<div class=\"elementor-widget-container\">\n\t\t\t\t\t\t\t<ul><li><span style=\"color: #000000;\">Wszystkie opublikowane w \u201eBiuletynie Stowarzyszenia Kanonist\u00f3w Polskich\u201d <span style=\"color: #003366;\"><strong>teksty podlegaj\u0105 uprzedniej procedurze recenzyjnej<\/strong><\/span>.<\/span><\/li><li><span style=\"color: #000000;\">Zesp\u00f3\u0142 redakcyjny \u201eBiuletynu Stowarzyszenia Kanonist\u00f3w Polskich\u201d wraz z cz\u0142onkami Rady Naukowej, dokonuje <strong><span style=\"color: #003366;\">wst\u0119pnej oceny nades\u0142anego tekstu<\/span><\/strong> pod wzgl\u0119dem jego zgodno\u015bci z \u2192 <a href=\"https:\/\/www.stowarzyszeniekanonistow.pl\/index.php\/informacje-o-nas\/\"><span style=\"color: #666699;\"><strong>celem i zakresem tematycznym czasopisma<\/strong><\/span><\/a> oraz z <strong><span style=\"color: #666699;\">wymogami formalnymi<\/span><\/strong> obowi\u0105zuj\u0105cymi w czasopi\u015bmie (\u2192 <strong><span style=\"color: #666699;\"><a style=\"color: #666699;\" href=\"https:\/\/www.stowarzyszeniekanonistow.pl\/index.php\/biuletyn-stowarzyszenia-kanonistow-polskich\/informacje-dla-autorow\">informacje dla Autor\u00f3w<\/a><\/span><\/strong>).<\/span><\/li><li><span style=\"color: #000000;\">Sekretarz Redakcji \u2013 po wst\u0119pnej ocenie \u2013 przesy\u0142a nades\u0142any tekst <strong><span style=\"color: #003366;\">dw\u00f3m niezale\u017cnym Recenzentom<\/span><\/strong> \u2013 kt\u00f3rzy maj\u0105 inn\u0105 afiliacj\u0119 ni\u017c afiliacja Autora \u2013 w celu przygotowania recenzji.<\/span><\/li><li><span style=\"color: #000000;\"><strong><span style=\"color: #003366;\">Recenzenci nie znaj\u0105 to\u017csamo\u015bci Autora<\/span><\/strong> (Autor\u00f3w) recenzowanej publikacji, jak r\u00f3wnie\u017c nie wiedz\u0105, kto jest drugim Recenzentem (tzw. <em>double-blind review process<\/em>). Zesp\u00f3\u0142 redakcyjny dokonuj\u0105c wyboru Recenzent\u00f3w uwzgl\u0119dnia ich kompetencje merytoryczne oraz wszelkie okoliczno\u015bci dotycz\u0105ce konfliktu interes\u00f3w.<\/span><\/li><li><span style=\"color: #000000;\"><strong><span style=\"color: #003366;\">Recenzenci sporz\u0105dzaj\u0105 recenzje<\/span><\/strong> zgodnie z zasadami ich sporz\u0105dzania, wed\u0142ug formularza recenzji (<strong><span style=\"color: #000080;\">\u2192 <\/span><span style=\"color: #993366;\"><a style=\"color: #993366;\" href=\"https:\/\/www.stowarzyszeniekanonistow.pl\/wp-content\/uploads\/2021\/10\/formularz-recenzji_BSKP_pl.pdf\">formularz recenzji<\/a><\/span><\/strong>), kt\u00f3ry przesy\u0142aj\u0105 via e-mail w pliku word i pdf w ci\u0105gu\u00a0<strong>2 tygodni<\/strong>\u00a0na adres Redakcji kkpp@kul.pl<\/span><\/li><li><span style=\"color: #000000;\">Recenzja ma form\u0119 pisemn\u0105 i powinna ko\u0144czy\u0107 si\u0119 wnioskiem kategorycznym, dopuszczaj\u0105cym b\u0105d\u017a niedopuszczaj\u0105cym publikacji do druku. <strong><span style=\"color: #003366;\">Publikowane s\u0105 tylko te materia\u0142y, kt\u00f3re uzyskaj\u0105 dwie pozytywne recenzje<\/span><\/strong>. Je\u017celi artyku\u0142 otrzyma jedn\u0105 recenzj\u0119 pozytywn\u0105 i jedn\u0105 recenzj\u0119 negatywn\u0105, w\u00f3wczas Komitet Redakcyjny przesy\u0142a artyku\u0142 do trzeciego Recenzenta.\u00a0<\/span><\/li><li><span style=\"color: #000000;\">Recenzenci s\u0105 zobowi\u0105zani do ujawnienia w recenzji wszelkich okoliczno\u015bci uderzaj\u0105cych w rzetelno\u015b\u0107 bada\u0144 naukowych.<\/span><\/li><li><span style=\"color: #000000;\"><strong><span style=\"color: #003366;\">Recenzowanie przebiega zgodnie ze wskazaniami Ministerstwa Nauki i Szkolnictwa Wy\u017cszego<\/span><\/strong> zawartymi w opracowaniu pt. \u2192 <a style=\"color: #000000;\" href=\"http:\/\/www.kul.pl\/files\/812\/gfx\/KiP\/Dobre_praktyki_w_procedurach_recenzyjnych_w_nauce.pdf\">\u201eDobre praktyki w procedurach recenzyjnych w nauce\u201d<\/a> oraz z zaleceniami Komisji ds. Etyki Publikacji (COPE) zawartymi we \u201eWskaz\u00f3wkach etycznych Komisji ds. Etyki Publikacji dla recenzent\u00f3w prac naukowych\u201d (\u2192 <a style=\"color: #000000;\" href=\"https:\/\/publicationethics.org\/files\/Ethical_Guidelines_For_Peer_Reviewers_2.pdf\">COPE Ethical Guidelines for Peer Reviewers<\/a>).<\/span><\/li><\/ul>\t\t\t\t\t\t<\/div>\n\t\t\t\t<\/div>\n\t\t\t\t\t<\/div>\n\t\t<\/div>\n\t\t\t\t\t<\/div>\n\t\t<\/section>\n\t\t\t\t<\/div>\n\t\t","protected":false},"excerpt":{"rendered":"<p>Wszystkie opublikowane w \u201eBiuletynie Stowarzyszenia Kanonist\u00f3w Polskich\u201d teksty podlegaj\u0105 uprzedniej procedurze recenzyjnej. Zesp\u00f3\u0142 redakcyjny \u201eBiuletynu Stowarzyszenia Kanonist\u00f3w Polskich\u201d wraz z cz\u0142onkami Rady Naukowej, dokonuje wst\u0119pnej oceny nades\u0142anego tekstu pod wzgl\u0119dem jego zgodno\u015bci z \u2192 celem i zakresem tematycznym czasopisma oraz z wymogami formalnymi obowi\u0105zuj\u0105cymi w czasopi\u015bmie (\u2192 informacje dla Autor\u00f3w). Sekretarz Redakcji \u2013 po wst\u0119pnej ocenie \u2013 przesy\u0142a\u2026 <span class=\"read-more\"><a href=\"https:\/\/www.stowarzyszeniekanonistow.pl\/index.php\/zasady-recenzowania\/\">Read More &raquo;<\/a><\/span><\/p>\n","protected":false},"author":1,"featured_media":0,"parent":0,"menu_order":0,"comment_status":"closed","ping_status":"closed","template":"","meta":{"footnotes":""},"class_list":["post-57","page","type-page","status-publish","hentry"],"yoast_head":"<!-- This site is optimized with the Yoast SEO plugin v23.4 - https:\/\/yoast.com\/wordpress\/plugins\/seo\/ -->\n<title>Zasady recenzowania - Stowarzyszenie Kanonist\u00f3w Polskich<\/title>\n<meta name=\"robots\" content=\"index, follow, max-snippet:-1, max-image-preview:large, max-video-preview:-1\" \/>\n<link rel=\"canonical\" href=\"https:\/\/www.stowarzyszeniekanonistow.pl\/index.php\/zasady-recenzowania\/\" \/>\n<meta property=\"og:locale\" content=\"pl_PL\" \/>\n<meta property=\"og:type\" content=\"article\" \/>\n<meta property=\"og:title\" content=\"Zasady recenzowania - Stowarzyszenie Kanonist\u00f3w Polskich\" \/>\n<meta property=\"og:description\" content=\"Wszystkie opublikowane w \u201eBiuletynie Stowarzyszenia Kanonist\u00f3w Polskich\u201d teksty podlegaj\u0105 uprzedniej procedurze recenzyjnej. Zesp\u00f3\u0142 redakcyjny \u201eBiuletynu Stowarzyszenia Kanonist\u00f3w Polskich\u201d wraz z cz\u0142onkami Rady Naukowej, dokonuje wst\u0119pnej oceny nades\u0142anego tekstu pod wzgl\u0119dem jego zgodno\u015bci z \u2192 celem i zakresem tematycznym czasopisma oraz z wymogami formalnymi obowi\u0105zuj\u0105cymi w czasopi\u015bmie (\u2192 informacje dla Autor\u00f3w). Sekretarz Redakcji \u2013 po wst\u0119pnej ocenie \u2013 przesy\u0142a\u2026 Read More &raquo;\" \/>\n<meta property=\"og:url\" content=\"https:\/\/www.stowarzyszeniekanonistow.pl\/index.php\/zasady-recenzowania\/\" \/>\n<meta property=\"og:site_name\" content=\"Stowarzyszenie Kanonist\u00f3w Polskich\" \/>\n<meta property=\"article:modified_time\" content=\"2021-10-18T16:39:39+00:00\" \/>\n<meta name=\"twitter:card\" content=\"summary_large_image\" \/>\n<meta name=\"twitter:label1\" content=\"Szacowany czas czytania\" \/>\n\t<meta name=\"twitter:data1\" content=\"2 minuty\" \/>\n<script type=\"application\/ld+json\" class=\"yoast-schema-graph\">{\"@context\":\"https:\/\/schema.org\",\"@graph\":[{\"@type\":\"WebPage\",\"@id\":\"https:\/\/www.stowarzyszeniekanonistow.pl\/index.php\/zasady-recenzowania\/\",\"url\":\"https:\/\/www.stowarzyszeniekanonistow.pl\/index.php\/zasady-recenzowania\/\",\"name\":\"Zasady recenzowania - Stowarzyszenie Kanonist\u00f3w Polskich\",\"isPartOf\":{\"@id\":\"https:\/\/www.stowarzyszeniekanonistow.pl\/#website\"},\"datePublished\":\"2020-04-21T22:10:01+00:00\",\"dateModified\":\"2021-10-18T16:39:39+00:00\",\"breadcrumb\":{\"@id\":\"https:\/\/www.stowarzyszeniekanonistow.pl\/index.php\/zasady-recenzowania\/#breadcrumb\"},\"inLanguage\":\"pl-PL\",\"potentialAction\":[{\"@type\":\"ReadAction\",\"target\":[\"https:\/\/www.stowarzyszeniekanonistow.pl\/index.php\/zasady-recenzowania\/\"]}]},{\"@type\":\"BreadcrumbList\",\"@id\":\"https:\/\/www.stowarzyszeniekanonistow.pl\/index.php\/zasady-recenzowania\/#breadcrumb\",\"itemListElement\":[{\"@type\":\"ListItem\",\"position\":1,\"name\":\"Strona g\u0142\u00f3wna\",\"item\":\"https:\/\/www.stowarzyszeniekanonistow.pl\/\"},{\"@type\":\"ListItem\",\"position\":2,\"name\":\"Zasady recenzowania\"}]},{\"@type\":\"WebSite\",\"@id\":\"https:\/\/www.stowarzyszeniekanonistow.pl\/#website\",\"url\":\"https:\/\/www.stowarzyszeniekanonistow.pl\/\",\"name\":\"Stowarzyszenie Kanonist\u00f3w Polskich\",\"description\":\"\",\"publisher\":{\"@id\":\"https:\/\/www.stowarzyszeniekanonistow.pl\/#organization\"},\"potentialAction\":[{\"@type\":\"SearchAction\",\"target\":{\"@type\":\"EntryPoint\",\"urlTemplate\":\"https:\/\/www.stowarzyszeniekanonistow.pl\/?s={search_term_string}\"},\"query-input\":{\"@type\":\"PropertyValueSpecification\",\"valueRequired\":true,\"valueName\":\"search_term_string\"}}],\"inLanguage\":\"pl-PL\"},{\"@type\":\"Organization\",\"@id\":\"https:\/\/www.stowarzyszeniekanonistow.pl\/#organization\",\"name\":\"Stowarzyszenie Kanonist\u00f3w Polskich\",\"url\":\"https:\/\/www.stowarzyszeniekanonistow.pl\/\",\"logo\":{\"@type\":\"ImageObject\",\"inLanguage\":\"pl-PL\",\"@id\":\"https:\/\/www.stowarzyszeniekanonistow.pl\/#\/schema\/logo\/image\/\",\"url\":\"http:\/\/www.stowarzyszeniekanonistow.pl\/wp-content\/uploads\/2020\/04\/SKP_logo.gif\",\"contentUrl\":\"http:\/\/www.stowarzyszeniekanonistow.pl\/wp-content\/uploads\/2020\/04\/SKP_logo.gif\",\"width\":560,\"height\":548,\"caption\":\"Stowarzyszenie Kanonist\u00f3w Polskich\"},\"image\":{\"@id\":\"https:\/\/www.stowarzyszeniekanonistow.pl\/#\/schema\/logo\/image\/\"}}]}<\/script>\n<!-- \/ Yoast SEO plugin. -->","yoast_head_json":{"title":"Zasady recenzowania - Stowarzyszenie Kanonist\u00f3w Polskich","robots":{"index":"index","follow":"follow","max-snippet":"max-snippet:-1","max-image-preview":"max-image-preview:large","max-video-preview":"max-video-preview:-1"},"canonical":"https:\/\/www.stowarzyszeniekanonistow.pl\/index.php\/zasady-recenzowania\/","og_locale":"pl_PL","og_type":"article","og_title":"Zasady recenzowania - Stowarzyszenie Kanonist\u00f3w Polskich","og_description":"Wszystkie opublikowane w \u201eBiuletynie Stowarzyszenia Kanonist\u00f3w Polskich\u201d teksty podlegaj\u0105 uprzedniej procedurze recenzyjnej. Zesp\u00f3\u0142 redakcyjny \u201eBiuletynu Stowarzyszenia Kanonist\u00f3w Polskich\u201d wraz z cz\u0142onkami Rady Naukowej, dokonuje wst\u0119pnej oceny nades\u0142anego tekstu pod wzgl\u0119dem jego zgodno\u015bci z \u2192 celem i zakresem tematycznym czasopisma oraz z wymogami formalnymi obowi\u0105zuj\u0105cymi w czasopi\u015bmie (\u2192 informacje dla Autor\u00f3w). Sekretarz Redakcji \u2013 po wst\u0119pnej ocenie \u2013 przesy\u0142a\u2026 Read More &raquo;","og_url":"https:\/\/www.stowarzyszeniekanonistow.pl\/index.php\/zasady-recenzowania\/","og_site_name":"Stowarzyszenie Kanonist\u00f3w Polskich","article_modified_time":"2021-10-18T16:39:39+00:00","twitter_card":"summary_large_image","twitter_misc":{"Szacowany czas czytania":"2 minuty"},"schema":{"@context":"https:\/\/schema.org","@graph":[{"@type":"WebPage","@id":"https:\/\/www.stowarzyszeniekanonistow.pl\/index.php\/zasady-recenzowania\/","url":"https:\/\/www.stowarzyszeniekanonistow.pl\/index.php\/zasady-recenzowania\/","name":"Zasady recenzowania - Stowarzyszenie Kanonist\u00f3w Polskich","isPartOf":{"@id":"https:\/\/www.stowarzyszeniekanonistow.pl\/#website"},"datePublished":"2020-04-21T22:10:01+00:00","dateModified":"2021-10-18T16:39:39+00:00","breadcrumb":{"@id":"https:\/\/www.stowarzyszeniekanonistow.pl\/index.php\/zasady-recenzowania\/#breadcrumb"},"inLanguage":"pl-PL","potentialAction":[{"@type":"ReadAction","target":["https:\/\/www.stowarzyszeniekanonistow.pl\/index.php\/zasady-recenzowania\/"]}]},{"@type":"BreadcrumbList","@id":"https:\/\/www.stowarzyszeniekanonistow.pl\/index.php\/zasady-recenzowania\/#breadcrumb","itemListElement":[{"@type":"ListItem","position":1,"name":"Strona g\u0142\u00f3wna","item":"https:\/\/www.stowarzyszeniekanonistow.pl\/"},{"@type":"ListItem","position":2,"name":"Zasady recenzowania"}]},{"@type":"WebSite","@id":"https:\/\/www.stowarzyszeniekanonistow.pl\/#website","url":"https:\/\/www.stowarzyszeniekanonistow.pl\/","name":"Stowarzyszenie Kanonist\u00f3w Polskich","description":"","publisher":{"@id":"https:\/\/www.stowarzyszeniekanonistow.pl\/#organization"},"potentialAction":[{"@type":"SearchAction","target":{"@type":"EntryPoint","urlTemplate":"https:\/\/www.stowarzyszeniekanonistow.pl\/?s={search_term_string}"},"query-input":{"@type":"PropertyValueSpecification","valueRequired":true,"valueName":"search_term_string"}}],"inLanguage":"pl-PL"},{"@type":"Organization","@id":"https:\/\/www.stowarzyszeniekanonistow.pl\/#organization","name":"Stowarzyszenie Kanonist\u00f3w Polskich","url":"https:\/\/www.stowarzyszeniekanonistow.pl\/","logo":{"@type":"ImageObject","inLanguage":"pl-PL","@id":"https:\/\/www.stowarzyszeniekanonistow.pl\/#\/schema\/logo\/image\/","url":"http:\/\/www.stowarzyszeniekanonistow.pl\/wp-content\/uploads\/2020\/04\/SKP_logo.gif","contentUrl":"http:\/\/www.stowarzyszeniekanonistow.pl\/wp-content\/uploads\/2020\/04\/SKP_logo.gif","width":560,"height":548,"caption":"Stowarzyszenie Kanonist\u00f3w Polskich"},"image":{"@id":"https:\/\/www.stowarzyszeniekanonistow.pl\/#\/schema\/logo\/image\/"}}]}},"_links":{"self":[{"href":"https:\/\/www.stowarzyszeniekanonistow.pl\/index.php\/wp-json\/wp\/v2\/pages\/57"}],"collection":[{"href":"https:\/\/www.stowarzyszeniekanonistow.pl\/index.php\/wp-json\/wp\/v2\/pages"}],"about":[{"href":"https:\/\/www.stowarzyszeniekanonistow.pl\/index.php\/wp-json\/wp\/v2\/types\/page"}],"author":[{"embeddable":true,"href":"https:\/\/www.stowarzyszeniekanonistow.pl\/index.php\/wp-json\/wp\/v2\/users\/1"}],"replies":[{"embeddable":true,"href":"https:\/\/www.stowarzyszeniekanonistow.pl\/index.php\/wp-json\/wp\/v2\/comments?post=57"}],"version-history":[{"count":10,"href":"https:\/\/www.stowarzyszeniekanonistow.pl\/index.php\/wp-json\/wp\/v2\/pages\/57\/revisions"}],"predecessor-version":[{"id":967,"href":"https:\/\/www.stowarzyszeniekanonistow.pl\/index.php\/wp-json\/wp\/v2\/pages\/57\/revisions\/967"}],"wp:attachment":[{"href":"https:\/\/www.stowarzyszeniekanonistow.pl\/index.php\/wp-json\/wp\/v2\/media?parent=57"}],"curies":[{"name":"wp","href":"https:\/\/api.w.org\/{rel}","templated":true}]}}