{"id":60,"date":"2020-04-22T00:11:48","date_gmt":"2020-04-21T22:11:48","guid":{"rendered":"http:\/\/serwer1601727.home.pl\/autoinstalator\/wordpressplugins1\/?page_id=60"},"modified":"2021-10-18T17:58:56","modified_gmt":"2021-10-18T15:58:56","slug":"zespol-redakcyjny","status":"publish","type":"page","link":"https:\/\/www.stowarzyszeniekanonistow.pl\/index.php\/zespol-redakcyjny\/","title":{"rendered":"Zesp\u00f3\u0142 redakcyjny"},"content":{"rendered":"\t\t<div data-elementor-type=\"wp-page\" data-elementor-id=\"60\" class=\"elementor elementor-60\" data-elementor-post-type=\"page\">\n\t\t\t\t\t\t<section class=\"elementor-section elementor-top-section elementor-element elementor-element-2a9e029 elementor-section-boxed elementor-section-height-default elementor-section-height-default\" data-id=\"2a9e029\" data-element_type=\"section\" data-settings=\"{&quot;_ha_eqh_enable&quot;:false}\">\n\t\t\t\t\t\t<div class=\"elementor-container elementor-column-gap-default\">\n\t\t\t\t\t<div class=\"elementor-column elementor-col-100 elementor-top-column elementor-element elementor-element-eb565cd\" data-id=\"eb565cd\" data-element_type=\"column\">\n\t\t\t<div class=\"elementor-widget-wrap elementor-element-populated\">\n\t\t\t\t\t\t<div class=\"elementor-element elementor-element-4e1729f elementor-widget elementor-widget-text-editor\" data-id=\"4e1729f\" data-element_type=\"widget\" data-widget_type=\"text-editor.default\">\n\t\t\t\t<div class=\"elementor-widget-container\">\n\t\t\t\t\t\t\t<p><span style=\"color: #000000;\">Ks. prof. dr hab. <a href=\"https:\/\/www.kul.pl\/j-krukowski,art_14194.html\"><strong><span style=\"color: #333399;\">\u00a0J\u00f3zef Krukowski<\/span><\/strong><\/a> (Polska, Polska Akademia Nauk Oddzia\u0142 w Lublinie) \u2013 <strong>redaktor naczelny<br \/><\/strong><\/span><strong style=\"color: #000000;\"><span style=\"color: #008000;\">e-mail: jkruk@kul.pl<\/span><\/strong><span style=\"color: #000000;\">\u00a0<\/span><\/p><p><span style=\"color: #000000;\">Ks. prof. dr hab. <a href=\"https:\/\/www.kul.pl\/ks-dr-hab-miroslaw-sitarz-prof-kul,art_25902.html\"><strong><span style=\"color: #333399;\">Miros\u0142aw Sitarz<\/span><\/strong><\/a> (Polska, Katolicki Uniwersytet Lubelski Jana Paw\u0142a II) \u2013 <strong>sekretarz<\/strong>\u00a0<br \/><strong><span style=\"color: #008000;\">e-mail: mpsitarz@kul.pl<\/span><\/strong><\/span><\/p><p><span style=\"color: #000000;\">O. dr <a href=\"http:\/\/www.rkc.lviv.ua\/Stanislav_Kava-page-pl\"><strong><span style=\"color: #333399;\">Stanis\u0142aw Kawa<\/span> <\/strong><\/a>(Ukraina, Instytut Teologiczny im. \u015aw. J\u00f3zefa Bilczewskiego we Lwowie)<br \/><strong><span style=\"color: #008000;\">e-mail: stankava@gmail.com<\/span><\/strong><\/span><\/p><p><span style=\"color: #000000;\">Ks. dr <\/span><span style=\"color: #333399;\"><a style=\"color: #333399;\" href=\"https:\/\/www.kul.pl\/ks-dr-pawel-lewandowski,art_92910.html\"><b>Pawe\u0142 Lewandowski <\/b><\/a><span style=\"color: #000000;\">(Polska, Katolicki Uniwersytet Lubelski Jana Paw\u0142a II)<br \/><strong><span style=\"color: #008000;\">e-mail: <\/span><span style=\"color: #008000;\">lewandowski@kul.lublin.pl<\/span><span style=\"color: #008000;\">\u00a0<\/span><\/strong><\/span><\/span><\/p><p><span style=\"color: #000000;\">Ks. dr hab. <a href=\"http:\/\/worldcat.org\/identities\/viaf-305293118\/\"><strong><span style=\"color: #333399;\">Jozef Mar\u010din<\/span> <\/strong><\/a>(S\u0142owacja, Uniwersytet Katolicki w Ru\u017comberku)<br \/><strong><span style=\"color: #008000;\">e-mail: marcin.jozef@rimkat.sk<\/span><\/strong><\/span><\/p><p><span style=\"color: #000000;\">Dr <a href=\"https:\/\/www.pf.upol.cz\/nc\/kontakty\/vizitka\/empid\/20003072\/\"><strong><span style=\"color: #333399;\">Monika Menke<\/span><\/strong><\/a> (Czechy, Uniwersytet Palackiego w O\u0142omu\u0144cu)<br \/><strong><span style=\"color: #008000;\">e-mail: monika.menke@upol.cz<\/span><\/strong><\/span><\/p><p><span style=\"color: #000000;\">Dr <a href=\"http:\/\/ezp.truni.sk\/opacOLD?fn=searchform&amp;fs=D07704C0AEDF4867BF9D6B3470ABE635\"><strong><span style=\"color: #333399;\">Michaela Morav\u010dikova<\/span><\/strong><\/a> (S\u0142owacja, Uniwersytet Trnawski w Trnawie)<br \/><strong><span style=\"color: #008000;\">e-mail: moravcikova@gmail.com<\/span><\/strong><\/span><\/p><p><span style=\"color: #000000;\">Dr <a href=\"https:\/\/www.kul.pl\/dr-agnieszka-romanko,art_50005.html\"><strong><span style=\"color: #333399;\">Agnieszka Romanko<\/span><\/strong><\/a> (Polska, Katolicki Uniwersytet Lubelski Jana Paw\u0142a II)<br \/><strong><span style=\"color: #008000;\">e-mail: agnieszka24@kul.pl<\/span><\/strong><\/span><\/p><p style=\"text-align: center;\"><span style=\"color: #000000;\"><strong>Adres Redakcji:<\/strong><\/span><\/p><p style=\"text-align: center;\"><span style=\"color: #000000;\">Al. Rac\u0142awickie 14, C-742, 20-950 Lublin<\/span><\/p><p style=\"text-align: center;\"><span style=\"color: #000000;\">tel.\/fax.\u00a081 445 37 42<\/span><\/p><p style=\"text-align: center;\"><span style=\"color: #000000;\">e-mail:\u00a0<a style=\"color: #000000;\" href=\"mailto:kkpp@kul.pl\">kkpp@kul.pl<\/a><\/span><\/p>\t\t\t\t\t\t<\/div>\n\t\t\t\t<\/div>\n\t\t\t\t\t<\/div>\n\t\t<\/div>\n\t\t\t\t\t<\/div>\n\t\t<\/section>\n\t\t\t\t<\/div>\n\t\t","protected":false},"excerpt":{"rendered":"<p>Ks. prof. dr hab. \u00a0J\u00f3zef Krukowski (Polska, Polska Akademia Nauk Oddzia\u0142 w Lublinie) \u2013 redaktor naczelnye-mail: jkruk@kul.pl\u00a0 Ks. prof. dr hab. Miros\u0142aw Sitarz (Polska, Katolicki Uniwersytet Lubelski Jana Paw\u0142a II) \u2013 sekretarz\u00a0e-mail: mpsitarz@kul.pl O. dr Stanis\u0142aw Kawa (Ukraina, Instytut Teologiczny im. \u015aw. J\u00f3zefa Bilczewskiego we Lwowie)e-mail: stankava@gmail.com Ks. dr Pawe\u0142 Lewandowski (Polska, Katolicki Uniwersytet Lubelski Jana Paw\u0142a II)e-mail:\u2026 <span class=\"read-more\"><a href=\"https:\/\/www.stowarzyszeniekanonistow.pl\/index.php\/zespol-redakcyjny\/\">Read More &raquo;<\/a><\/span><\/p>\n","protected":false},"author":1,"featured_media":0,"parent":0,"menu_order":0,"comment_status":"closed","ping_status":"closed","template":"","meta":{"footnotes":""},"class_list":["post-60","page","type-page","status-publish","hentry"],"yoast_head":"<!-- This site is optimized with the Yoast SEO plugin v23.4 - https:\/\/yoast.com\/wordpress\/plugins\/seo\/ -->\n<title>Zesp\u00f3\u0142 redakcyjny - Stowarzyszenie Kanonist\u00f3w Polskich<\/title>\n<meta name=\"robots\" content=\"index, follow, max-snippet:-1, max-image-preview:large, max-video-preview:-1\" \/>\n<link rel=\"canonical\" href=\"https:\/\/www.stowarzyszeniekanonistow.pl\/index.php\/zespol-redakcyjny\/\" \/>\n<meta property=\"og:locale\" content=\"pl_PL\" \/>\n<meta property=\"og:type\" content=\"article\" \/>\n<meta property=\"og:title\" content=\"Zesp\u00f3\u0142 redakcyjny - Stowarzyszenie Kanonist\u00f3w Polskich\" \/>\n<meta property=\"og:description\" content=\"Ks. prof. dr hab. \u00a0J\u00f3zef Krukowski (Polska, Polska Akademia Nauk Oddzia\u0142 w Lublinie) \u2013 redaktor naczelnye-mail: jkruk@kul.pl\u00a0 Ks. prof. dr hab. Miros\u0142aw Sitarz (Polska, Katolicki Uniwersytet Lubelski Jana Paw\u0142a II) \u2013 sekretarz\u00a0e-mail: mpsitarz@kul.pl O. dr Stanis\u0142aw Kawa (Ukraina, Instytut Teologiczny im. \u015aw. J\u00f3zefa Bilczewskiego we Lwowie)e-mail: stankava@gmail.com Ks. dr Pawe\u0142 Lewandowski (Polska, Katolicki Uniwersytet Lubelski Jana Paw\u0142a II)e-mail:\u2026 Read More &raquo;\" \/>\n<meta property=\"og:url\" content=\"https:\/\/www.stowarzyszeniekanonistow.pl\/index.php\/zespol-redakcyjny\/\" \/>\n<meta property=\"og:site_name\" content=\"Stowarzyszenie Kanonist\u00f3w Polskich\" \/>\n<meta property=\"article:modified_time\" content=\"2021-10-18T15:58:56+00:00\" \/>\n<meta name=\"twitter:card\" content=\"summary_large_image\" \/>\n<meta name=\"twitter:label1\" content=\"Szacowany czas czytania\" \/>\n\t<meta name=\"twitter:data1\" content=\"1 minuta\" \/>\n<script type=\"application\/ld+json\" class=\"yoast-schema-graph\">{\"@context\":\"https:\/\/schema.org\",\"@graph\":[{\"@type\":\"WebPage\",\"@id\":\"https:\/\/www.stowarzyszeniekanonistow.pl\/index.php\/zespol-redakcyjny\/\",\"url\":\"https:\/\/www.stowarzyszeniekanonistow.pl\/index.php\/zespol-redakcyjny\/\",\"name\":\"Zesp\u00f3\u0142 redakcyjny - Stowarzyszenie Kanonist\u00f3w Polskich\",\"isPartOf\":{\"@id\":\"https:\/\/www.stowarzyszeniekanonistow.pl\/#website\"},\"datePublished\":\"2020-04-21T22:11:48+00:00\",\"dateModified\":\"2021-10-18T15:58:56+00:00\",\"breadcrumb\":{\"@id\":\"https:\/\/www.stowarzyszeniekanonistow.pl\/index.php\/zespol-redakcyjny\/#breadcrumb\"},\"inLanguage\":\"pl-PL\",\"potentialAction\":[{\"@type\":\"ReadAction\",\"target\":[\"https:\/\/www.stowarzyszeniekanonistow.pl\/index.php\/zespol-redakcyjny\/\"]}]},{\"@type\":\"BreadcrumbList\",\"@id\":\"https:\/\/www.stowarzyszeniekanonistow.pl\/index.php\/zespol-redakcyjny\/#breadcrumb\",\"itemListElement\":[{\"@type\":\"ListItem\",\"position\":1,\"name\":\"Strona g\u0142\u00f3wna\",\"item\":\"https:\/\/www.stowarzyszeniekanonistow.pl\/\"},{\"@type\":\"ListItem\",\"position\":2,\"name\":\"Zesp\u00f3\u0142 redakcyjny\"}]},{\"@type\":\"WebSite\",\"@id\":\"https:\/\/www.stowarzyszeniekanonistow.pl\/#website\",\"url\":\"https:\/\/www.stowarzyszeniekanonistow.pl\/\",\"name\":\"Stowarzyszenie Kanonist\u00f3w Polskich\",\"description\":\"\",\"publisher\":{\"@id\":\"https:\/\/www.stowarzyszeniekanonistow.pl\/#organization\"},\"potentialAction\":[{\"@type\":\"SearchAction\",\"target\":{\"@type\":\"EntryPoint\",\"urlTemplate\":\"https:\/\/www.stowarzyszeniekanonistow.pl\/?s={search_term_string}\"},\"query-input\":{\"@type\":\"PropertyValueSpecification\",\"valueRequired\":true,\"valueName\":\"search_term_string\"}}],\"inLanguage\":\"pl-PL\"},{\"@type\":\"Organization\",\"@id\":\"https:\/\/www.stowarzyszeniekanonistow.pl\/#organization\",\"name\":\"Stowarzyszenie Kanonist\u00f3w Polskich\",\"url\":\"https:\/\/www.stowarzyszeniekanonistow.pl\/\",\"logo\":{\"@type\":\"ImageObject\",\"inLanguage\":\"pl-PL\",\"@id\":\"https:\/\/www.stowarzyszeniekanonistow.pl\/#\/schema\/logo\/image\/\",\"url\":\"http:\/\/www.stowarzyszeniekanonistow.pl\/wp-content\/uploads\/2020\/04\/SKP_logo.gif\",\"contentUrl\":\"http:\/\/www.stowarzyszeniekanonistow.pl\/wp-content\/uploads\/2020\/04\/SKP_logo.gif\",\"width\":560,\"height\":548,\"caption\":\"Stowarzyszenie Kanonist\u00f3w Polskich\"},\"image\":{\"@id\":\"https:\/\/www.stowarzyszeniekanonistow.pl\/#\/schema\/logo\/image\/\"}}]}<\/script>\n<!-- \/ Yoast SEO plugin. -->","yoast_head_json":{"title":"Zesp\u00f3\u0142 redakcyjny - Stowarzyszenie Kanonist\u00f3w Polskich","robots":{"index":"index","follow":"follow","max-snippet":"max-snippet:-1","max-image-preview":"max-image-preview:large","max-video-preview":"max-video-preview:-1"},"canonical":"https:\/\/www.stowarzyszeniekanonistow.pl\/index.php\/zespol-redakcyjny\/","og_locale":"pl_PL","og_type":"article","og_title":"Zesp\u00f3\u0142 redakcyjny - Stowarzyszenie Kanonist\u00f3w Polskich","og_description":"Ks. prof. dr hab. \u00a0J\u00f3zef Krukowski (Polska, Polska Akademia Nauk Oddzia\u0142 w Lublinie) \u2013 redaktor naczelnye-mail: jkruk@kul.pl\u00a0 Ks. prof. dr hab. Miros\u0142aw Sitarz (Polska, Katolicki Uniwersytet Lubelski Jana Paw\u0142a II) \u2013 sekretarz\u00a0e-mail: mpsitarz@kul.pl O. dr Stanis\u0142aw Kawa (Ukraina, Instytut Teologiczny im. \u015aw. J\u00f3zefa Bilczewskiego we Lwowie)e-mail: stankava@gmail.com Ks. dr Pawe\u0142 Lewandowski (Polska, Katolicki Uniwersytet Lubelski Jana Paw\u0142a II)e-mail:\u2026 Read More &raquo;","og_url":"https:\/\/www.stowarzyszeniekanonistow.pl\/index.php\/zespol-redakcyjny\/","og_site_name":"Stowarzyszenie Kanonist\u00f3w Polskich","article_modified_time":"2021-10-18T15:58:56+00:00","twitter_card":"summary_large_image","twitter_misc":{"Szacowany czas czytania":"1 minuta"},"schema":{"@context":"https:\/\/schema.org","@graph":[{"@type":"WebPage","@id":"https:\/\/www.stowarzyszeniekanonistow.pl\/index.php\/zespol-redakcyjny\/","url":"https:\/\/www.stowarzyszeniekanonistow.pl\/index.php\/zespol-redakcyjny\/","name":"Zesp\u00f3\u0142 redakcyjny - Stowarzyszenie Kanonist\u00f3w Polskich","isPartOf":{"@id":"https:\/\/www.stowarzyszeniekanonistow.pl\/#website"},"datePublished":"2020-04-21T22:11:48+00:00","dateModified":"2021-10-18T15:58:56+00:00","breadcrumb":{"@id":"https:\/\/www.stowarzyszeniekanonistow.pl\/index.php\/zespol-redakcyjny\/#breadcrumb"},"inLanguage":"pl-PL","potentialAction":[{"@type":"ReadAction","target":["https:\/\/www.stowarzyszeniekanonistow.pl\/index.php\/zespol-redakcyjny\/"]}]},{"@type":"BreadcrumbList","@id":"https:\/\/www.stowarzyszeniekanonistow.pl\/index.php\/zespol-redakcyjny\/#breadcrumb","itemListElement":[{"@type":"ListItem","position":1,"name":"Strona g\u0142\u00f3wna","item":"https:\/\/www.stowarzyszeniekanonistow.pl\/"},{"@type":"ListItem","position":2,"name":"Zesp\u00f3\u0142 redakcyjny"}]},{"@type":"WebSite","@id":"https:\/\/www.stowarzyszeniekanonistow.pl\/#website","url":"https:\/\/www.stowarzyszeniekanonistow.pl\/","name":"Stowarzyszenie Kanonist\u00f3w Polskich","description":"","publisher":{"@id":"https:\/\/www.stowarzyszeniekanonistow.pl\/#organization"},"potentialAction":[{"@type":"SearchAction","target":{"@type":"EntryPoint","urlTemplate":"https:\/\/www.stowarzyszeniekanonistow.pl\/?s={search_term_string}"},"query-input":{"@type":"PropertyValueSpecification","valueRequired":true,"valueName":"search_term_string"}}],"inLanguage":"pl-PL"},{"@type":"Organization","@id":"https:\/\/www.stowarzyszeniekanonistow.pl\/#organization","name":"Stowarzyszenie Kanonist\u00f3w Polskich","url":"https:\/\/www.stowarzyszeniekanonistow.pl\/","logo":{"@type":"ImageObject","inLanguage":"pl-PL","@id":"https:\/\/www.stowarzyszeniekanonistow.pl\/#\/schema\/logo\/image\/","url":"http:\/\/www.stowarzyszeniekanonistow.pl\/wp-content\/uploads\/2020\/04\/SKP_logo.gif","contentUrl":"http:\/\/www.stowarzyszeniekanonistow.pl\/wp-content\/uploads\/2020\/04\/SKP_logo.gif","width":560,"height":548,"caption":"Stowarzyszenie Kanonist\u00f3w Polskich"},"image":{"@id":"https:\/\/www.stowarzyszeniekanonistow.pl\/#\/schema\/logo\/image\/"}}]}},"_links":{"self":[{"href":"https:\/\/www.stowarzyszeniekanonistow.pl\/index.php\/wp-json\/wp\/v2\/pages\/60"}],"collection":[{"href":"https:\/\/www.stowarzyszeniekanonistow.pl\/index.php\/wp-json\/wp\/v2\/pages"}],"about":[{"href":"https:\/\/www.stowarzyszeniekanonistow.pl\/index.php\/wp-json\/wp\/v2\/types\/page"}],"author":[{"embeddable":true,"href":"https:\/\/www.stowarzyszeniekanonistow.pl\/index.php\/wp-json\/wp\/v2\/users\/1"}],"replies":[{"embeddable":true,"href":"https:\/\/www.stowarzyszeniekanonistow.pl\/index.php\/wp-json\/wp\/v2\/comments?post=60"}],"version-history":[{"count":17,"href":"https:\/\/www.stowarzyszeniekanonistow.pl\/index.php\/wp-json\/wp\/v2\/pages\/60\/revisions"}],"predecessor-version":[{"id":943,"href":"https:\/\/www.stowarzyszeniekanonistow.pl\/index.php\/wp-json\/wp\/v2\/pages\/60\/revisions\/943"}],"wp:attachment":[{"href":"https:\/\/www.stowarzyszeniekanonistow.pl\/index.php\/wp-json\/wp\/v2\/media?parent=60"}],"curies":[{"name":"wp","href":"https:\/\/api.w.org\/{rel}","templated":true}]}}