{"id":64,"date":"2020-04-22T00:13:10","date_gmt":"2020-04-21T22:13:10","guid":{"rendered":"http:\/\/serwer1601727.home.pl\/autoinstalator\/wordpressplugins1\/?page_id=64"},"modified":"2021-10-18T18:13:28","modified_gmt":"2021-10-18T16:13:28","slug":"rada-naukowa","status":"publish","type":"page","link":"https:\/\/www.stowarzyszeniekanonistow.pl\/index.php\/rada-naukowa\/","title":{"rendered":"Rada Naukowa"},"content":{"rendered":"\t\t<div data-elementor-type=\"wp-page\" data-elementor-id=\"64\" class=\"elementor elementor-64\" data-elementor-post-type=\"page\">\n\t\t\t\t\t\t<section class=\"elementor-section elementor-top-section elementor-element elementor-element-07b7189 elementor-section-boxed elementor-section-height-default elementor-section-height-default\" data-id=\"07b7189\" data-element_type=\"section\" data-settings=\"{&quot;_ha_eqh_enable&quot;:false}\">\n\t\t\t\t\t\t<div class=\"elementor-container elementor-column-gap-default\">\n\t\t\t\t\t<div class=\"elementor-column elementor-col-100 elementor-top-column elementor-element elementor-element-758a3d1\" data-id=\"758a3d1\" data-element_type=\"column\">\n\t\t\t<div class=\"elementor-widget-wrap elementor-element-populated\">\n\t\t\t\t\t\t<div class=\"elementor-element elementor-element-3bd0b19 elementor-widget elementor-widget-text-editor\" data-id=\"3bd0b19\" data-element_type=\"widget\" data-widget_type=\"text-editor.default\">\n\t\t\t\t<div class=\"elementor-widget-container\">\n\t\t\t\t\t\t\t<p><span style=\"color: #000000;\">Bp prof. dr<span style=\"color: #000080;\">\u00a0<\/span><strong><span style=\"color: #000080;\">Juan Ignacio Arrieta<\/span>\u00a0<\/strong>(Papieski Uniwersytet \u015bw. Krzy\u017ca w Rzymie, W\u0142ochy)<\/span><\/p><p><span style=\"color: #000000;\">Ks. prof. dr hab.\u00a0<span style=\"color: #000080;\"><strong>Jean Paul Durand<\/strong><\/span>\u00a0(Instytut Katolicki w Pary\u017cu, Francja)<\/span><\/p><p><span style=\"color: #000000;\">Ks. prof. dr hab.<span style=\"color: #000080;\"><strong>\u00a0Wojciech G\u00f3ralski<\/strong>\u00a0<\/span>(Uniwersytet Kardyna\u0142a Stefana Wyszy\u0144skiego w Warszawie, Polska)<\/span><\/p><p><span style=\"color: #000000;\">Ks. prof. dr hab.<strong>\u00a0<span style=\"color: #000080;\">Edward G\u00f3recki\u00a0<\/span><\/strong>(Papieski Wydzia\u0142 Teologiczny we Wroc\u0142awiu, Polska)<\/span><\/p><p><span style=\"color: #000000;\">Doc. dr <span style=\"color: #000080;\"><strong>Z\u00e1boj Hor\u00e1k<\/strong> <\/span>(Uniwersytet Karola w Pradze, Czechy)<\/span><\/p><p><span style=\"color: #000000;\">Ks. prof.\u00a0<span style=\"color: #000080;\"><strong>Janusz Piotr Kowal<\/strong>\u00a0<\/span>(Papieski Uniwersytet Gregoria\u0144ski, W\u0142ochy)<\/span><\/p><p><span style=\"color: #000000;\">Ks. prof. dr hab.<strong><span style=\"color: #000080;\">\u00a0J\u00f3zef Krukowski<\/span>\u00a0<\/strong>(Polska Akademia Nauk Oddzia\u0142 w Lublinie, Polska)<\/span><\/p><p><span style=\"color: #000000;\">Prof. dr hab. <strong><span style=\"color: #000080;\">Dami\u00e1n N\u0115mec<\/span>\u00a0<\/strong>(Uniwersytet Palackiego w\u00a0O\u0142omu\u0144cu, Czechy)<\/span><\/p><p><span style=\"color: #000000;\">Ks. prof. dr hab.<strong>\u00a0<span style=\"color: #000080;\">Tomasz Rozkrut<\/span>\u00a0<\/strong>(Uniwersytet Papieski Jana Paw\u0142a II w Krakowie, Polska)<\/span><\/p><p><span style=\"color: #000000;\">Ks. dr hab.<strong>\u00a0<span style=\"color: #000080;\">Miros\u0142aw Sitarz<\/span><\/strong>, prof. KUL (Katolicki Uniwersytet Lubelski Jana Paw\u0142a II, Polska)<\/span><\/p><p><span style=\"color: #000000;\">Prof. doc.\u00a0JUDr.<strong>\u00a0<span style=\"color: #000080;\">Marek \u0160mid<\/span><\/strong><span style=\"color: #000080;\">\u00a0<\/span>(Uniwersytet Trnawski w Trnawie, S\u0142owacja)<\/span><\/p><p><span style=\"color: #000000;\">Prof. JUDr.<strong>\u00a0<span style=\"color: #000080;\">Ji\u0159\u00ed Rajmund Tretera<\/span>\u00a0<\/strong>(Uniwersytet Karola w Pradze, Czechy)<\/span><\/p><p><span style=\"color: #000000;\">Ks. prof. <span style=\"color: #000080;\"><strong>Antonio Viana<\/strong> <\/span>(Uniwersytet Navarry, Hiszpania)<\/span><\/p><p><span style=\"color: #000000;\">Ks. prof. dr hab.\u00a0<span style=\"color: #000080;\"><strong>J\u00f3zef Wroce\u0144ski\u00a0<\/strong><\/span>(Uniwersytet Kardyna\u0142a Stefana Wyszy\u0144skiego w Warszawie, Polska)<\/span><\/p>\t\t\t\t\t\t<\/div>\n\t\t\t\t<\/div>\n\t\t\t\t\t<\/div>\n\t\t<\/div>\n\t\t\t\t\t<\/div>\n\t\t<\/section>\n\t\t\t\t<\/div>\n\t\t","protected":false},"excerpt":{"rendered":"<p>Bp prof. dr\u00a0Juan Ignacio Arrieta\u00a0(Papieski Uniwersytet \u015bw. Krzy\u017ca w Rzymie, W\u0142ochy) Ks. prof. dr hab.\u00a0Jean Paul Durand\u00a0(Instytut Katolicki w Pary\u017cu, Francja) Ks. prof. dr hab.\u00a0Wojciech G\u00f3ralski\u00a0(Uniwersytet Kardyna\u0142a Stefana Wyszy\u0144skiego w Warszawie, Polska) Ks. prof. dr hab.\u00a0Edward G\u00f3recki\u00a0(Papieski Wydzia\u0142 Teologiczny we Wroc\u0142awiu, Polska) Doc. dr Z\u00e1boj Hor\u00e1k (Uniwersytet Karola w Pradze, Czechy) Ks. prof.\u00a0Janusz Piotr Kowal\u00a0(Papieski Uniwersytet Gregoria\u0144ski, W\u0142ochy)\u2026 <span class=\"read-more\"><a href=\"https:\/\/www.stowarzyszeniekanonistow.pl\/index.php\/rada-naukowa\/\">Read More &raquo;<\/a><\/span><\/p>\n","protected":false},"author":1,"featured_media":0,"parent":0,"menu_order":0,"comment_status":"closed","ping_status":"closed","template":"","meta":{"footnotes":""},"class_list":["post-64","page","type-page","status-publish","hentry"],"yoast_head":"<!-- This site is optimized with the Yoast SEO plugin v23.4 - https:\/\/yoast.com\/wordpress\/plugins\/seo\/ -->\n<title>Rada Naukowa - Stowarzyszenie Kanonist\u00f3w Polskich<\/title>\n<meta name=\"robots\" content=\"index, follow, max-snippet:-1, max-image-preview:large, max-video-preview:-1\" \/>\n<link rel=\"canonical\" href=\"https:\/\/www.stowarzyszeniekanonistow.pl\/index.php\/rada-naukowa\/\" \/>\n<meta property=\"og:locale\" content=\"pl_PL\" \/>\n<meta property=\"og:type\" content=\"article\" \/>\n<meta property=\"og:title\" content=\"Rada Naukowa - Stowarzyszenie Kanonist\u00f3w Polskich\" \/>\n<meta property=\"og:description\" content=\"Bp prof. dr\u00a0Juan Ignacio Arrieta\u00a0(Papieski Uniwersytet \u015bw. Krzy\u017ca w Rzymie, W\u0142ochy) Ks. prof. dr hab.\u00a0Jean Paul Durand\u00a0(Instytut Katolicki w Pary\u017cu, Francja) Ks. prof. dr hab.\u00a0Wojciech G\u00f3ralski\u00a0(Uniwersytet Kardyna\u0142a Stefana Wyszy\u0144skiego w Warszawie, Polska) Ks. prof. dr hab.\u00a0Edward G\u00f3recki\u00a0(Papieski Wydzia\u0142 Teologiczny we Wroc\u0142awiu, Polska) Doc. dr Z\u00e1boj Hor\u00e1k (Uniwersytet Karola w Pradze, Czechy) Ks. prof.\u00a0Janusz Piotr Kowal\u00a0(Papieski Uniwersytet Gregoria\u0144ski, W\u0142ochy)\u2026 Read More &raquo;\" \/>\n<meta property=\"og:url\" content=\"https:\/\/www.stowarzyszeniekanonistow.pl\/index.php\/rada-naukowa\/\" \/>\n<meta property=\"og:site_name\" content=\"Stowarzyszenie Kanonist\u00f3w Polskich\" \/>\n<meta property=\"article:modified_time\" content=\"2021-10-18T16:13:28+00:00\" \/>\n<meta name=\"twitter:card\" content=\"summary_large_image\" \/>\n<meta name=\"twitter:label1\" content=\"Szacowany czas czytania\" \/>\n\t<meta name=\"twitter:data1\" content=\"1 minuta\" \/>\n<script type=\"application\/ld+json\" class=\"yoast-schema-graph\">{\"@context\":\"https:\/\/schema.org\",\"@graph\":[{\"@type\":\"WebPage\",\"@id\":\"https:\/\/www.stowarzyszeniekanonistow.pl\/index.php\/rada-naukowa\/\",\"url\":\"https:\/\/www.stowarzyszeniekanonistow.pl\/index.php\/rada-naukowa\/\",\"name\":\"Rada Naukowa - Stowarzyszenie Kanonist\u00f3w Polskich\",\"isPartOf\":{\"@id\":\"https:\/\/www.stowarzyszeniekanonistow.pl\/#website\"},\"datePublished\":\"2020-04-21T22:13:10+00:00\",\"dateModified\":\"2021-10-18T16:13:28+00:00\",\"breadcrumb\":{\"@id\":\"https:\/\/www.stowarzyszeniekanonistow.pl\/index.php\/rada-naukowa\/#breadcrumb\"},\"inLanguage\":\"pl-PL\",\"potentialAction\":[{\"@type\":\"ReadAction\",\"target\":[\"https:\/\/www.stowarzyszeniekanonistow.pl\/index.php\/rada-naukowa\/\"]}]},{\"@type\":\"BreadcrumbList\",\"@id\":\"https:\/\/www.stowarzyszeniekanonistow.pl\/index.php\/rada-naukowa\/#breadcrumb\",\"itemListElement\":[{\"@type\":\"ListItem\",\"position\":1,\"name\":\"Strona g\u0142\u00f3wna\",\"item\":\"https:\/\/www.stowarzyszeniekanonistow.pl\/\"},{\"@type\":\"ListItem\",\"position\":2,\"name\":\"Rada Naukowa\"}]},{\"@type\":\"WebSite\",\"@id\":\"https:\/\/www.stowarzyszeniekanonistow.pl\/#website\",\"url\":\"https:\/\/www.stowarzyszeniekanonistow.pl\/\",\"name\":\"Stowarzyszenie Kanonist\u00f3w Polskich\",\"description\":\"\",\"publisher\":{\"@id\":\"https:\/\/www.stowarzyszeniekanonistow.pl\/#organization\"},\"potentialAction\":[{\"@type\":\"SearchAction\",\"target\":{\"@type\":\"EntryPoint\",\"urlTemplate\":\"https:\/\/www.stowarzyszeniekanonistow.pl\/?s={search_term_string}\"},\"query-input\":{\"@type\":\"PropertyValueSpecification\",\"valueRequired\":true,\"valueName\":\"search_term_string\"}}],\"inLanguage\":\"pl-PL\"},{\"@type\":\"Organization\",\"@id\":\"https:\/\/www.stowarzyszeniekanonistow.pl\/#organization\",\"name\":\"Stowarzyszenie Kanonist\u00f3w Polskich\",\"url\":\"https:\/\/www.stowarzyszeniekanonistow.pl\/\",\"logo\":{\"@type\":\"ImageObject\",\"inLanguage\":\"pl-PL\",\"@id\":\"https:\/\/www.stowarzyszeniekanonistow.pl\/#\/schema\/logo\/image\/\",\"url\":\"http:\/\/www.stowarzyszeniekanonistow.pl\/wp-content\/uploads\/2020\/04\/SKP_logo.gif\",\"contentUrl\":\"http:\/\/www.stowarzyszeniekanonistow.pl\/wp-content\/uploads\/2020\/04\/SKP_logo.gif\",\"width\":560,\"height\":548,\"caption\":\"Stowarzyszenie Kanonist\u00f3w Polskich\"},\"image\":{\"@id\":\"https:\/\/www.stowarzyszeniekanonistow.pl\/#\/schema\/logo\/image\/\"}}]}<\/script>\n<!-- \/ Yoast SEO plugin. -->","yoast_head_json":{"title":"Rada Naukowa - Stowarzyszenie Kanonist\u00f3w Polskich","robots":{"index":"index","follow":"follow","max-snippet":"max-snippet:-1","max-image-preview":"max-image-preview:large","max-video-preview":"max-video-preview:-1"},"canonical":"https:\/\/www.stowarzyszeniekanonistow.pl\/index.php\/rada-naukowa\/","og_locale":"pl_PL","og_type":"article","og_title":"Rada Naukowa - Stowarzyszenie Kanonist\u00f3w Polskich","og_description":"Bp prof. dr\u00a0Juan Ignacio Arrieta\u00a0(Papieski Uniwersytet \u015bw. Krzy\u017ca w Rzymie, W\u0142ochy) Ks. prof. dr hab.\u00a0Jean Paul Durand\u00a0(Instytut Katolicki w Pary\u017cu, Francja) Ks. prof. dr hab.\u00a0Wojciech G\u00f3ralski\u00a0(Uniwersytet Kardyna\u0142a Stefana Wyszy\u0144skiego w Warszawie, Polska) Ks. prof. dr hab.\u00a0Edward G\u00f3recki\u00a0(Papieski Wydzia\u0142 Teologiczny we Wroc\u0142awiu, Polska) Doc. dr Z\u00e1boj Hor\u00e1k (Uniwersytet Karola w Pradze, Czechy) Ks. prof.\u00a0Janusz Piotr Kowal\u00a0(Papieski Uniwersytet Gregoria\u0144ski, W\u0142ochy)\u2026 Read More &raquo;","og_url":"https:\/\/www.stowarzyszeniekanonistow.pl\/index.php\/rada-naukowa\/","og_site_name":"Stowarzyszenie Kanonist\u00f3w Polskich","article_modified_time":"2021-10-18T16:13:28+00:00","twitter_card":"summary_large_image","twitter_misc":{"Szacowany czas czytania":"1 minuta"},"schema":{"@context":"https:\/\/schema.org","@graph":[{"@type":"WebPage","@id":"https:\/\/www.stowarzyszeniekanonistow.pl\/index.php\/rada-naukowa\/","url":"https:\/\/www.stowarzyszeniekanonistow.pl\/index.php\/rada-naukowa\/","name":"Rada Naukowa - Stowarzyszenie Kanonist\u00f3w Polskich","isPartOf":{"@id":"https:\/\/www.stowarzyszeniekanonistow.pl\/#website"},"datePublished":"2020-04-21T22:13:10+00:00","dateModified":"2021-10-18T16:13:28+00:00","breadcrumb":{"@id":"https:\/\/www.stowarzyszeniekanonistow.pl\/index.php\/rada-naukowa\/#breadcrumb"},"inLanguage":"pl-PL","potentialAction":[{"@type":"ReadAction","target":["https:\/\/www.stowarzyszeniekanonistow.pl\/index.php\/rada-naukowa\/"]}]},{"@type":"BreadcrumbList","@id":"https:\/\/www.stowarzyszeniekanonistow.pl\/index.php\/rada-naukowa\/#breadcrumb","itemListElement":[{"@type":"ListItem","position":1,"name":"Strona g\u0142\u00f3wna","item":"https:\/\/www.stowarzyszeniekanonistow.pl\/"},{"@type":"ListItem","position":2,"name":"Rada Naukowa"}]},{"@type":"WebSite","@id":"https:\/\/www.stowarzyszeniekanonistow.pl\/#website","url":"https:\/\/www.stowarzyszeniekanonistow.pl\/","name":"Stowarzyszenie Kanonist\u00f3w Polskich","description":"","publisher":{"@id":"https:\/\/www.stowarzyszeniekanonistow.pl\/#organization"},"potentialAction":[{"@type":"SearchAction","target":{"@type":"EntryPoint","urlTemplate":"https:\/\/www.stowarzyszeniekanonistow.pl\/?s={search_term_string}"},"query-input":{"@type":"PropertyValueSpecification","valueRequired":true,"valueName":"search_term_string"}}],"inLanguage":"pl-PL"},{"@type":"Organization","@id":"https:\/\/www.stowarzyszeniekanonistow.pl\/#organization","name":"Stowarzyszenie Kanonist\u00f3w Polskich","url":"https:\/\/www.stowarzyszeniekanonistow.pl\/","logo":{"@type":"ImageObject","inLanguage":"pl-PL","@id":"https:\/\/www.stowarzyszeniekanonistow.pl\/#\/schema\/logo\/image\/","url":"http:\/\/www.stowarzyszeniekanonistow.pl\/wp-content\/uploads\/2020\/04\/SKP_logo.gif","contentUrl":"http:\/\/www.stowarzyszeniekanonistow.pl\/wp-content\/uploads\/2020\/04\/SKP_logo.gif","width":560,"height":548,"caption":"Stowarzyszenie Kanonist\u00f3w Polskich"},"image":{"@id":"https:\/\/www.stowarzyszeniekanonistow.pl\/#\/schema\/logo\/image\/"}}]}},"_links":{"self":[{"href":"https:\/\/www.stowarzyszeniekanonistow.pl\/index.php\/wp-json\/wp\/v2\/pages\/64"}],"collection":[{"href":"https:\/\/www.stowarzyszeniekanonistow.pl\/index.php\/wp-json\/wp\/v2\/pages"}],"about":[{"href":"https:\/\/www.stowarzyszeniekanonistow.pl\/index.php\/wp-json\/wp\/v2\/types\/page"}],"author":[{"embeddable":true,"href":"https:\/\/www.stowarzyszeniekanonistow.pl\/index.php\/wp-json\/wp\/v2\/users\/1"}],"replies":[{"embeddable":true,"href":"https:\/\/www.stowarzyszeniekanonistow.pl\/index.php\/wp-json\/wp\/v2\/comments?post=64"}],"version-history":[{"count":8,"href":"https:\/\/www.stowarzyszeniekanonistow.pl\/index.php\/wp-json\/wp\/v2\/pages\/64\/revisions"}],"predecessor-version":[{"id":952,"href":"https:\/\/www.stowarzyszeniekanonistow.pl\/index.php\/wp-json\/wp\/v2\/pages\/64\/revisions\/952"}],"wp:attachment":[{"href":"https:\/\/www.stowarzyszeniekanonistow.pl\/index.php\/wp-json\/wp\/v2\/media?parent=64"}],"curies":[{"name":"wp","href":"https:\/\/api.w.org\/{rel}","templated":true}]}}