{"id":713,"date":"2021-01-31T00:08:19","date_gmt":"2021-01-30T23:08:19","guid":{"rendered":"http:\/\/www.stowarzyszeniekanonistow.pl\/?page_id=713"},"modified":"2021-10-18T18:18:10","modified_gmt":"2021-10-18T16:18:10","slug":"scientific-council","status":"publish","type":"page","link":"https:\/\/www.stowarzyszeniekanonistow.pl\/index.php\/scientific-council\/","title":{"rendered":"Scientific Council"},"content":{"rendered":"\t\t<div data-elementor-type=\"wp-page\" data-elementor-id=\"713\" class=\"elementor elementor-713\" data-elementor-post-type=\"page\">\n\t\t\t\t\t\t<section class=\"elementor-section elementor-top-section elementor-element elementor-element-07b7189 elementor-section-boxed elementor-section-height-default elementor-section-height-default\" data-id=\"07b7189\" data-element_type=\"section\" data-settings=\"{&quot;_ha_eqh_enable&quot;:false}\">\n\t\t\t\t\t\t<div class=\"elementor-container elementor-column-gap-default\">\n\t\t\t\t\t<div class=\"elementor-column elementor-col-100 elementor-top-column elementor-element elementor-element-758a3d1\" data-id=\"758a3d1\" data-element_type=\"column\">\n\t\t\t<div class=\"elementor-widget-wrap elementor-element-populated\">\n\t\t\t\t\t\t<div class=\"elementor-element elementor-element-3bd0b19 elementor-widget elementor-widget-text-editor\" data-id=\"3bd0b19\" data-element_type=\"widget\" data-widget_type=\"text-editor.default\">\n\t\t\t\t<div class=\"elementor-widget-container\">\n\t\t\t\t\t\t\t<p><span style=\"color: #000000;\">Bp Prof. <strong><span style=\"color: #333399;\">Juan Ignacio Arrieta<\/span><\/strong> (Pontifical University of the Holy Cross, Italy)<\/span><\/p><p><span style=\"color: #000000;\">Rev. Prof. Dr. habil. <strong><span style=\"color: #333399;\">Jean Paul Durand<\/span><\/strong> (Catholic University of Paris, France)<\/span><\/p><p><span style=\"color: #000000;\">Rev. Prof. Dr. habil. <strong><span style=\"color: #333399;\">Wojciech G\u00f3ralski<\/span> <\/strong>(Cardinal Stefan Wyszy\u0144ski University in Warsaw, Poland)<\/span><\/p><p><span style=\"color: #000000;\">Rev. Prof. Dr. habil.<strong><span style=\"color: #333399;\"> Edward G\u00f3recki<\/span> <\/strong>(Papal Faculty Of Theology, Poland)<\/span><\/p><p><span style=\"color: #000000;\">Doc. Dr. <strong><span style=\"color: #333399;\">Z\u00e1boj Hor\u00e1k<\/span><\/strong> (Charles University in Prague, Czech Republic)<\/span><\/p><p><span style=\"color: #000000;\">Rev. Prof. <strong><span style=\"color: #333399;\">Janusz Piotr Kowal<\/span><\/strong> (Pontifical Gregorian University, Italy)<\/span><\/p><p><span style=\"color: #000000;\">Rev. Prof. Dr. habil. <strong><span style=\"color: #333399;\">J\u00f3zef Krukowski<\/span><\/strong> (Polish Academy of Sciences Branch in Lublin, Poland)<\/span><\/p><p><span style=\"color: #000000;\">Prof. Dr. habil. <strong><span style=\"color: #333399;\">Dami\u00e1n N\u0115mec<\/span><\/strong> (Palacky University in Olomouc, Czech Republic)<\/span><\/p><p><span style=\"color: #000000;\">Rev. Prof. Dr. habil. <strong><span style=\"color: #333399;\">Tomasz Rozkrut<\/span> <\/strong>(The Pontifical University of John Paul II in Krakow, Poland)<\/span><\/p><p><span style=\"color: #000000;\">Rev. Prof. Dr. habil. <strong><span style=\"color: #333399;\">Miros\u0142aw Sitarz<\/span> <\/strong>(The John Paul II Catholic University of Lublin, Poland)<\/span><\/p><p><span style=\"color: #000000;\">Prof. Doc. Dr.<strong><span style=\"color: #333399;\"> Marek \u0160mid<\/span><\/strong> (Trnava University in Trnava, Slovakia)<\/span><\/p><p><span style=\"color: #000000;\">Prof. Dr. <strong><span style=\"color: #333399;\">Ji\u0159\u00ed Rajmund Tretera<\/span><\/strong> (Charles University in Prague, Czech Republic)<\/span><\/p><p><span style=\"color: #000000;\">Rev. Prof. <strong><span style=\"color: #333399;\">Antonio Viana<\/span><\/strong> (Navarra University, Spain)<\/span><\/p><p><span style=\"color: #000000;\">Rev. Prof. Dr. habil. <strong><span style=\"color: #333399;\">J\u00f3zef Wroce\u0144ki<\/span><\/strong> (Cardinal Stefan Wyszy\u0144ski University in Warsaw, Poland)<\/span><\/p><p><span style=\"color: #000000;\"><strong>\u00a0<\/strong><\/span><\/p>\t\t\t\t\t\t<\/div>\n\t\t\t\t<\/div>\n\t\t\t\t\t<\/div>\n\t\t<\/div>\n\t\t\t\t\t<\/div>\n\t\t<\/section>\n\t\t\t\t<\/div>\n\t\t","protected":false},"excerpt":{"rendered":"<p>Bp Prof. Juan Ignacio Arrieta (Pontifical University of the Holy Cross, Italy) Rev. Prof. Dr. habil. Jean Paul Durand (Catholic University of Paris, France) Rev. Prof. Dr. habil. Wojciech G\u00f3ralski (Cardinal Stefan Wyszy\u0144ski University in Warsaw, Poland) Rev. Prof. Dr. habil. Edward G\u00f3recki (Papal Faculty Of Theology, Poland) Doc. Dr. Z\u00e1boj Hor\u00e1k (Charles University in Prague, Czech Republic)\u2026 <span class=\"read-more\"><a href=\"https:\/\/www.stowarzyszeniekanonistow.pl\/index.php\/scientific-council\/\">Read More &raquo;<\/a><\/span><\/p>\n","protected":false},"author":1,"featured_media":0,"parent":0,"menu_order":0,"comment_status":"closed","ping_status":"closed","template":"","meta":{"footnotes":""},"class_list":["post-713","page","type-page","status-publish","hentry"],"yoast_head":"<!-- This site is optimized with the Yoast SEO plugin v23.4 - https:\/\/yoast.com\/wordpress\/plugins\/seo\/ -->\n<title>Scientific Council - Stowarzyszenie Kanonist\u00f3w Polskich<\/title>\n<meta name=\"robots\" content=\"index, follow, max-snippet:-1, max-image-preview:large, max-video-preview:-1\" \/>\n<link rel=\"canonical\" href=\"https:\/\/www.stowarzyszeniekanonistow.pl\/index.php\/scientific-council\/\" \/>\n<meta property=\"og:locale\" content=\"pl_PL\" \/>\n<meta property=\"og:type\" content=\"article\" \/>\n<meta property=\"og:title\" content=\"Scientific Council - Stowarzyszenie Kanonist\u00f3w Polskich\" \/>\n<meta property=\"og:description\" content=\"Bp Prof. Juan Ignacio Arrieta (Pontifical University of the Holy Cross, Italy) Rev. Prof. Dr. habil. Jean Paul Durand (Catholic University of Paris, France) Rev. Prof. Dr. habil. Wojciech G\u00f3ralski (Cardinal Stefan Wyszy\u0144ski University in Warsaw, Poland) Rev. Prof. Dr. habil. Edward G\u00f3recki (Papal Faculty Of Theology, Poland) Doc. Dr. Z\u00e1boj Hor\u00e1k (Charles University in Prague, Czech Republic)\u2026 Read More &raquo;\" \/>\n<meta property=\"og:url\" content=\"https:\/\/www.stowarzyszeniekanonistow.pl\/index.php\/scientific-council\/\" \/>\n<meta property=\"og:site_name\" content=\"Stowarzyszenie Kanonist\u00f3w Polskich\" \/>\n<meta property=\"article:modified_time\" content=\"2021-10-18T16:18:10+00:00\" \/>\n<meta name=\"twitter:card\" content=\"summary_large_image\" \/>\n<meta name=\"twitter:label1\" content=\"Szacowany czas czytania\" \/>\n\t<meta name=\"twitter:data1\" content=\"1 minuta\" \/>\n<script type=\"application\/ld+json\" class=\"yoast-schema-graph\">{\"@context\":\"https:\/\/schema.org\",\"@graph\":[{\"@type\":\"WebPage\",\"@id\":\"https:\/\/www.stowarzyszeniekanonistow.pl\/index.php\/scientific-council\/\",\"url\":\"https:\/\/www.stowarzyszeniekanonistow.pl\/index.php\/scientific-council\/\",\"name\":\"Scientific Council - Stowarzyszenie Kanonist\u00f3w Polskich\",\"isPartOf\":{\"@id\":\"https:\/\/www.stowarzyszeniekanonistow.pl\/#website\"},\"datePublished\":\"2021-01-30T23:08:19+00:00\",\"dateModified\":\"2021-10-18T16:18:10+00:00\",\"breadcrumb\":{\"@id\":\"https:\/\/www.stowarzyszeniekanonistow.pl\/index.php\/scientific-council\/#breadcrumb\"},\"inLanguage\":\"pl-PL\",\"potentialAction\":[{\"@type\":\"ReadAction\",\"target\":[\"https:\/\/www.stowarzyszeniekanonistow.pl\/index.php\/scientific-council\/\"]}]},{\"@type\":\"BreadcrumbList\",\"@id\":\"https:\/\/www.stowarzyszeniekanonistow.pl\/index.php\/scientific-council\/#breadcrumb\",\"itemListElement\":[{\"@type\":\"ListItem\",\"position\":1,\"name\":\"Strona g\u0142\u00f3wna\",\"item\":\"https:\/\/www.stowarzyszeniekanonistow.pl\/\"},{\"@type\":\"ListItem\",\"position\":2,\"name\":\"Scientific Council\"}]},{\"@type\":\"WebSite\",\"@id\":\"https:\/\/www.stowarzyszeniekanonistow.pl\/#website\",\"url\":\"https:\/\/www.stowarzyszeniekanonistow.pl\/\",\"name\":\"Stowarzyszenie Kanonist\u00f3w Polskich\",\"description\":\"\",\"publisher\":{\"@id\":\"https:\/\/www.stowarzyszeniekanonistow.pl\/#organization\"},\"potentialAction\":[{\"@type\":\"SearchAction\",\"target\":{\"@type\":\"EntryPoint\",\"urlTemplate\":\"https:\/\/www.stowarzyszeniekanonistow.pl\/?s={search_term_string}\"},\"query-input\":{\"@type\":\"PropertyValueSpecification\",\"valueRequired\":true,\"valueName\":\"search_term_string\"}}],\"inLanguage\":\"pl-PL\"},{\"@type\":\"Organization\",\"@id\":\"https:\/\/www.stowarzyszeniekanonistow.pl\/#organization\",\"name\":\"Stowarzyszenie Kanonist\u00f3w Polskich\",\"url\":\"https:\/\/www.stowarzyszeniekanonistow.pl\/\",\"logo\":{\"@type\":\"ImageObject\",\"inLanguage\":\"pl-PL\",\"@id\":\"https:\/\/www.stowarzyszeniekanonistow.pl\/#\/schema\/logo\/image\/\",\"url\":\"http:\/\/www.stowarzyszeniekanonistow.pl\/wp-content\/uploads\/2020\/04\/SKP_logo.gif\",\"contentUrl\":\"http:\/\/www.stowarzyszeniekanonistow.pl\/wp-content\/uploads\/2020\/04\/SKP_logo.gif\",\"width\":560,\"height\":548,\"caption\":\"Stowarzyszenie Kanonist\u00f3w Polskich\"},\"image\":{\"@id\":\"https:\/\/www.stowarzyszeniekanonistow.pl\/#\/schema\/logo\/image\/\"}}]}<\/script>\n<!-- \/ Yoast SEO plugin. -->","yoast_head_json":{"title":"Scientific Council - Stowarzyszenie Kanonist\u00f3w Polskich","robots":{"index":"index","follow":"follow","max-snippet":"max-snippet:-1","max-image-preview":"max-image-preview:large","max-video-preview":"max-video-preview:-1"},"canonical":"https:\/\/www.stowarzyszeniekanonistow.pl\/index.php\/scientific-council\/","og_locale":"pl_PL","og_type":"article","og_title":"Scientific Council - Stowarzyszenie Kanonist\u00f3w Polskich","og_description":"Bp Prof. Juan Ignacio Arrieta (Pontifical University of the Holy Cross, Italy) Rev. Prof. Dr. habil. Jean Paul Durand (Catholic University of Paris, France) Rev. Prof. Dr. habil. Wojciech G\u00f3ralski (Cardinal Stefan Wyszy\u0144ski University in Warsaw, Poland) Rev. Prof. Dr. habil. Edward G\u00f3recki (Papal Faculty Of Theology, Poland) Doc. Dr. Z\u00e1boj Hor\u00e1k (Charles University in Prague, Czech Republic)\u2026 Read More &raquo;","og_url":"https:\/\/www.stowarzyszeniekanonistow.pl\/index.php\/scientific-council\/","og_site_name":"Stowarzyszenie Kanonist\u00f3w Polskich","article_modified_time":"2021-10-18T16:18:10+00:00","twitter_card":"summary_large_image","twitter_misc":{"Szacowany czas czytania":"1 minuta"},"schema":{"@context":"https:\/\/schema.org","@graph":[{"@type":"WebPage","@id":"https:\/\/www.stowarzyszeniekanonistow.pl\/index.php\/scientific-council\/","url":"https:\/\/www.stowarzyszeniekanonistow.pl\/index.php\/scientific-council\/","name":"Scientific Council - Stowarzyszenie Kanonist\u00f3w Polskich","isPartOf":{"@id":"https:\/\/www.stowarzyszeniekanonistow.pl\/#website"},"datePublished":"2021-01-30T23:08:19+00:00","dateModified":"2021-10-18T16:18:10+00:00","breadcrumb":{"@id":"https:\/\/www.stowarzyszeniekanonistow.pl\/index.php\/scientific-council\/#breadcrumb"},"inLanguage":"pl-PL","potentialAction":[{"@type":"ReadAction","target":["https:\/\/www.stowarzyszeniekanonistow.pl\/index.php\/scientific-council\/"]}]},{"@type":"BreadcrumbList","@id":"https:\/\/www.stowarzyszeniekanonistow.pl\/index.php\/scientific-council\/#breadcrumb","itemListElement":[{"@type":"ListItem","position":1,"name":"Strona g\u0142\u00f3wna","item":"https:\/\/www.stowarzyszeniekanonistow.pl\/"},{"@type":"ListItem","position":2,"name":"Scientific Council"}]},{"@type":"WebSite","@id":"https:\/\/www.stowarzyszeniekanonistow.pl\/#website","url":"https:\/\/www.stowarzyszeniekanonistow.pl\/","name":"Stowarzyszenie Kanonist\u00f3w Polskich","description":"","publisher":{"@id":"https:\/\/www.stowarzyszeniekanonistow.pl\/#organization"},"potentialAction":[{"@type":"SearchAction","target":{"@type":"EntryPoint","urlTemplate":"https:\/\/www.stowarzyszeniekanonistow.pl\/?s={search_term_string}"},"query-input":{"@type":"PropertyValueSpecification","valueRequired":true,"valueName":"search_term_string"}}],"inLanguage":"pl-PL"},{"@type":"Organization","@id":"https:\/\/www.stowarzyszeniekanonistow.pl\/#organization","name":"Stowarzyszenie Kanonist\u00f3w Polskich","url":"https:\/\/www.stowarzyszeniekanonistow.pl\/","logo":{"@type":"ImageObject","inLanguage":"pl-PL","@id":"https:\/\/www.stowarzyszeniekanonistow.pl\/#\/schema\/logo\/image\/","url":"http:\/\/www.stowarzyszeniekanonistow.pl\/wp-content\/uploads\/2020\/04\/SKP_logo.gif","contentUrl":"http:\/\/www.stowarzyszeniekanonistow.pl\/wp-content\/uploads\/2020\/04\/SKP_logo.gif","width":560,"height":548,"caption":"Stowarzyszenie Kanonist\u00f3w Polskich"},"image":{"@id":"https:\/\/www.stowarzyszeniekanonistow.pl\/#\/schema\/logo\/image\/"}}]}},"_links":{"self":[{"href":"https:\/\/www.stowarzyszeniekanonistow.pl\/index.php\/wp-json\/wp\/v2\/pages\/713"}],"collection":[{"href":"https:\/\/www.stowarzyszeniekanonistow.pl\/index.php\/wp-json\/wp\/v2\/pages"}],"about":[{"href":"https:\/\/www.stowarzyszeniekanonistow.pl\/index.php\/wp-json\/wp\/v2\/types\/page"}],"author":[{"embeddable":true,"href":"https:\/\/www.stowarzyszeniekanonistow.pl\/index.php\/wp-json\/wp\/v2\/users\/1"}],"replies":[{"embeddable":true,"href":"https:\/\/www.stowarzyszeniekanonistow.pl\/index.php\/wp-json\/wp\/v2\/comments?post=713"}],"version-history":[{"count":13,"href":"https:\/\/www.stowarzyszeniekanonistow.pl\/index.php\/wp-json\/wp\/v2\/pages\/713\/revisions"}],"predecessor-version":[{"id":961,"href":"https:\/\/www.stowarzyszeniekanonistow.pl\/index.php\/wp-json\/wp\/v2\/pages\/713\/revisions\/961"}],"wp:attachment":[{"href":"https:\/\/www.stowarzyszeniekanonistow.pl\/index.php\/wp-json\/wp\/v2\/media?parent=713"}],"curies":[{"name":"wp","href":"https:\/\/api.w.org\/{rel}","templated":true}]}}