{"id":718,"date":"2021-01-31T00:18:26","date_gmt":"2021-01-30T23:18:26","guid":{"rendered":"http:\/\/www.stowarzyszeniekanonistow.pl\/?page_id=718"},"modified":"2021-10-18T19:16:31","modified_gmt":"2021-10-18T17:16:31","slug":"list-of-reviewers-in-all-published-periodical-issues","status":"publish","type":"page","link":"https:\/\/www.stowarzyszeniekanonistow.pl\/index.php\/list-of-reviewers-in-all-published-periodical-issues\/","title":{"rendered":"List of Reviewers in All Published Periodical Issues"},"content":{"rendered":"\t\t<div data-elementor-type=\"wp-page\" data-elementor-id=\"718\" class=\"elementor elementor-718\" data-elementor-post-type=\"page\">\n\t\t\t\t\t\t<section class=\"elementor-section elementor-top-section elementor-element elementor-element-7156a64 elementor-section-boxed elementor-section-height-default elementor-section-height-default\" data-id=\"7156a64\" data-element_type=\"section\" data-settings=\"{&quot;_ha_eqh_enable&quot;:false}\">\n\t\t\t\t\t\t<div class=\"elementor-container elementor-column-gap-default\">\n\t\t\t\t\t<div class=\"elementor-column elementor-col-100 elementor-top-column elementor-element elementor-element-cfc6523\" data-id=\"cfc6523\" data-element_type=\"column\">\n\t\t\t<div class=\"elementor-widget-wrap elementor-element-populated\">\n\t\t\t\t\t\t<div class=\"elementor-element elementor-element-b5f2723 elementor-widget elementor-widget-text-editor\" data-id=\"b5f2723\" data-element_type=\"widget\" data-widget_type=\"text-editor.default\">\n\t\t\t\t<div class=\"elementor-widget-container\">\n\t\t\t\t\t\t\t<p style=\"text-align: center;\"><span style=\"color: #008000;\"><strong>\u201eBiuletyn Stowarzyszenia Kanonist\u00f3w Polskich\u201d XXXI (2021), no. 34<\/strong><\/span><\/p><p style=\"text-align: center;\"><span style=\"color: #000000;\">Stanis\u0142aw Kawa (St. Jozef Bilczewski Theological Institute in Lviv, Ukraine); J\u00f3zef Krukowski (Polish Academy of Sciences, Poland); Pawe\u0142 Lewandowski (The John Paul II Catholic University of Lublin, Poland);\u00a0 Jozef Mar\u010din (Catholic University in Ru\u017eomberok, Slovak Republic); Michaela Morav\u010dikov\u00e1 (Trnava University in Trnava, Slovak Republic)<\/span><\/p><p style=\"text-align: center;\"><strong>***************<\/strong><\/p><p style=\"text-align: center;\"><span style=\"color: #008000;\"><strong>\u201eBiuletyn Stowarzyszenia Kanonist\u00f3w Polskich\u201d XXX (2020), no. 33<\/strong><\/span><\/p><p style=\"text-align: center;\"><span style=\"color: #000000;\">\u00a0Stanis\u0142aw Kawa (St. Jozef Bilczewski Theological Institute in Lviv, Ukraine); J\u00f3zef Krukowski (Polish Academy of Sciences, Poland); Pawe\u0142 Lewandowski (The Pontifical University of John Paul II in Krak\u00f3w, Poland);\u00a0 Jozef Mar\u010din (Catholic University in Ru\u017eomberok, Slovak Republic); <\/span><span style=\"color: #000000;\">Michaela Morav\u010dikov\u00e1 (Trnava University in Trnava, Slovak Republic); Agnieszka Romanko (The John Paul II Catholic University of Lublin, Poland); Miros\u0142aw Sitarz (The John Paul II Catholic University of Lublin, Poland); <\/span><br \/><span style=\"color: #000000;\">Wies\u0142aw Wenz (Pontifical Theological Faculty in Wroc\u0142aw, Poland)<\/span><\/p><p style=\"text-align: center;\"><strong>***************<\/strong><\/p><p style=\"text-align: center;\"><span style=\"color: #008000;\"><strong>\u201eBiuletyn Stowarzyszenia Kanonist\u00f3w Polskich\u201d XXIX (2019), no. 32<\/strong><\/span><\/p><p style=\"text-align: center;\"><span style=\"color: #000000;\">Leszek Adamowicz (The John Paul II Catholic University of Lublin, Poland); Artur Katolo (Pontifical Theological Faculty of Southern Italy, Italy); Milo\u0161 Koh\u00fatek (Comenius University in Bratislava, Slovak Republic); Jozef Mar\u010din (Catholic University in Ru\u017eomberok, Slovak Republic); Miros\u0142aw Sitarz, (The John Paul II Catholic University of Lublin, Poland); Zbigniew Suchecki Pontifical University Antonianum, Italy); Bo\u017cena Szewczul (Cardinal Stefan Wyszy\u0144ski University, Poland); Lucjan \u015awito (University of Warmia and Mazury, Poland)<\/span><\/p><p style=\"text-align: center;\"><strong>***************<\/strong><\/p><p style=\"text-align: center;\"><span style=\"color: #008000;\"><strong>\u00a0<\/strong><strong>\u201eBiuletyn Stowarzyszenia Kanonist\u00f3w Polskich\u201d XXVIII (2018), no. 31<\/strong><\/span><\/p><p style=\"text-align: center;\"><span style=\"color: #000000;\">Damian N\u00eamec (Palack\u00fd University Olomouc, Czech Republic); Miros\u0142aw Sitarz (The John Paul II Catholic University of Lublin, Poland); Vytautas S. Vai\u010di\u016bnas (Vytautas the Great University in Kaunas, Lithuania)<\/span><\/p><p style=\"text-align: center;\"><strong>***************<\/strong><\/p><p style=\"text-align: center;\"><span style=\"color: #008000;\"><strong>\u201eBiuletyn Stowarzyszenia Kanonist\u00f3w Polskich\u201d XXVII (2017), no. 30<\/strong><\/span><\/p><p style=\"text-align: center;\"><span style=\"color: #000000;\">Damian N\u00eamec (Palack\u00fd University Olomouc, Czech Republic); Wies\u0142aw Bar (The John Paul II Catholic University of Lublin, Poland)<\/span><\/p><p style=\"text-align: center;\"><strong>***************<\/strong><\/p><p style=\"text-align: center;\"><span style=\"color: #008000;\"><strong>\u201eBiuletyn Stowarzyszenia Kanonist\u00f3w Polskich\u201d XXVI (2016), no. 29<\/strong><\/span><\/p><p style=\"text-align: center;\"><span style=\"color: #000000;\">Damian N\u00eamec (Palack\u00fd University Olomouc, Czech Republic); Miros\u0142aw Sitarz (The John Paul II Catholic University of Lublin, Poland); Vytautas S. Vai\u010di\u016bnas (Vytautas the Great University in Kaunas, Lithuania)<\/span><\/p>\t\t\t\t\t\t<\/div>\n\t\t\t\t<\/div>\n\t\t\t\t\t<\/div>\n\t\t<\/div>\n\t\t\t\t\t<\/div>\n\t\t<\/section>\n\t\t\t\t<\/div>\n\t\t","protected":false},"excerpt":{"rendered":"<p>\u201eBiuletyn Stowarzyszenia Kanonist\u00f3w Polskich\u201d XXXI (2021), no. 34 Stanis\u0142aw Kawa (St. Jozef Bilczewski Theological Institute in Lviv, Ukraine); J\u00f3zef Krukowski (Polish Academy of Sciences, Poland); Pawe\u0142 Lewandowski (The John Paul II Catholic University of Lublin, Poland);\u00a0 Jozef Mar\u010din (Catholic University in Ru\u017eomberok, Slovak Republic); Michaela Morav\u010dikov\u00e1 (Trnava University in Trnava, Slovak Republic) *************** \u201eBiuletyn Stowarzyszenia Kanonist\u00f3w Polskich\u201d XXX\u2026 <span class=\"read-more\"><a href=\"https:\/\/www.stowarzyszeniekanonistow.pl\/index.php\/list-of-reviewers-in-all-published-periodical-issues\/\">Read More &raquo;<\/a><\/span><\/p>\n","protected":false},"author":1,"featured_media":0,"parent":0,"menu_order":0,"comment_status":"closed","ping_status":"closed","template":"","meta":{"footnotes":""},"class_list":["post-718","page","type-page","status-publish","hentry"],"yoast_head":"<!-- This site is optimized with the Yoast SEO plugin v23.4 - https:\/\/yoast.com\/wordpress\/plugins\/seo\/ -->\n<title>List of Reviewers in All Published Periodical Issues - Stowarzyszenie Kanonist\u00f3w Polskich<\/title>\n<meta name=\"robots\" content=\"index, follow, max-snippet:-1, max-image-preview:large, max-video-preview:-1\" \/>\n<link rel=\"canonical\" href=\"https:\/\/www.stowarzyszeniekanonistow.pl\/index.php\/list-of-reviewers-in-all-published-periodical-issues\/\" \/>\n<meta property=\"og:locale\" content=\"pl_PL\" \/>\n<meta property=\"og:type\" content=\"article\" \/>\n<meta property=\"og:title\" content=\"List of Reviewers in All Published Periodical Issues - Stowarzyszenie Kanonist\u00f3w Polskich\" \/>\n<meta property=\"og:description\" content=\"\u201eBiuletyn Stowarzyszenia Kanonist\u00f3w Polskich\u201d XXXI (2021), no. 34 Stanis\u0142aw Kawa (St. Jozef Bilczewski Theological Institute in Lviv, Ukraine); J\u00f3zef Krukowski (Polish Academy of Sciences, Poland); Pawe\u0142 Lewandowski (The John Paul II Catholic University of Lublin, Poland);\u00a0 Jozef Mar\u010din (Catholic University in Ru\u017eomberok, Slovak Republic); Michaela Morav\u010dikov\u00e1 (Trnava University in Trnava, Slovak Republic) *************** \u201eBiuletyn Stowarzyszenia Kanonist\u00f3w Polskich\u201d XXX\u2026 Read More &raquo;\" \/>\n<meta property=\"og:url\" content=\"https:\/\/www.stowarzyszeniekanonistow.pl\/index.php\/list-of-reviewers-in-all-published-periodical-issues\/\" \/>\n<meta property=\"og:site_name\" content=\"Stowarzyszenie Kanonist\u00f3w Polskich\" \/>\n<meta property=\"article:modified_time\" content=\"2021-10-18T17:16:31+00:00\" \/>\n<meta name=\"twitter:card\" content=\"summary_large_image\" \/>\n<meta name=\"twitter:label1\" content=\"Szacowany czas czytania\" \/>\n\t<meta name=\"twitter:data1\" content=\"2 minuty\" \/>\n<script type=\"application\/ld+json\" class=\"yoast-schema-graph\">{\"@context\":\"https:\/\/schema.org\",\"@graph\":[{\"@type\":\"WebPage\",\"@id\":\"https:\/\/www.stowarzyszeniekanonistow.pl\/index.php\/list-of-reviewers-in-all-published-periodical-issues\/\",\"url\":\"https:\/\/www.stowarzyszeniekanonistow.pl\/index.php\/list-of-reviewers-in-all-published-periodical-issues\/\",\"name\":\"List of Reviewers in All Published Periodical Issues - Stowarzyszenie Kanonist\u00f3w Polskich\",\"isPartOf\":{\"@id\":\"https:\/\/www.stowarzyszeniekanonistow.pl\/#website\"},\"datePublished\":\"2021-01-30T23:18:26+00:00\",\"dateModified\":\"2021-10-18T17:16:31+00:00\",\"breadcrumb\":{\"@id\":\"https:\/\/www.stowarzyszeniekanonistow.pl\/index.php\/list-of-reviewers-in-all-published-periodical-issues\/#breadcrumb\"},\"inLanguage\":\"pl-PL\",\"potentialAction\":[{\"@type\":\"ReadAction\",\"target\":[\"https:\/\/www.stowarzyszeniekanonistow.pl\/index.php\/list-of-reviewers-in-all-published-periodical-issues\/\"]}]},{\"@type\":\"BreadcrumbList\",\"@id\":\"https:\/\/www.stowarzyszeniekanonistow.pl\/index.php\/list-of-reviewers-in-all-published-periodical-issues\/#breadcrumb\",\"itemListElement\":[{\"@type\":\"ListItem\",\"position\":1,\"name\":\"Strona g\u0142\u00f3wna\",\"item\":\"https:\/\/www.stowarzyszeniekanonistow.pl\/\"},{\"@type\":\"ListItem\",\"position\":2,\"name\":\"List of Reviewers in All Published Periodical Issues\"}]},{\"@type\":\"WebSite\",\"@id\":\"https:\/\/www.stowarzyszeniekanonistow.pl\/#website\",\"url\":\"https:\/\/www.stowarzyszeniekanonistow.pl\/\",\"name\":\"Stowarzyszenie Kanonist\u00f3w Polskich\",\"description\":\"\",\"publisher\":{\"@id\":\"https:\/\/www.stowarzyszeniekanonistow.pl\/#organization\"},\"potentialAction\":[{\"@type\":\"SearchAction\",\"target\":{\"@type\":\"EntryPoint\",\"urlTemplate\":\"https:\/\/www.stowarzyszeniekanonistow.pl\/?s={search_term_string}\"},\"query-input\":{\"@type\":\"PropertyValueSpecification\",\"valueRequired\":true,\"valueName\":\"search_term_string\"}}],\"inLanguage\":\"pl-PL\"},{\"@type\":\"Organization\",\"@id\":\"https:\/\/www.stowarzyszeniekanonistow.pl\/#organization\",\"name\":\"Stowarzyszenie Kanonist\u00f3w Polskich\",\"url\":\"https:\/\/www.stowarzyszeniekanonistow.pl\/\",\"logo\":{\"@type\":\"ImageObject\",\"inLanguage\":\"pl-PL\",\"@id\":\"https:\/\/www.stowarzyszeniekanonistow.pl\/#\/schema\/logo\/image\/\",\"url\":\"http:\/\/www.stowarzyszeniekanonistow.pl\/wp-content\/uploads\/2020\/04\/SKP_logo.gif\",\"contentUrl\":\"http:\/\/www.stowarzyszeniekanonistow.pl\/wp-content\/uploads\/2020\/04\/SKP_logo.gif\",\"width\":560,\"height\":548,\"caption\":\"Stowarzyszenie Kanonist\u00f3w Polskich\"},\"image\":{\"@id\":\"https:\/\/www.stowarzyszeniekanonistow.pl\/#\/schema\/logo\/image\/\"}}]}<\/script>\n<!-- \/ Yoast SEO plugin. -->","yoast_head_json":{"title":"List of Reviewers in All Published Periodical Issues - Stowarzyszenie Kanonist\u00f3w Polskich","robots":{"index":"index","follow":"follow","max-snippet":"max-snippet:-1","max-image-preview":"max-image-preview:large","max-video-preview":"max-video-preview:-1"},"canonical":"https:\/\/www.stowarzyszeniekanonistow.pl\/index.php\/list-of-reviewers-in-all-published-periodical-issues\/","og_locale":"pl_PL","og_type":"article","og_title":"List of Reviewers in All Published Periodical Issues - Stowarzyszenie Kanonist\u00f3w Polskich","og_description":"\u201eBiuletyn Stowarzyszenia Kanonist\u00f3w Polskich\u201d XXXI (2021), no. 34 Stanis\u0142aw Kawa (St. Jozef Bilczewski Theological Institute in Lviv, Ukraine); J\u00f3zef Krukowski (Polish Academy of Sciences, Poland); Pawe\u0142 Lewandowski (The John Paul II Catholic University of Lublin, Poland);\u00a0 Jozef Mar\u010din (Catholic University in Ru\u017eomberok, Slovak Republic); Michaela Morav\u010dikov\u00e1 (Trnava University in Trnava, Slovak Republic) *************** \u201eBiuletyn Stowarzyszenia Kanonist\u00f3w Polskich\u201d XXX\u2026 Read More &raquo;","og_url":"https:\/\/www.stowarzyszeniekanonistow.pl\/index.php\/list-of-reviewers-in-all-published-periodical-issues\/","og_site_name":"Stowarzyszenie Kanonist\u00f3w Polskich","article_modified_time":"2021-10-18T17:16:31+00:00","twitter_card":"summary_large_image","twitter_misc":{"Szacowany czas czytania":"2 minuty"},"schema":{"@context":"https:\/\/schema.org","@graph":[{"@type":"WebPage","@id":"https:\/\/www.stowarzyszeniekanonistow.pl\/index.php\/list-of-reviewers-in-all-published-periodical-issues\/","url":"https:\/\/www.stowarzyszeniekanonistow.pl\/index.php\/list-of-reviewers-in-all-published-periodical-issues\/","name":"List of Reviewers in All Published Periodical Issues - Stowarzyszenie Kanonist\u00f3w Polskich","isPartOf":{"@id":"https:\/\/www.stowarzyszeniekanonistow.pl\/#website"},"datePublished":"2021-01-30T23:18:26+00:00","dateModified":"2021-10-18T17:16:31+00:00","breadcrumb":{"@id":"https:\/\/www.stowarzyszeniekanonistow.pl\/index.php\/list-of-reviewers-in-all-published-periodical-issues\/#breadcrumb"},"inLanguage":"pl-PL","potentialAction":[{"@type":"ReadAction","target":["https:\/\/www.stowarzyszeniekanonistow.pl\/index.php\/list-of-reviewers-in-all-published-periodical-issues\/"]}]},{"@type":"BreadcrumbList","@id":"https:\/\/www.stowarzyszeniekanonistow.pl\/index.php\/list-of-reviewers-in-all-published-periodical-issues\/#breadcrumb","itemListElement":[{"@type":"ListItem","position":1,"name":"Strona g\u0142\u00f3wna","item":"https:\/\/www.stowarzyszeniekanonistow.pl\/"},{"@type":"ListItem","position":2,"name":"List of Reviewers in All Published Periodical Issues"}]},{"@type":"WebSite","@id":"https:\/\/www.stowarzyszeniekanonistow.pl\/#website","url":"https:\/\/www.stowarzyszeniekanonistow.pl\/","name":"Stowarzyszenie Kanonist\u00f3w Polskich","description":"","publisher":{"@id":"https:\/\/www.stowarzyszeniekanonistow.pl\/#organization"},"potentialAction":[{"@type":"SearchAction","target":{"@type":"EntryPoint","urlTemplate":"https:\/\/www.stowarzyszeniekanonistow.pl\/?s={search_term_string}"},"query-input":{"@type":"PropertyValueSpecification","valueRequired":true,"valueName":"search_term_string"}}],"inLanguage":"pl-PL"},{"@type":"Organization","@id":"https:\/\/www.stowarzyszeniekanonistow.pl\/#organization","name":"Stowarzyszenie Kanonist\u00f3w Polskich","url":"https:\/\/www.stowarzyszeniekanonistow.pl\/","logo":{"@type":"ImageObject","inLanguage":"pl-PL","@id":"https:\/\/www.stowarzyszeniekanonistow.pl\/#\/schema\/logo\/image\/","url":"http:\/\/www.stowarzyszeniekanonistow.pl\/wp-content\/uploads\/2020\/04\/SKP_logo.gif","contentUrl":"http:\/\/www.stowarzyszeniekanonistow.pl\/wp-content\/uploads\/2020\/04\/SKP_logo.gif","width":560,"height":548,"caption":"Stowarzyszenie Kanonist\u00f3w Polskich"},"image":{"@id":"https:\/\/www.stowarzyszeniekanonistow.pl\/#\/schema\/logo\/image\/"}}]}},"_links":{"self":[{"href":"https:\/\/www.stowarzyszeniekanonistow.pl\/index.php\/wp-json\/wp\/v2\/pages\/718"}],"collection":[{"href":"https:\/\/www.stowarzyszeniekanonistow.pl\/index.php\/wp-json\/wp\/v2\/pages"}],"about":[{"href":"https:\/\/www.stowarzyszeniekanonistow.pl\/index.php\/wp-json\/wp\/v2\/types\/page"}],"author":[{"embeddable":true,"href":"https:\/\/www.stowarzyszeniekanonistow.pl\/index.php\/wp-json\/wp\/v2\/users\/1"}],"replies":[{"embeddable":true,"href":"https:\/\/www.stowarzyszeniekanonistow.pl\/index.php\/wp-json\/wp\/v2\/comments?post=718"}],"version-history":[{"count":13,"href":"https:\/\/www.stowarzyszeniekanonistow.pl\/index.php\/wp-json\/wp\/v2\/pages\/718\/revisions"}],"predecessor-version":[{"id":1012,"href":"https:\/\/www.stowarzyszeniekanonistow.pl\/index.php\/wp-json\/wp\/v2\/pages\/718\/revisions\/1012"}],"wp:attachment":[{"href":"https:\/\/www.stowarzyszeniekanonistow.pl\/index.php\/wp-json\/wp\/v2\/media?parent=718"}],"curies":[{"name":"wp","href":"https:\/\/api.w.org\/{rel}","templated":true}]}}