{"id":73,"date":"2020-04-22T00:15:07","date_gmt":"2020-04-21T22:15:07","guid":{"rendered":"http:\/\/serwer1601727.home.pl\/autoinstalator\/wordpressplugins1\/?page_id=73"},"modified":"2020-04-28T12:42:26","modified_gmt":"2020-04-28T10:42:26","slug":"orcid","status":"publish","type":"page","link":"https:\/\/www.stowarzyszeniekanonistow.pl\/index.php\/orcid\/","title":{"rendered":"Identyfikator ORCID"},"content":{"rendered":"\t\t<div data-elementor-type=\"wp-page\" data-elementor-id=\"73\" class=\"elementor elementor-73\" data-elementor-post-type=\"page\">\n\t\t\t\t\t\t<section class=\"elementor-section elementor-top-section elementor-element elementor-element-5f6d960 elementor-section-boxed elementor-section-height-default elementor-section-height-default\" data-id=\"5f6d960\" data-element_type=\"section\" data-settings=\"{&quot;_ha_eqh_enable&quot;:false}\">\n\t\t\t\t\t\t<div class=\"elementor-container elementor-column-gap-default\">\n\t\t\t\t\t<div class=\"elementor-column elementor-col-100 elementor-top-column elementor-element elementor-element-6c5fd00\" data-id=\"6c5fd00\" data-element_type=\"column\">\n\t\t\t<div class=\"elementor-widget-wrap elementor-element-populated\">\n\t\t\t\t\t\t<div class=\"elementor-element elementor-element-0af35bd elementor-widget elementor-widget-text-editor\" data-id=\"0af35bd\" data-element_type=\"widget\" data-widget_type=\"text-editor.default\">\n\t\t\t\t<div class=\"elementor-widget-container\">\n\t\t\t\t\t\t\t<p><span style=\"color: #000000;\">Autorzy, kt\u00f3rzy przesy\u0142aj\u0105 artyku\u0142y\/sprawozdania do publikacji na \u0142amach \u201eBiuletynu Stowarzyszenia Kanonist\u00f3w Polskich\u201d proszeni s\u0105, aby wraz z afiliacj\u0105, poda\u0107 sw\u00f3j numer <strong>ORCID<\/strong> (Open Researcher and Contributor ID), czyli numer identyfikuj\u0105cy naukowca.<\/span><\/p>\n<p><span style=\"color: #000000;\">W celu uzyskania numeru ORCID, Redakcja \u201eBiuletynu Stowarzyszenia Kanonist\u00f3w Polskich\u201d zach\u0119ca Autor\u00f3w do bezp\u0142atnej rejestracji dost\u0119pnej na stronie internetowej:&nbsp;<\/span><span style=\"color: rgb(0, 0, 0); font-size: 0.875rem;\">\u2192&nbsp;<\/span><a href=\"https:\/\/orcid.org\/register\" style=\"background-color: rgb(255, 255, 255); font-size: 0.875rem; color: rgb(0, 0, 0);\">https:\/\/orcid.org\/register<\/a><\/p>\t\t\t\t\t\t<\/div>\n\t\t\t\t<\/div>\n\t\t\t\t\t<\/div>\n\t\t<\/div>\n\t\t\t\t\t<\/div>\n\t\t<\/section>\n\t\t\t\t<\/div>\n\t\t","protected":false},"excerpt":{"rendered":"<p>Autorzy, kt\u00f3rzy przesy\u0142aj\u0105 artyku\u0142y\/sprawozdania do publikacji na \u0142amach \u201eBiuletynu Stowarzyszenia Kanonist\u00f3w Polskich\u201d proszeni s\u0105, aby wraz z afiliacj\u0105, poda\u0107 sw\u00f3j numer ORCID (Open Researcher and Contributor ID), czyli numer identyfikuj\u0105cy naukowca. W celu uzyskania numeru ORCID, Redakcja \u201eBiuletynu Stowarzyszenia Kanonist\u00f3w Polskich\u201d zach\u0119ca Autor\u00f3w do bezp\u0142atnej rejestracji dost\u0119pnej na stronie internetowej:&nbsp;\u2192&nbsp;https:\/\/orcid.org\/register<\/p>\n","protected":false},"author":1,"featured_media":0,"parent":0,"menu_order":0,"comment_status":"closed","ping_status":"closed","template":"","meta":{"footnotes":""},"class_list":["post-73","page","type-page","status-publish","hentry"],"yoast_head":"<!-- This site is optimized with the Yoast SEO plugin v23.4 - https:\/\/yoast.com\/wordpress\/plugins\/seo\/ -->\n<title>Identyfikator ORCID - Stowarzyszenie Kanonist\u00f3w Polskich<\/title>\n<meta name=\"robots\" content=\"index, follow, max-snippet:-1, max-image-preview:large, max-video-preview:-1\" \/>\n<link rel=\"canonical\" href=\"https:\/\/www.stowarzyszeniekanonistow.pl\/index.php\/orcid\/\" \/>\n<meta property=\"og:locale\" content=\"pl_PL\" \/>\n<meta property=\"og:type\" content=\"article\" \/>\n<meta property=\"og:title\" content=\"Identyfikator ORCID - Stowarzyszenie Kanonist\u00f3w Polskich\" \/>\n<meta property=\"og:description\" content=\"Autorzy, kt\u00f3rzy przesy\u0142aj\u0105 artyku\u0142y\/sprawozdania do publikacji na \u0142amach \u201eBiuletynu Stowarzyszenia Kanonist\u00f3w Polskich\u201d proszeni s\u0105, aby wraz z afiliacj\u0105, poda\u0107 sw\u00f3j numer ORCID (Open Researcher and Contributor ID), czyli numer identyfikuj\u0105cy naukowca. W celu uzyskania numeru ORCID, Redakcja \u201eBiuletynu Stowarzyszenia Kanonist\u00f3w Polskich\u201d zach\u0119ca Autor\u00f3w do bezp\u0142atnej rejestracji dost\u0119pnej na stronie internetowej:&nbsp;\u2192&nbsp;https:\/\/orcid.org\/register\" \/>\n<meta property=\"og:url\" content=\"https:\/\/www.stowarzyszeniekanonistow.pl\/index.php\/orcid\/\" \/>\n<meta property=\"og:site_name\" content=\"Stowarzyszenie Kanonist\u00f3w Polskich\" \/>\n<meta property=\"article:modified_time\" content=\"2020-04-28T10:42:26+00:00\" \/>\n<meta name=\"twitter:card\" content=\"summary_large_image\" \/>\n<script type=\"application\/ld+json\" class=\"yoast-schema-graph\">{\"@context\":\"https:\/\/schema.org\",\"@graph\":[{\"@type\":\"WebPage\",\"@id\":\"https:\/\/www.stowarzyszeniekanonistow.pl\/index.php\/orcid\/\",\"url\":\"https:\/\/www.stowarzyszeniekanonistow.pl\/index.php\/orcid\/\",\"name\":\"Identyfikator ORCID - Stowarzyszenie Kanonist\u00f3w Polskich\",\"isPartOf\":{\"@id\":\"https:\/\/www.stowarzyszeniekanonistow.pl\/#website\"},\"datePublished\":\"2020-04-21T22:15:07+00:00\",\"dateModified\":\"2020-04-28T10:42:26+00:00\",\"breadcrumb\":{\"@id\":\"https:\/\/www.stowarzyszeniekanonistow.pl\/index.php\/orcid\/#breadcrumb\"},\"inLanguage\":\"pl-PL\",\"potentialAction\":[{\"@type\":\"ReadAction\",\"target\":[\"https:\/\/www.stowarzyszeniekanonistow.pl\/index.php\/orcid\/\"]}]},{\"@type\":\"BreadcrumbList\",\"@id\":\"https:\/\/www.stowarzyszeniekanonistow.pl\/index.php\/orcid\/#breadcrumb\",\"itemListElement\":[{\"@type\":\"ListItem\",\"position\":1,\"name\":\"Strona g\u0142\u00f3wna\",\"item\":\"https:\/\/www.stowarzyszeniekanonistow.pl\/\"},{\"@type\":\"ListItem\",\"position\":2,\"name\":\"Identyfikator ORCID\"}]},{\"@type\":\"WebSite\",\"@id\":\"https:\/\/www.stowarzyszeniekanonistow.pl\/#website\",\"url\":\"https:\/\/www.stowarzyszeniekanonistow.pl\/\",\"name\":\"Stowarzyszenie Kanonist\u00f3w Polskich\",\"description\":\"\",\"publisher\":{\"@id\":\"https:\/\/www.stowarzyszeniekanonistow.pl\/#organization\"},\"potentialAction\":[{\"@type\":\"SearchAction\",\"target\":{\"@type\":\"EntryPoint\",\"urlTemplate\":\"https:\/\/www.stowarzyszeniekanonistow.pl\/?s={search_term_string}\"},\"query-input\":{\"@type\":\"PropertyValueSpecification\",\"valueRequired\":true,\"valueName\":\"search_term_string\"}}],\"inLanguage\":\"pl-PL\"},{\"@type\":\"Organization\",\"@id\":\"https:\/\/www.stowarzyszeniekanonistow.pl\/#organization\",\"name\":\"Stowarzyszenie Kanonist\u00f3w Polskich\",\"url\":\"https:\/\/www.stowarzyszeniekanonistow.pl\/\",\"logo\":{\"@type\":\"ImageObject\",\"inLanguage\":\"pl-PL\",\"@id\":\"https:\/\/www.stowarzyszeniekanonistow.pl\/#\/schema\/logo\/image\/\",\"url\":\"http:\/\/www.stowarzyszeniekanonistow.pl\/wp-content\/uploads\/2020\/04\/SKP_logo.gif\",\"contentUrl\":\"http:\/\/www.stowarzyszeniekanonistow.pl\/wp-content\/uploads\/2020\/04\/SKP_logo.gif\",\"width\":560,\"height\":548,\"caption\":\"Stowarzyszenie Kanonist\u00f3w Polskich\"},\"image\":{\"@id\":\"https:\/\/www.stowarzyszeniekanonistow.pl\/#\/schema\/logo\/image\/\"}}]}<\/script>\n<!-- \/ Yoast SEO plugin. -->","yoast_head_json":{"title":"Identyfikator ORCID - Stowarzyszenie Kanonist\u00f3w Polskich","robots":{"index":"index","follow":"follow","max-snippet":"max-snippet:-1","max-image-preview":"max-image-preview:large","max-video-preview":"max-video-preview:-1"},"canonical":"https:\/\/www.stowarzyszeniekanonistow.pl\/index.php\/orcid\/","og_locale":"pl_PL","og_type":"article","og_title":"Identyfikator ORCID - Stowarzyszenie Kanonist\u00f3w Polskich","og_description":"Autorzy, kt\u00f3rzy przesy\u0142aj\u0105 artyku\u0142y\/sprawozdania do publikacji na \u0142amach \u201eBiuletynu Stowarzyszenia Kanonist\u00f3w Polskich\u201d proszeni s\u0105, aby wraz z afiliacj\u0105, poda\u0107 sw\u00f3j numer ORCID (Open Researcher and Contributor ID), czyli numer identyfikuj\u0105cy naukowca. W celu uzyskania numeru ORCID, Redakcja \u201eBiuletynu Stowarzyszenia Kanonist\u00f3w Polskich\u201d zach\u0119ca Autor\u00f3w do bezp\u0142atnej rejestracji dost\u0119pnej na stronie internetowej:&nbsp;\u2192&nbsp;https:\/\/orcid.org\/register","og_url":"https:\/\/www.stowarzyszeniekanonistow.pl\/index.php\/orcid\/","og_site_name":"Stowarzyszenie Kanonist\u00f3w Polskich","article_modified_time":"2020-04-28T10:42:26+00:00","twitter_card":"summary_large_image","schema":{"@context":"https:\/\/schema.org","@graph":[{"@type":"WebPage","@id":"https:\/\/www.stowarzyszeniekanonistow.pl\/index.php\/orcid\/","url":"https:\/\/www.stowarzyszeniekanonistow.pl\/index.php\/orcid\/","name":"Identyfikator ORCID - Stowarzyszenie Kanonist\u00f3w Polskich","isPartOf":{"@id":"https:\/\/www.stowarzyszeniekanonistow.pl\/#website"},"datePublished":"2020-04-21T22:15:07+00:00","dateModified":"2020-04-28T10:42:26+00:00","breadcrumb":{"@id":"https:\/\/www.stowarzyszeniekanonistow.pl\/index.php\/orcid\/#breadcrumb"},"inLanguage":"pl-PL","potentialAction":[{"@type":"ReadAction","target":["https:\/\/www.stowarzyszeniekanonistow.pl\/index.php\/orcid\/"]}]},{"@type":"BreadcrumbList","@id":"https:\/\/www.stowarzyszeniekanonistow.pl\/index.php\/orcid\/#breadcrumb","itemListElement":[{"@type":"ListItem","position":1,"name":"Strona g\u0142\u00f3wna","item":"https:\/\/www.stowarzyszeniekanonistow.pl\/"},{"@type":"ListItem","position":2,"name":"Identyfikator ORCID"}]},{"@type":"WebSite","@id":"https:\/\/www.stowarzyszeniekanonistow.pl\/#website","url":"https:\/\/www.stowarzyszeniekanonistow.pl\/","name":"Stowarzyszenie Kanonist\u00f3w Polskich","description":"","publisher":{"@id":"https:\/\/www.stowarzyszeniekanonistow.pl\/#organization"},"potentialAction":[{"@type":"SearchAction","target":{"@type":"EntryPoint","urlTemplate":"https:\/\/www.stowarzyszeniekanonistow.pl\/?s={search_term_string}"},"query-input":{"@type":"PropertyValueSpecification","valueRequired":true,"valueName":"search_term_string"}}],"inLanguage":"pl-PL"},{"@type":"Organization","@id":"https:\/\/www.stowarzyszeniekanonistow.pl\/#organization","name":"Stowarzyszenie Kanonist\u00f3w Polskich","url":"https:\/\/www.stowarzyszeniekanonistow.pl\/","logo":{"@type":"ImageObject","inLanguage":"pl-PL","@id":"https:\/\/www.stowarzyszeniekanonistow.pl\/#\/schema\/logo\/image\/","url":"http:\/\/www.stowarzyszeniekanonistow.pl\/wp-content\/uploads\/2020\/04\/SKP_logo.gif","contentUrl":"http:\/\/www.stowarzyszeniekanonistow.pl\/wp-content\/uploads\/2020\/04\/SKP_logo.gif","width":560,"height":548,"caption":"Stowarzyszenie Kanonist\u00f3w Polskich"},"image":{"@id":"https:\/\/www.stowarzyszeniekanonistow.pl\/#\/schema\/logo\/image\/"}}]}},"_links":{"self":[{"href":"https:\/\/www.stowarzyszeniekanonistow.pl\/index.php\/wp-json\/wp\/v2\/pages\/73"}],"collection":[{"href":"https:\/\/www.stowarzyszeniekanonistow.pl\/index.php\/wp-json\/wp\/v2\/pages"}],"about":[{"href":"https:\/\/www.stowarzyszeniekanonistow.pl\/index.php\/wp-json\/wp\/v2\/types\/page"}],"author":[{"embeddable":true,"href":"https:\/\/www.stowarzyszeniekanonistow.pl\/index.php\/wp-json\/wp\/v2\/users\/1"}],"replies":[{"embeddable":true,"href":"https:\/\/www.stowarzyszeniekanonistow.pl\/index.php\/wp-json\/wp\/v2\/comments?post=73"}],"version-history":[{"count":5,"href":"https:\/\/www.stowarzyszeniekanonistow.pl\/index.php\/wp-json\/wp\/v2\/pages\/73\/revisions"}],"predecessor-version":[{"id":348,"href":"https:\/\/www.stowarzyszeniekanonistow.pl\/index.php\/wp-json\/wp\/v2\/pages\/73\/revisions\/348"}],"wp:attachment":[{"href":"https:\/\/www.stowarzyszeniekanonistow.pl\/index.php\/wp-json\/wp\/v2\/media?parent=73"}],"curies":[{"name":"wp","href":"https:\/\/api.w.org\/{rel}","templated":true}]}}