{"id":85,"date":"2020-04-22T00:18:48","date_gmt":"2020-04-21T22:18:48","guid":{"rendered":"http:\/\/serwer1601727.home.pl\/autoinstalator\/wordpressplugins1\/?page_id=85"},"modified":"2022-01-11T11:28:13","modified_gmt":"2022-01-11T10:28:13","slug":"recenzenci","status":"publish","type":"page","link":"https:\/\/www.stowarzyszeniekanonistow.pl\/index.php\/recenzenci\/","title":{"rendered":"Recenzenci"},"content":{"rendered":"\t\t<div data-elementor-type=\"wp-page\" data-elementor-id=\"85\" class=\"elementor elementor-85\" data-elementor-post-type=\"page\">\n\t\t\t\t\t\t<section class=\"elementor-section elementor-top-section elementor-element elementor-element-7156a64 elementor-section-boxed elementor-section-height-default elementor-section-height-default\" data-id=\"7156a64\" data-element_type=\"section\" data-settings=\"{&quot;_ha_eqh_enable&quot;:false}\">\n\t\t\t\t\t\t<div class=\"elementor-container elementor-column-gap-default\">\n\t\t\t\t\t<div class=\"elementor-column elementor-col-100 elementor-top-column elementor-element elementor-element-cfc6523\" data-id=\"cfc6523\" data-element_type=\"column\">\n\t\t\t<div class=\"elementor-widget-wrap elementor-element-populated\">\n\t\t\t\t\t\t<div class=\"elementor-element elementor-element-b5f2723 elementor-widget elementor-widget-text-editor\" data-id=\"b5f2723\" data-element_type=\"widget\" data-widget_type=\"text-editor.default\">\n\t\t\t\t<div class=\"elementor-widget-container\">\n\t\t\t\t\t\t\t<p style=\"text-align: center;\"><span style=\"color: #008000;\"><strong>\u201eBiuletyn Stowarzyszenia Kanonist\u00f3w Polskich\u201d XXXI (2021), nr 34<\/strong><\/span><\/p>\n<p style=\"text-align: center;\"><span style=\"color: #000000;\">O. dr Stanis\u0142aw Kawa (Instytut Teologiczny im. \u015awi\u0119tego J\u00f3zefa Bilczewskiego we Lwowie, Ukraina); Ks. prof. dr hab. J\u00f3zef Krukowski (PAN, Polska); Ks. dr Pawe\u0142 Lewandowski (UPJPII, Polska);&nbsp; Ks. dr hab. Jozef Mar\u010din (Uniwersytet Katolicki w Ru\u017comberku, S\u0142owacja); <\/span><span style=\"color: #000000;\">Dr Michaela Morav\u010dikov\u00e1 (Uniwersytet Trnawski w Trnawie, S\u0142owacja)<\/span><\/p>\n<p style=\"text-align: center;\"><strong>***************<\/strong><\/p>\n<p style=\"text-align: center;\"><span style=\"color: #008000;\"><strong>\u201eBiuletyn Stowarzyszenia Kanonist\u00f3w Polskich\u201d XXX (2020), nr 33<\/strong><\/span><\/p>\n<p style=\"text-align: center;\"><span style=\"color: #000000;\">O. dr hab. Stanis\u0142aw Kawa (Instytut Teologiczny im. \u015awi\u0119tego J\u00f3zefa Bilczewskiego we Lwowie, Ukraina); Ks. prof. dr hab. J\u00f3zef Krukowski (PAN, Polska); Ks. dr Pawe\u0142 Lewandowski (UPJPII, Polska);&nbsp; Ks. dr hab. Jozef Mar\u010din (Uniwersytet Katolicki w Ru\u017comberku, S\u0142owacja); <\/span><span style=\"color: #000000;\">Dr Michaela Morav\u010dikov\u00e1 (Uniwersytet Trnawski w Trnawie, S\u0142owacja); Dr Agnieszka Romanko (KUL, Polska); Ks. dr hab. Miros\u0142aw Sitarz, prof. KUL (KUL, Polska); <\/span><br><span style=\"color: #000000;\">Ks. prof. dr hab. Wies\u0142aw Wenz (PWT we Wroc\u0142awiu, Polska)<\/span><\/p>\n<p style=\"text-align: center;\"><strong>***************<\/strong><\/p>\n<p style=\"text-align: center;\"><span style=\"color: #008000;\"><strong>\u201eBiuletyn Stowarzyszenia Kanonist\u00f3w Polskich\u201d XXIX (2019), nr 32<\/strong><\/span><\/p>\n<p style=\"text-align: center;\"><span style=\"color: #000000;\">Ks. dr hab. Leszek Adamowicz (KUL, Polska); Ks. prof. dr hab. Artur Katolo (Papieski Wydzia\u0142 Teologiczny Po\u0142udniowych W\u0142och, W\u0142ochy); Ks. dr Milo\u0161 Koh\u00fatek (Uniwersytet Kome\u0144skiego w Bratys\u0142awie, S\u0142owacja); Ks. dr hab. Jozef Mar\u010din (Uniwersytet Katolicki w Ru\u017comberku, S\u0142owacja); Ks. dr hab. Miros\u0142aw Sitarz, prof. KUL (Polska); O. prof. dr hab. Zbigniew Suchecki (Papieski Instytut Antonianum, W\u0142ochy); S. dr hab. Bo\u017cena Szewczul, prof. UKSW (Polska); Ks. dr hab. Lucjan \u015awito, prof. UWM (Polska)<\/span><\/p>\n<p style=\"text-align: center;\"><strong>***************<\/strong><\/p>\n<p style=\"text-align: center;\"><span style=\"color: #008000;\"><strong>&nbsp;<\/strong><strong>\u201eBiuletyn Stowarzyszenia Kanonist\u00f3w Polskich\u201d XXVIII (2018), nr 31<\/strong><\/span><\/p>\n<p style=\"text-align: center;\"><span style=\"color: #000000;\">Damian N\u00eamec (Cyrilometod\u011bjsk\u00e1 Teologick\u00e1 Fakulta Univerzity Palack\u00e9go, Czechy); Miros\u0142aw Sitarz (KUL, Polska); Vytautas S. Vai\u010di\u016bnas (Uniwersytet Witolda Wielkiego w Kownie, Litwa)<\/span><\/p>\n<p style=\"text-align: center;\"><strong>***************<\/strong><\/p>\n<p style=\"text-align: center;\"><span style=\"color: #008000;\"><strong>\u201eBiuletyn Stowarzyszenia Kanonist\u00f3w Polskich\u201d XXVII (2017), nr 30<\/strong><\/span><\/p>\n<p style=\"text-align: center;\"><span style=\"color: #000000;\">Damian N\u00eamec (Cyrilometod\u011bjsk\u00e1 Teologick\u00e1 Fakulta Univerzity Palack\u00e9go, Czechy); Wies\u0142aw Bar (KUL, Polska)<\/span><\/p>\n<p style=\"text-align: center;\"><strong>***************<\/strong><\/p>\n<p style=\"text-align: center;\"><span style=\"color: #008000;\"><strong>\u201eBiuletyn Stowarzyszenia Kanonist\u00f3w Polskich\u201d XXVI (2016), nr 29<\/strong><\/span><\/p>\n<p style=\"text-align: center;\"><span style=\"color: #000000;\">Damian N\u00eamec (Cyrilometod\u011bjsk\u00e1 Teologick\u00e1 Fakulta Univerzity Palack\u00e9go, Czechy); Miros\u0142aw Sitarz (KUL, Polska); Vytautas S. Vai\u010di\u016bnas (Uniwersytet Witolda Wielkiego w Kownie, Litwa)<\/span><\/p>\t\t\t\t\t\t<\/div>\n\t\t\t\t<\/div>\n\t\t\t\t\t<\/div>\n\t\t<\/div>\n\t\t\t\t\t<\/div>\n\t\t<\/section>\n\t\t\t\t<\/div>\n\t\t","protected":false},"excerpt":{"rendered":"<p>\u201eBiuletyn Stowarzyszenia Kanonist\u00f3w Polskich\u201d XXXI (2021), nr 34 O. dr Stanis\u0142aw Kawa (Instytut Teologiczny im. \u015awi\u0119tego J\u00f3zefa Bilczewskiego we Lwowie, Ukraina); Ks. prof. dr hab. J\u00f3zef Krukowski (PAN, Polska); Ks. dr Pawe\u0142 Lewandowski (UPJPII, Polska);&nbsp; Ks. dr hab. Jozef Mar\u010din (Uniwersytet Katolicki w Ru\u017comberku, S\u0142owacja); Dr Michaela Morav\u010dikov\u00e1 (Uniwersytet Trnawski w Trnawie, S\u0142owacja) *************** \u201eBiuletyn Stowarzyszenia Kanonist\u00f3w Polskich\u201d\u2026 <span class=\"read-more\"><a href=\"https:\/\/www.stowarzyszeniekanonistow.pl\/index.php\/recenzenci\/\">Read More &raquo;<\/a><\/span><\/p>\n","protected":false},"author":1,"featured_media":0,"parent":0,"menu_order":0,"comment_status":"closed","ping_status":"closed","template":"","meta":{"footnotes":""},"class_list":["post-85","page","type-page","status-publish","hentry"],"yoast_head":"<!-- This site is optimized with the Yoast SEO plugin v23.4 - https:\/\/yoast.com\/wordpress\/plugins\/seo\/ -->\n<title>Recenzenci - Stowarzyszenie Kanonist\u00f3w Polskich<\/title>\n<meta name=\"robots\" content=\"index, follow, max-snippet:-1, max-image-preview:large, max-video-preview:-1\" \/>\n<link rel=\"canonical\" href=\"https:\/\/www.stowarzyszeniekanonistow.pl\/index.php\/recenzenci\/\" \/>\n<meta property=\"og:locale\" content=\"pl_PL\" \/>\n<meta property=\"og:type\" content=\"article\" \/>\n<meta property=\"og:title\" content=\"Recenzenci - Stowarzyszenie Kanonist\u00f3w Polskich\" \/>\n<meta property=\"og:description\" content=\"\u201eBiuletyn Stowarzyszenia Kanonist\u00f3w Polskich\u201d XXXI (2021), nr 34 O. dr Stanis\u0142aw Kawa (Instytut Teologiczny im. \u015awi\u0119tego J\u00f3zefa Bilczewskiego we Lwowie, Ukraina); Ks. prof. dr hab. J\u00f3zef Krukowski (PAN, Polska); Ks. dr Pawe\u0142 Lewandowski (UPJPII, Polska);&nbsp; Ks. dr hab. Jozef Mar\u010din (Uniwersytet Katolicki w Ru\u017comberku, S\u0142owacja); Dr Michaela Morav\u010dikov\u00e1 (Uniwersytet Trnawski w Trnawie, S\u0142owacja) *************** \u201eBiuletyn Stowarzyszenia Kanonist\u00f3w Polskich\u201d\u2026 Read More &raquo;\" \/>\n<meta property=\"og:url\" content=\"https:\/\/www.stowarzyszeniekanonistow.pl\/index.php\/recenzenci\/\" \/>\n<meta property=\"og:site_name\" content=\"Stowarzyszenie Kanonist\u00f3w Polskich\" \/>\n<meta property=\"article:modified_time\" content=\"2022-01-11T10:28:13+00:00\" \/>\n<meta name=\"twitter:card\" content=\"summary_large_image\" \/>\n<meta name=\"twitter:label1\" content=\"Szacowany czas czytania\" \/>\n\t<meta name=\"twitter:data1\" content=\"2 minuty\" \/>\n<script type=\"application\/ld+json\" class=\"yoast-schema-graph\">{\"@context\":\"https:\/\/schema.org\",\"@graph\":[{\"@type\":\"WebPage\",\"@id\":\"https:\/\/www.stowarzyszeniekanonistow.pl\/index.php\/recenzenci\/\",\"url\":\"https:\/\/www.stowarzyszeniekanonistow.pl\/index.php\/recenzenci\/\",\"name\":\"Recenzenci - Stowarzyszenie Kanonist\u00f3w Polskich\",\"isPartOf\":{\"@id\":\"https:\/\/www.stowarzyszeniekanonistow.pl\/#website\"},\"datePublished\":\"2020-04-21T22:18:48+00:00\",\"dateModified\":\"2022-01-11T10:28:13+00:00\",\"breadcrumb\":{\"@id\":\"https:\/\/www.stowarzyszeniekanonistow.pl\/index.php\/recenzenci\/#breadcrumb\"},\"inLanguage\":\"pl-PL\",\"potentialAction\":[{\"@type\":\"ReadAction\",\"target\":[\"https:\/\/www.stowarzyszeniekanonistow.pl\/index.php\/recenzenci\/\"]}]},{\"@type\":\"BreadcrumbList\",\"@id\":\"https:\/\/www.stowarzyszeniekanonistow.pl\/index.php\/recenzenci\/#breadcrumb\",\"itemListElement\":[{\"@type\":\"ListItem\",\"position\":1,\"name\":\"Strona g\u0142\u00f3wna\",\"item\":\"https:\/\/www.stowarzyszeniekanonistow.pl\/\"},{\"@type\":\"ListItem\",\"position\":2,\"name\":\"Recenzenci\"}]},{\"@type\":\"WebSite\",\"@id\":\"https:\/\/www.stowarzyszeniekanonistow.pl\/#website\",\"url\":\"https:\/\/www.stowarzyszeniekanonistow.pl\/\",\"name\":\"Stowarzyszenie Kanonist\u00f3w Polskich\",\"description\":\"\",\"publisher\":{\"@id\":\"https:\/\/www.stowarzyszeniekanonistow.pl\/#organization\"},\"potentialAction\":[{\"@type\":\"SearchAction\",\"target\":{\"@type\":\"EntryPoint\",\"urlTemplate\":\"https:\/\/www.stowarzyszeniekanonistow.pl\/?s={search_term_string}\"},\"query-input\":{\"@type\":\"PropertyValueSpecification\",\"valueRequired\":true,\"valueName\":\"search_term_string\"}}],\"inLanguage\":\"pl-PL\"},{\"@type\":\"Organization\",\"@id\":\"https:\/\/www.stowarzyszeniekanonistow.pl\/#organization\",\"name\":\"Stowarzyszenie Kanonist\u00f3w Polskich\",\"url\":\"https:\/\/www.stowarzyszeniekanonistow.pl\/\",\"logo\":{\"@type\":\"ImageObject\",\"inLanguage\":\"pl-PL\",\"@id\":\"https:\/\/www.stowarzyszeniekanonistow.pl\/#\/schema\/logo\/image\/\",\"url\":\"http:\/\/www.stowarzyszeniekanonistow.pl\/wp-content\/uploads\/2020\/04\/SKP_logo.gif\",\"contentUrl\":\"http:\/\/www.stowarzyszeniekanonistow.pl\/wp-content\/uploads\/2020\/04\/SKP_logo.gif\",\"width\":560,\"height\":548,\"caption\":\"Stowarzyszenie Kanonist\u00f3w Polskich\"},\"image\":{\"@id\":\"https:\/\/www.stowarzyszeniekanonistow.pl\/#\/schema\/logo\/image\/\"}}]}<\/script>\n<!-- \/ Yoast SEO plugin. -->","yoast_head_json":{"title":"Recenzenci - Stowarzyszenie Kanonist\u00f3w Polskich","robots":{"index":"index","follow":"follow","max-snippet":"max-snippet:-1","max-image-preview":"max-image-preview:large","max-video-preview":"max-video-preview:-1"},"canonical":"https:\/\/www.stowarzyszeniekanonistow.pl\/index.php\/recenzenci\/","og_locale":"pl_PL","og_type":"article","og_title":"Recenzenci - Stowarzyszenie Kanonist\u00f3w Polskich","og_description":"\u201eBiuletyn Stowarzyszenia Kanonist\u00f3w Polskich\u201d XXXI (2021), nr 34 O. dr Stanis\u0142aw Kawa (Instytut Teologiczny im. \u015awi\u0119tego J\u00f3zefa Bilczewskiego we Lwowie, Ukraina); Ks. prof. dr hab. J\u00f3zef Krukowski (PAN, Polska); Ks. dr Pawe\u0142 Lewandowski (UPJPII, Polska);&nbsp; Ks. dr hab. Jozef Mar\u010din (Uniwersytet Katolicki w Ru\u017comberku, S\u0142owacja); Dr Michaela Morav\u010dikov\u00e1 (Uniwersytet Trnawski w Trnawie, S\u0142owacja) *************** \u201eBiuletyn Stowarzyszenia Kanonist\u00f3w Polskich\u201d\u2026 Read More &raquo;","og_url":"https:\/\/www.stowarzyszeniekanonistow.pl\/index.php\/recenzenci\/","og_site_name":"Stowarzyszenie Kanonist\u00f3w Polskich","article_modified_time":"2022-01-11T10:28:13+00:00","twitter_card":"summary_large_image","twitter_misc":{"Szacowany czas czytania":"2 minuty"},"schema":{"@context":"https:\/\/schema.org","@graph":[{"@type":"WebPage","@id":"https:\/\/www.stowarzyszeniekanonistow.pl\/index.php\/recenzenci\/","url":"https:\/\/www.stowarzyszeniekanonistow.pl\/index.php\/recenzenci\/","name":"Recenzenci - Stowarzyszenie Kanonist\u00f3w Polskich","isPartOf":{"@id":"https:\/\/www.stowarzyszeniekanonistow.pl\/#website"},"datePublished":"2020-04-21T22:18:48+00:00","dateModified":"2022-01-11T10:28:13+00:00","breadcrumb":{"@id":"https:\/\/www.stowarzyszeniekanonistow.pl\/index.php\/recenzenci\/#breadcrumb"},"inLanguage":"pl-PL","potentialAction":[{"@type":"ReadAction","target":["https:\/\/www.stowarzyszeniekanonistow.pl\/index.php\/recenzenci\/"]}]},{"@type":"BreadcrumbList","@id":"https:\/\/www.stowarzyszeniekanonistow.pl\/index.php\/recenzenci\/#breadcrumb","itemListElement":[{"@type":"ListItem","position":1,"name":"Strona g\u0142\u00f3wna","item":"https:\/\/www.stowarzyszeniekanonistow.pl\/"},{"@type":"ListItem","position":2,"name":"Recenzenci"}]},{"@type":"WebSite","@id":"https:\/\/www.stowarzyszeniekanonistow.pl\/#website","url":"https:\/\/www.stowarzyszeniekanonistow.pl\/","name":"Stowarzyszenie Kanonist\u00f3w Polskich","description":"","publisher":{"@id":"https:\/\/www.stowarzyszeniekanonistow.pl\/#organization"},"potentialAction":[{"@type":"SearchAction","target":{"@type":"EntryPoint","urlTemplate":"https:\/\/www.stowarzyszeniekanonistow.pl\/?s={search_term_string}"},"query-input":{"@type":"PropertyValueSpecification","valueRequired":true,"valueName":"search_term_string"}}],"inLanguage":"pl-PL"},{"@type":"Organization","@id":"https:\/\/www.stowarzyszeniekanonistow.pl\/#organization","name":"Stowarzyszenie Kanonist\u00f3w Polskich","url":"https:\/\/www.stowarzyszeniekanonistow.pl\/","logo":{"@type":"ImageObject","inLanguage":"pl-PL","@id":"https:\/\/www.stowarzyszeniekanonistow.pl\/#\/schema\/logo\/image\/","url":"http:\/\/www.stowarzyszeniekanonistow.pl\/wp-content\/uploads\/2020\/04\/SKP_logo.gif","contentUrl":"http:\/\/www.stowarzyszeniekanonistow.pl\/wp-content\/uploads\/2020\/04\/SKP_logo.gif","width":560,"height":548,"caption":"Stowarzyszenie Kanonist\u00f3w Polskich"},"image":{"@id":"https:\/\/www.stowarzyszeniekanonistow.pl\/#\/schema\/logo\/image\/"}}]}},"_links":{"self":[{"href":"https:\/\/www.stowarzyszeniekanonistow.pl\/index.php\/wp-json\/wp\/v2\/pages\/85"}],"collection":[{"href":"https:\/\/www.stowarzyszeniekanonistow.pl\/index.php\/wp-json\/wp\/v2\/pages"}],"about":[{"href":"https:\/\/www.stowarzyszeniekanonistow.pl\/index.php\/wp-json\/wp\/v2\/types\/page"}],"author":[{"embeddable":true,"href":"https:\/\/www.stowarzyszeniekanonistow.pl\/index.php\/wp-json\/wp\/v2\/users\/1"}],"replies":[{"embeddable":true,"href":"https:\/\/www.stowarzyszeniekanonistow.pl\/index.php\/wp-json\/wp\/v2\/comments?post=85"}],"version-history":[{"count":20,"href":"https:\/\/www.stowarzyszeniekanonistow.pl\/index.php\/wp-json\/wp\/v2\/pages\/85\/revisions"}],"predecessor-version":[{"id":1036,"href":"https:\/\/www.stowarzyszeniekanonistow.pl\/index.php\/wp-json\/wp\/v2\/pages\/85\/revisions\/1036"}],"wp:attachment":[{"href":"https:\/\/www.stowarzyszeniekanonistow.pl\/index.php\/wp-json\/wp\/v2\/media?parent=85"}],"curies":[{"name":"wp","href":"https:\/\/api.w.org\/{rel}","templated":true}]}}